{"id":93404,"date":"2024-11-01T21:40:40","date_gmt":"2024-11-01T19:40:40","guid":{"rendered":"https:\/\/staging5.peach-pump.com\/products\/modra-podprsenka-obratene-svy\/"},"modified":"2025-07-23T07:23:43","modified_gmt":"2025-07-23T05:23:43","slug":"modra-podprsenka-obratene-svy","status":"publish","type":"product","link":"https:\/\/staging5.peach-pump.com\/sk\/products\/modra-podprsenka-obratene-svy\/","title":{"rendered":"Tmavomodr\u00e1 podprsenka s 3D obr\u00e1ten\u00fdmi \u0161vami"},"content":{"rendered":"<p>Tmavomodr\u00e1 podprsenka s efektn\u00fdmi 3D obr\u00e1ten\u00fdmi \u0161vami a tenk\u00fdmi ramienkami. Dizajn podprsenky je modern\u00fd, m\u00e1 vypch\u00e1vky so zdv\u00edhac\u00edm efektom, ktor\u00e9 sa daj\u00fa odstr\u00e1ni\u0165. Tkanina je m\u00e4kk\u00e1 a elastick\u00e1 a poskytuje pocit pohodlia a komfortu po\u010das cvi\u010denia. \u0160portov\u00e1 podprsenka je dostupn\u00e1 v troch trendov\u00fdch farb\u00e1ch na t\u00fato sez\u00f3nu, mo\u017eno ho skombinova\u0165 s leg\u00ednami v rovnakom vzore.   <\/p>\n<ul>\n<li>Modern\u00fd dizajn<\/li>\n<li>Elastick\u00e1 tkanina<\/li>\n<li>Ve\u013ekolep\u00e9 3D \u0161vy<\/li>\n<li>Vypch\u00e1vky s Push-Up efektom, ktor\u00e9 sa d\u00e1 odstr\u00e1ni\u0165<\/li>\n<li>Tenk\u00e9 ramienka<\/li>\n<li>Tepelne vytla\u010den\u00e9 logo Peach Pump na boku podprsenky<\/li>\n<li>Tkanina odv\u00e1dzaj\u00faca vlhkos\u0165<\/li>\n<\/ul>\n<p>Zlo\u017eenie: 80% polyester, 20% spandex<\/p>\n<p>Podprsenku je mo\u017en\u00e9 pra\u0165 pri teplote do 30\u00b0C. Nepou\u017e\u00edva\u0165 bielenie alebo chemick\u00e9 \u010distenie.<\/p>\n<p>Modelka na obr\u00e1zku je vysok\u00e1 178 cm, v\u00e1\u017ei 54 kg a p\u00f3zuje vo ve\u013ekosti S.<\/p>\n<p>Na v\u00fdber presnej ve\u013ekosti pou\u017eite tabu\u013eky.<\/p>\n","protected":false},"excerpt":{"rendered":"<p>Tmavomodr\u00e1 podprsenka s efektn\u00fdmi 3D obr\u00e1ten\u00fdmi \u0161vami a tenk\u00fdmi ramienkami. Dizajn podprsenky je modern\u00fd, m\u00e1 vypch\u00e1vky so zdv\u00edhac\u00edm efektom, ktor\u00e9 sa daj\u00fa odstr\u00e1ni\u0165. Tkanina je m\u00e4kk\u00e1 a elastick\u00e1 a poskytuje pocit pohodlia a komfortu po\u010das cvi\u010denia. \u0160portov\u00e1 podprsenka je dostupn\u00e1 v troch trendov\u00fdch farb\u00e1ch na t\u00fato sez\u00f3nu, mo\u017eno ho skombinova\u0165 s leg\u00ednami v rovnakom vzore. [&hellip;]<\/p>\n","protected":false},"featured_media":91952,"comment_status":"open","ping_status":"closed","template":"","meta":[],"product_brand":[],"product_cat":[371],"product_tag":[],"class_list":{"0":"post-93404","1":"product","2":"type-product","3":"status-publish","4":"has-post-thumbnail","6":"product_cat-damske-sportovni-podprsenky","7":"pa_cviat-modr-sk","8":"pa_razmer-l-sk","9":"pa_razmer-m-sk-2","10":"pa_razmer-s-sk-2","11":"inventories-world","12":"inventories-uk","14":"first","15":"instock","16":"sale","17":"taxable","18":"shipping-taxable","19":"purchasable","20":"product-type-variable"},"_links":{"self":[{"href":"https:\/\/staging5.peach-pump.com\/sk\/wp-json\/wp\/v2\/product\/93404","targetHints":{"allow":["GET"]}}],"collection":[{"href":"https:\/\/staging5.peach-pump.com\/sk\/wp-json\/wp\/v2\/product"}],"about":[{"href":"https:\/\/staging5.peach-pump.com\/sk\/wp-json\/wp\/v2\/types\/product"}],"replies":[{"embeddable":true,"href":"https:\/\/staging5.peach-pump.com\/sk\/wp-json\/wp\/v2\/comments?post=93404"}],"version-history":[{"count":1,"href":"https:\/\/staging5.peach-pump.com\/sk\/wp-json\/wp\/v2\/product\/93404\/revisions"}],"predecessor-version":[{"id":108818,"href":"https:\/\/staging5.peach-pump.com\/sk\/wp-json\/wp\/v2\/product\/93404\/revisions\/108818"}],"wp:featuredmedia":[{"embeddable":true,"href":"https:\/\/staging5.peach-pump.com\/sk\/wp-json\/wp\/v2\/media\/91952"}],"wp:attachment":[{"href":"https:\/\/staging5.peach-pump.com\/sk\/wp-json\/wp\/v2\/media?parent=93404"}],"wp:term":[{"taxonomy":"product_brand","embeddable":true,"href":"https:\/\/staging5.peach-pump.com\/sk\/wp-json\/wp\/v2\/product_brand?post=93404"},{"taxonomy":"product_cat","embeddable":true,"href":"https:\/\/staging5.peach-pump.com\/sk\/wp-json\/wp\/v2\/product_cat?post=93404"},{"taxonomy":"product_tag","embeddable":true,"href":"https:\/\/staging5.peach-pump.com\/sk\/wp-json\/wp\/v2\/product_tag?post=93404"}],"curies":[{"name":"wp","href":"https:\/\/api.w.org\/{rel}","templated":true}]}}