{"id":93076,"date":"2024-11-01T21:24:11","date_gmt":"2024-11-01T19:24:11","guid":{"rendered":"https:\/\/staging5.peach-pump.com\/products\/hnede-leginy-obratene-svy\/"},"modified":"2025-07-31T00:09:07","modified_gmt":"2025-07-30T22:09:07","slug":"hnede-leginy-obratene-svy","status":"publish","type":"product","link":"https:\/\/staging5.peach-pump.com\/sk\/products\/hnede-leginy-obratene-svy\/","title":{"rendered":"Hned\u00e9 leg\u00edny s 3D obr\u00e1ten\u00fdmi \u0161vami"},"content":{"rendered":"<p>D\u00e1mske \u0161portov\u00e9 hned\u00e9 leg\u00edny s efektn\u00fdmi 3D obr\u00e1ten\u00fdmi \u0161vami. Tento model m\u00e1 modern\u00fd dizajn , \u0161vy kop\u00edruj\u00fa krivky tela a tvaruj\u00fa ho. Tkanina leg\u00edn je m\u00e4kk\u00e1 a pru\u017en\u00e1, poskytuje \u00fapln\u00fa vo\u013enos\u0165 pohybu a pohodlie po\u010das \u0161portovania, m\u00e1 skryt\u00fa gumu, a tak predl\u017euje postavu. Leg\u00edny s\u00fa k dispoz\u00edcii v troch trendov\u00fdch farb\u00e1ch na t\u00fato sez\u00f3nu, mo\u017eno ich kombinova\u0165 s podprsenkou v rovnakom vzore.   <\/p>\n<ul>\n<li>Elastick\u00e1 tkanina<\/li>\n<li>Tepelne vytla\u010den\u00e9 logo Peach Pump na prednej strane leg\u00edn<\/li>\n<li>Ve\u013ekolep\u00e9 3D \u0161vy<\/li>\n<li>Skryt\u00e1 guma v p\u00e1se<\/li>\n<li>Tkanina odv\u00e1dzaj\u00faca vlhkos\u0165<\/li>\n<li>Bez Peachy efektu<\/li>\n<\/ul>\n<p>Zlo\u017eenie: 80% polyester, 20% spandex<\/p>\n<p>Leg\u00edny je mo\u017en\u00e9 pra\u0165 pri teplote do 30 \u00b0C. Nepou\u017e\u00edva\u0165 bielenie alebo chemick\u00e9 \u010distenie.<\/p>\n<p>Modelka na fotografii je vysok\u00e1 178 cm, v\u00e1\u017ei 54 kg a p\u00f3zuje vo ve\u013ekosti S.<\/p>\n<p>Na v\u00fdber presnej ve\u013ekosti pou\u017eite tabu\u013eky.<\/p>\n<p>&nbsp;<\/p>\n","protected":false},"excerpt":{"rendered":"<p>D\u00e1mske \u0161portov\u00e9 hned\u00e9 leg\u00edny s efektn\u00fdmi 3D obr\u00e1ten\u00fdmi \u0161vami. Tento model m\u00e1 modern\u00fd dizajn , \u0161vy kop\u00edruj\u00fa krivky tela a tvaruj\u00fa ho. Tkanina leg\u00edn je m\u00e4kk\u00e1 a pru\u017en\u00e1, poskytuje \u00fapln\u00fa vo\u013enos\u0165 pohybu a pohodlie po\u010das \u0161portovania, m\u00e1 skryt\u00fa gumu, a tak predl\u017euje postavu. Leg\u00edny s\u00fa k dispoz\u00edcii v troch trendov\u00fdch farb\u00e1ch na t\u00fato sez\u00f3nu, mo\u017eno [&hellip;]<\/p>\n","protected":false},"featured_media":91881,"comment_status":"open","ping_status":"closed","template":"","meta":[],"product_brand":[],"product_cat":[148,313],"product_tag":[],"class_list":{"0":"post-93076","1":"product","2":"type-product","3":"status-publish","4":"has-post-thumbnail","6":"product_cat-damske-sportove-leginy","7":"product_cat-damske-leginy-dlhe","8":"pa_cviat-hneda-sk","9":"pa_razmer-l-sk","10":"pa_razmer-m-sk-2","11":"pa_razmer-s-sk-2","12":"inventories-world","13":"inventories-uk","15":"first","16":"instock","17":"sale","18":"taxable","19":"shipping-taxable","20":"purchasable","21":"product-type-variable"},"_links":{"self":[{"href":"https:\/\/staging5.peach-pump.com\/sk\/wp-json\/wp\/v2\/product\/93076","targetHints":{"allow":["GET"]}}],"collection":[{"href":"https:\/\/staging5.peach-pump.com\/sk\/wp-json\/wp\/v2\/product"}],"about":[{"href":"https:\/\/staging5.peach-pump.com\/sk\/wp-json\/wp\/v2\/types\/product"}],"replies":[{"embeddable":true,"href":"https:\/\/staging5.peach-pump.com\/sk\/wp-json\/wp\/v2\/comments?post=93076"}],"version-history":[{"count":1,"href":"https:\/\/staging5.peach-pump.com\/sk\/wp-json\/wp\/v2\/product\/93076\/revisions"}],"predecessor-version":[{"id":108827,"href":"https:\/\/staging5.peach-pump.com\/sk\/wp-json\/wp\/v2\/product\/93076\/revisions\/108827"}],"wp:featuredmedia":[{"embeddable":true,"href":"https:\/\/staging5.peach-pump.com\/sk\/wp-json\/wp\/v2\/media\/91881"}],"wp:attachment":[{"href":"https:\/\/staging5.peach-pump.com\/sk\/wp-json\/wp\/v2\/media?parent=93076"}],"wp:term":[{"taxonomy":"product_brand","embeddable":true,"href":"https:\/\/staging5.peach-pump.com\/sk\/wp-json\/wp\/v2\/product_brand?post=93076"},{"taxonomy":"product_cat","embeddable":true,"href":"https:\/\/staging5.peach-pump.com\/sk\/wp-json\/wp\/v2\/product_cat?post=93076"},{"taxonomy":"product_tag","embeddable":true,"href":"https:\/\/staging5.peach-pump.com\/sk\/wp-json\/wp\/v2\/product_tag?post=93076"}],"curies":[{"name":"wp","href":"https:\/\/api.w.org\/{rel}","templated":true}]}}