{"id":90762,"date":"2024-10-11T16:31:48","date_gmt":"2024-10-11T14:31:48","guid":{"rendered":"https:\/\/staging5.peach-pump.com\/products\/siltovka-bezova\/"},"modified":"2025-07-26T02:04:43","modified_gmt":"2025-07-26T00:04:43","slug":"siltovka-bezova","status":"publish","type":"product","link":"https:\/\/staging5.peach-pump.com\/sk\/products\/siltovka-bezova\/","title":{"rendered":"B\u00e9\u017eov\u00e1 \u0161iltovka Peach Pump"},"content":{"rendered":"<p>Skombinujte svoje ob\u013e\u00faben\u00e9 leg\u00edny a podprsenku s b\u00e9\u017eovou \u0161iltovka Peach Pump. V hor\u00facich letn\u00fdch mesiacoch bude dokonal\u00fdm doplnkom v\u00e1\u0161ho vzh\u013eadu a z\u00e1rove\u0148 ochr\u00e1ni va\u0161u tv\u00e1r pred ostr\u00fdm slnkom. \u0160iltovka m\u00e1 efektn\u00fd vy\u0161\u00edvan\u00fd trojrozmern\u00fd dizajn s ru\u017eov\u00fdm logom so siv\u00fdm lemovan\u00edm a motiva\u010dn\u00fdm sloganom : &#8220;Sexy, Strong, Savage&#8221;. \u0160iltovka m\u00e1 jednu ve\u013ekos\u0165, nastavuje sa pomocou kovov\u00e9ho zap\u00ednania a \u0161ilt je zakriven\u00fd. Bu\u010fte \u0161t\u00fdlov\u00e1 a odli\u0161n\u00e1 s t\u00fdmto dokonal\u00fdm doplnkom v\u00e1\u0161ho \u0161portov\u00e9ho oble\u010denia.<\/p>\n","protected":false},"excerpt":{"rendered":"<p>Skombinujte svoje ob\u013e\u00faben\u00e9 leg\u00edny a podprsenku s b\u00e9\u017eovou \u0161iltovka Peach Pump. V hor\u00facich letn\u00fdch mesiacoch bude dokonal\u00fdm doplnkom v\u00e1\u0161ho vzh\u013eadu a z\u00e1rove\u0148 ochr\u00e1ni va\u0161u tv\u00e1r pred ostr\u00fdm slnkom. \u0160iltovka m\u00e1 efektn\u00fd vy\u0161\u00edvan\u00fd trojrozmern\u00fd dizajn s ru\u017eov\u00fdm logom so siv\u00fdm lemovan\u00edm a motiva\u010dn\u00fdm sloganom : &#8220;Sexy, Strong, Savage&#8221;. \u0160iltovka m\u00e1 jednu ve\u013ekos\u0165, nastavuje sa pomocou kovov\u00e9ho [&hellip;]<\/p>\n","protected":false},"featured_media":90378,"comment_status":"open","ping_status":"closed","template":"","meta":[],"product_brand":[],"product_cat":[782],"product_tag":[],"class_list":{"0":"post-90762","1":"product","2":"type-product","3":"status-publish","4":"has-post-thumbnail","6":"product_cat-doplnky","7":"pa_cviat-bezove-sk","8":"pa_razmer-jedna-velkost","9":"inventories-world","10":"inventories-uk","12":"first","13":"instock","14":"taxable","15":"shipping-taxable","16":"purchasable","17":"product-type-variable"},"_links":{"self":[{"href":"https:\/\/staging5.peach-pump.com\/sk\/wp-json\/wp\/v2\/product\/90762","targetHints":{"allow":["GET"]}}],"collection":[{"href":"https:\/\/staging5.peach-pump.com\/sk\/wp-json\/wp\/v2\/product"}],"about":[{"href":"https:\/\/staging5.peach-pump.com\/sk\/wp-json\/wp\/v2\/types\/product"}],"replies":[{"embeddable":true,"href":"https:\/\/staging5.peach-pump.com\/sk\/wp-json\/wp\/v2\/comments?post=90762"}],"version-history":[{"count":0,"href":"https:\/\/staging5.peach-pump.com\/sk\/wp-json\/wp\/v2\/product\/90762\/revisions"}],"wp:featuredmedia":[{"embeddable":true,"href":"https:\/\/staging5.peach-pump.com\/sk\/wp-json\/wp\/v2\/media\/90378"}],"wp:attachment":[{"href":"https:\/\/staging5.peach-pump.com\/sk\/wp-json\/wp\/v2\/media?parent=90762"}],"wp:term":[{"taxonomy":"product_brand","embeddable":true,"href":"https:\/\/staging5.peach-pump.com\/sk\/wp-json\/wp\/v2\/product_brand?post=90762"},{"taxonomy":"product_cat","embeddable":true,"href":"https:\/\/staging5.peach-pump.com\/sk\/wp-json\/wp\/v2\/product_cat?post=90762"},{"taxonomy":"product_tag","embeddable":true,"href":"https:\/\/staging5.peach-pump.com\/sk\/wp-json\/wp\/v2\/product_tag?post=90762"}],"curies":[{"name":"wp","href":"https:\/\/api.w.org\/{rel}","templated":true}]}}