{"id":77619,"date":"2024-05-06T16:27:06","date_gmt":"2024-05-06T14:27:06","guid":{"rendered":"https:\/\/staging5.peach-pump.com\/products\/tricko-a-sortky-suprava\/"},"modified":"2025-07-30T13:44:19","modified_gmt":"2025-07-30T11:44:19","slug":"tricko-a-sortky-suprava","status":"publish","type":"product","link":"https:\/\/staging5.peach-pump.com\/sk\/products\/tricko-a-sortky-suprava\/","title":{"rendered":"S\u00faprava ru\u017eov\u00e9ho \u0161portov\u00e9ho tri\u010dka a \u0161ortiek"},"content":{"rendered":"<p>S\u00faprava \u0161portov\u00e9ho tri\u010dka a \u0161ortiek v ru\u017eovej farbe. Tri\u010dko m\u00e1 kr\u00e1tke ruk\u00e1vy, v\u00fdstrih do V s man\u017eetou a 3D v\u00fd\u0161ivku Peach Pump. \u0160ortky maj\u00fa vpredu vreck\u00e1 a v\u00fd\u0161ivku Peach Pump, maj\u00fa viazanky , ktor\u00fdmi sa d\u00e1 stiahnu\u0165 p\u00e1s pre v\u00e4\u010d\u0161\u00ed komfort a pohodlie po\u010das tr\u00e9ningu. Limitovan\u00e1 ed\u00edcia \u0161portov\u00e9ho modelu Peach Pump, v ktorom sa budete c\u00edti\u0165 pohodlne, slobodne a sexy.<\/p>\n<p>O tri\u010dku:<\/p>\n<ul>\n<li>Bavlnen\u00e9 tri\u010dko<\/li>\n<li>V\u00fdstrih do V s man\u017eetou<\/li>\n<li>3D v\u00fd\u0161ivka Peach Pump<\/li>\n<li>Vo\u013en\u00fd strih<\/li>\n<li>Kr\u00e1tky ruk\u00e1v<\/li>\n<\/ul>\n<p>O \u0161ortk\u00e1ch:<\/p>\n<ul>\n<li>Bavlnen\u00e9 \u0161ortky<\/li>\n<li>Ve\u013ekolep\u00fd dizajn<\/li>\n<li>Vreck\u00e1 v prednej \u010dasti<\/li>\n<li>V\u00fd\u0161ivka Peach Pump<\/li>\n<li>\u0160n\u00farky na stiahnutie v p\u00e1se<\/li>\n<\/ul>\n<p>Zlo\u017eenie: 95% bavlna, 5% elastan<\/p>\n<p>S\u00fapravu mo\u017eno pra\u0165 na 30 stup\u0148ov, nepou\u017e\u00edvajte bielidl\u00e1 ani chemick\u00e9 \u010distenie.<\/p>\n<p>Modelka na obr\u00e1zku je vysok\u00e1 170 cm, v\u00e1\u017ei 49 kg a p\u00f3zuje v tri\u010dku ve\u013ekosti S a v \u0161ortk\u00e1ch ve\u013ekosti S.<\/p>\n<p>Na v\u00fdber presnej ve\u013ekosti pou\u017eite tabu\u013eky.<\/p>\n","protected":false},"excerpt":{"rendered":"<p>S\u00faprava \u0161portov\u00e9ho tri\u010dka a \u0161ortiek v ru\u017eovej farbe. Tri\u010dko m\u00e1 kr\u00e1tke ruk\u00e1vy, v\u00fdstrih do V s man\u017eetou a 3D v\u00fd\u0161ivku Peach Pump. \u0160ortky maj\u00fa vpredu vreck\u00e1 a v\u00fd\u0161ivku Peach Pump, maj\u00fa viazanky , ktor\u00fdmi sa d\u00e1 stiahnu\u0165 p\u00e1s pre v\u00e4\u010d\u0161\u00ed komfort a pohodlie po\u010das tr\u00e9ningu. Limitovan\u00e1 ed\u00edcia \u0161portov\u00e9ho modelu Peach Pump, v ktorom sa budete [&hellip;]<\/p>\n","protected":false},"featured_media":76933,"comment_status":"open","ping_status":"closed","template":"","meta":[],"product_brand":[],"product_cat":[372,373],"product_tag":[],"class_list":{"0":"post-77619","1":"product","2":"type-product","3":"status-publish","4":"has-post-thumbnail","6":"product_cat-portov-sety","7":"product_cat-kratke-leginy-sportove-outfity","8":"pa_cviat-ruzovo","9":"inventories-world","10":"inventories-uk","12":"first","13":"instock","14":"sale","15":"taxable","16":"shipping-taxable","17":"purchasable","18":"product-type-yith_bundle"},"_links":{"self":[{"href":"https:\/\/staging5.peach-pump.com\/sk\/wp-json\/wp\/v2\/product\/77619","targetHints":{"allow":["GET"]}}],"collection":[{"href":"https:\/\/staging5.peach-pump.com\/sk\/wp-json\/wp\/v2\/product"}],"about":[{"href":"https:\/\/staging5.peach-pump.com\/sk\/wp-json\/wp\/v2\/types\/product"}],"replies":[{"embeddable":true,"href":"https:\/\/staging5.peach-pump.com\/sk\/wp-json\/wp\/v2\/comments?post=77619"}],"version-history":[{"count":1,"href":"https:\/\/staging5.peach-pump.com\/sk\/wp-json\/wp\/v2\/product\/77619\/revisions"}],"predecessor-version":[{"id":104154,"href":"https:\/\/staging5.peach-pump.com\/sk\/wp-json\/wp\/v2\/product\/77619\/revisions\/104154"}],"wp:featuredmedia":[{"embeddable":true,"href":"https:\/\/staging5.peach-pump.com\/sk\/wp-json\/wp\/v2\/media\/76933"}],"wp:attachment":[{"href":"https:\/\/staging5.peach-pump.com\/sk\/wp-json\/wp\/v2\/media?parent=77619"}],"wp:term":[{"taxonomy":"product_brand","embeddable":true,"href":"https:\/\/staging5.peach-pump.com\/sk\/wp-json\/wp\/v2\/product_brand?post=77619"},{"taxonomy":"product_cat","embeddable":true,"href":"https:\/\/staging5.peach-pump.com\/sk\/wp-json\/wp\/v2\/product_cat?post=77619"},{"taxonomy":"product_tag","embeddable":true,"href":"https:\/\/staging5.peach-pump.com\/sk\/wp-json\/wp\/v2\/product_tag?post=77619"}],"curies":[{"name":"wp","href":"https:\/\/api.w.org\/{rel}","templated":true}]}}