{"id":73296,"date":"2024-04-01T00:40:38","date_gmt":"2024-03-31T22:40:38","guid":{"rendered":"https:\/\/staging5.peach-pump.com\/products\/sportove-bezsvove-svetlosive-kratke-leginy-s-pasom-do-v-ktore-jemne-modeluju-siluetu\/"},"modified":"2025-07-31T12:54:36","modified_gmt":"2025-07-31T10:54:36","slug":"svetlosive-kratke-leginy-v-pas","status":"publish","type":"product","link":"https:\/\/staging5.peach-pump.com\/sk\/products\/svetlosive-kratke-leginy-v-pas\/","title":{"rendered":"Bez\u0161vov\u00e9 svetlosiv\u00e9 kr\u00e1tke leg\u00edny s p\u00e1som do V"},"content":{"rendered":"<p>\u0160portov\u00e9, bez\u0161vov\u00e9, svetlosiv\u00e9 kr\u00e1tke leg\u00edny s p\u00e1som do V, ktor\u00e9 jemne s\u0165ahuj\u00fa a modeluj\u00fa siluetu. Ide\u00e1lne na aer\u00f3bny alebo silov\u00fd tr\u00e9ning a pre\u010do nie na prech\u00e1dzky v parku po\u010das vo\u013en\u00e9ho \u010dasu. S t\u00fdmto modelom leg\u00edn sa budete c\u00edti\u0165 pohodlne a sexy, l\u00e1tka je bez\u0161vov\u00e1, elastick\u00e1 a dokonale prilieha k telu. Svetlo\u0161ed\u00e1 farba je v lete trendy a \u013eahko ju skombinujete so \u0161portov\u00fdm topom, podprsenkou alebo doplnkom z kolekcie Peach Pump, aby ste dokonale doplnili svoj \u0161portov\u00fd set.<\/p>\n<ul>\n<li>Vysok\u00fd V p\u00e1s<\/li>\n<li>Bez\u0161vov\u00e1 tkanina<\/li>\n<li>Zdv\u00edha, tvaruje, zakr\u00fdva probl\u00e9mov\u00e9 oblasti<\/li>\n<li>Opasok obop\u00ednaj\u00faci p\u00e1s<\/li>\n<li>Peachy efekt<\/li>\n<li>Bez\u0161vov\u00e9 vpredu<\/li>\n<li>Tepelne vytla\u010den\u00e9 Peach Pump logo na zadnej strane leg\u00edn<\/li>\n<li>Logo Peach Pump na prednej strane leg\u00edn<\/li>\n<li>Tkanina, ktor\u00e1 odv\u00e1dza vlhkos\u0165 od tela<\/li>\n<\/ul>\n<p>&nbsp;<\/p>\n<p>Zlo\u017eenie: 80% polyester, 20% spandex<\/p>\n<p>Leg\u00edny je mo\u017en\u00e9 pra\u0165 pri teplote do 30 \u00b0C. Nepou\u017e\u00edva\u0165 bielenie alebo chemick\u00e9 \u010distenie.<\/p>\n<p>Modelka na obr\u00e1zku je vysok\u00e1 165 cm, v\u00e1\u017ei 52 kg a p\u00f3zuje vo ve\u013ekosti M.<\/p>\n<p>Na v\u00fdber presnej ve\u013ekosti pou\u017eite tabu\u013eky.<\/p>\n<p><a href=\"https:\/\/staging5.peach-pump.com\/wp-content\/uploads\/2024\/04\/C274427E-CD99-455E-B65B-E536C277DEAA.png\"><img class=\"alignnone wp-image-72322 \" src=\"https:\/\/staging5.peach-pump.com\/wp-content\/uploads\/2024\/04\/C274427E-CD99-455E-B65B-E536C277DEAA.png\" alt=\"\" width=\"759\" height=\"569\" srcset=\"https:\/\/staging5.peach-pump.com\/wp-content\/uploads\/2024\/04\/C274427E-CD99-455E-B65B-E536C277DEAA.png 1024w, https:\/\/staging5.peach-pump.com\/wp-content\/uploads\/2024\/04\/C274427E-CD99-455E-B65B-E536C277DEAA-430x323.png 430w, https:\/\/staging5.peach-pump.com\/wp-content\/uploads\/2024\/04\/C274427E-CD99-455E-B65B-E536C277DEAA-150x113.png 150w, https:\/\/staging5.peach-pump.com\/wp-content\/uploads\/2024\/04\/C274427E-CD99-455E-B65B-E536C277DEAA-700x525.png 700w, https:\/\/staging5.peach-pump.com\/wp-content\/uploads\/2024\/04\/C274427E-CD99-455E-B65B-E536C277DEAA-64x48.png 64w, https:\/\/staging5.peach-pump.com\/wp-content\/uploads\/2024\/04\/C274427E-CD99-455E-B65B-E536C277DEAA-400x300.png 400w, https:\/\/staging5.peach-pump.com\/wp-content\/uploads\/2024\/04\/C274427E-CD99-455E-B65B-E536C277DEAA-768x576.png 768w, https:\/\/staging5.peach-pump.com\/wp-content\/uploads\/2024\/04\/C274427E-CD99-455E-B65B-E536C277DEAA-860x645.png 860w\" sizes=\"(max-width: 759px) 100vw, 759px\" \/><\/a><\/p>\n","protected":false},"excerpt":{"rendered":"<p>\u0160portov\u00e9, bez\u0161vov\u00e9, svetlosiv\u00e9 kr\u00e1tke leg\u00edny s p\u00e1som do V, ktor\u00e9 jemne s\u0165ahuj\u00fa a modeluj\u00fa siluetu. Ide\u00e1lne na aer\u00f3bny alebo silov\u00fd tr\u00e9ning a pre\u010do nie na prech\u00e1dzky v parku po\u010das vo\u013en\u00e9ho \u010dasu. S t\u00fdmto modelom leg\u00edn sa budete c\u00edti\u0165 pohodlne a sexy, l\u00e1tka je bez\u0161vov\u00e1, elastick\u00e1 a dokonale prilieha k telu. Svetlo\u0161ed\u00e1 farba je v lete [&hellip;]<\/p>\n","protected":false},"featured_media":72575,"comment_status":"open","ping_status":"closed","template":"","meta":[],"product_brand":[],"product_cat":[148,203],"product_tag":[],"class_list":{"0":"post-73296","1":"product","2":"type-product","3":"status-publish","4":"has-post-thumbnail","6":"product_cat-damske-sportove-leginy","7":"product_cat-kratke-leginy-sk","8":"pa_cviat-sed","9":"pa_razmer-l-sk","10":"pa_razmer-m-sk-2","11":"pa_razmer-s-sk-2","12":"inventories-world","13":"inventories-uk","15":"first","16":"instock","17":"sale","18":"taxable","19":"shipping-taxable","20":"purchasable","21":"product-type-variable"},"_links":{"self":[{"href":"https:\/\/staging5.peach-pump.com\/sk\/wp-json\/wp\/v2\/product\/73296","targetHints":{"allow":["GET"]}}],"collection":[{"href":"https:\/\/staging5.peach-pump.com\/sk\/wp-json\/wp\/v2\/product"}],"about":[{"href":"https:\/\/staging5.peach-pump.com\/sk\/wp-json\/wp\/v2\/types\/product"}],"replies":[{"embeddable":true,"href":"https:\/\/staging5.peach-pump.com\/sk\/wp-json\/wp\/v2\/comments?post=73296"}],"version-history":[{"count":0,"href":"https:\/\/staging5.peach-pump.com\/sk\/wp-json\/wp\/v2\/product\/73296\/revisions"}],"wp:featuredmedia":[{"embeddable":true,"href":"https:\/\/staging5.peach-pump.com\/sk\/wp-json\/wp\/v2\/media\/72575"}],"wp:attachment":[{"href":"https:\/\/staging5.peach-pump.com\/sk\/wp-json\/wp\/v2\/media?parent=73296"}],"wp:term":[{"taxonomy":"product_brand","embeddable":true,"href":"https:\/\/staging5.peach-pump.com\/sk\/wp-json\/wp\/v2\/product_brand?post=73296"},{"taxonomy":"product_cat","embeddable":true,"href":"https:\/\/staging5.peach-pump.com\/sk\/wp-json\/wp\/v2\/product_cat?post=73296"},{"taxonomy":"product_tag","embeddable":true,"href":"https:\/\/staging5.peach-pump.com\/sk\/wp-json\/wp\/v2\/product_tag?post=73296"}],"curies":[{"name":"wp","href":"https:\/\/api.w.org\/{rel}","templated":true}]}}