{"id":57407,"date":"2023-10-28T12:40:37","date_gmt":"2023-10-28T10:40:37","guid":{"rendered":"https:\/\/staging5.peach-pump.com\/products\/tmavozelene-sportove-leginy-s-vreckami-a-prackou\/"},"modified":"2025-07-26T21:43:28","modified_gmt":"2025-07-26T19:43:28","slug":"sportove-leginy-s-vreckami-tmavozelene","status":"publish","type":"product","link":"https:\/\/staging5.peach-pump.com\/sk\/products\/sportove-leginy-s-vreckami-tmavozelene\/","title":{"rendered":"Tmavozelen\u00e9 \u0161portov\u00e9 leg\u00edny s vreckami a prackou"},"content":{"rendered":"<p>\u0160portov\u00e9 leg\u00edny s vreckami v tmavozelenej farbe z m\u00e4kkej, elastickej tkaniny, ktor\u00e1 dokonale tvaruje telo. Tento model m\u00e1 vreck\u00e1 na zadnej strane leg\u00edn a bo\u010dn\u00e9 vrecko so zap\u00ednan\u00edm na gomb\u00edky. Bo\u010dn\u00e9 vrecko m\u00e1 efektn\u00fd prvok zap\u00ednania na pracku, v\u010faka ktor\u00e9mu je model mimoriadne zauj\u00edmav\u00fd a vhodn\u00fd do telocvi\u010dne, ako aj na vo\u013eno\u010dasov\u00e9 prech\u00e1dzky. Tieto leg\u00edny sa dokonale kombinuj\u00fa s podprsenkami, topmi a mikinami z rozsiahlej kolekcie Peach Pump.<\/p>\n<ul>\n<li> Vysok\u00fd p\u00e1s<\/li>\n<li> Peachy efekt<\/li>\n<li> Tepelne vytla\u010den\u00e9 Peach Pump logo na zadnej strane leg\u00edn<\/li>\n<li> Technol\u00f3gia odstra\u0148ovania vlhkosti z tela<\/li>\n<li>Vreck\u00e1 na zadnej strane leg\u00edn<\/li>\n<li>Bo\u010dn\u00e9 vrecko<\/li>\n<li>Bo\u010dn\u00e1 pracka<\/li>\n<\/ul>\n<p>Zlo\u017eenie: 80% polyester, 20% spandex<\/p>\n<p>Leg\u00edny je mo\u017en\u00e9 pra\u0165 pri teplote do 30 stup\u0148ov, nepou\u017e\u00edvajte bielidl\u00e1 ani chemick\u00e9 \u010distenie.<\/p>\n<p>Modelka na fotografii je vysok\u00e1 178 cm, v\u00e1\u017ei 54 kg a p\u00f3zuje vo ve\u013ekosti M.<\/p>\n<p>Na v\u00fdber presnej ve\u013ekosti pou\u017eite tabu\u013eky.<\/p>\n","protected":false},"excerpt":{"rendered":"<p>\u0160portov\u00e9 leg\u00edny s vreckami v tmavozelenej farbe z m\u00e4kkej, elastickej tkaniny, ktor\u00e1 dokonale tvaruje telo. Tento model m\u00e1 vreck\u00e1 na zadnej strane leg\u00edn a bo\u010dn\u00e9 vrecko so zap\u00ednan\u00edm na gomb\u00edky. Bo\u010dn\u00e9 vrecko m\u00e1 efektn\u00fd prvok zap\u00ednania na pracku, v\u010faka ktor\u00e9mu je model mimoriadne zauj\u00edmav\u00fd a vhodn\u00fd do telocvi\u010dne, ako aj na vo\u013eno\u010dasov\u00e9 prech\u00e1dzky. Tieto leg\u00edny [&hellip;]<\/p>\n","protected":false},"featured_media":106528,"comment_status":"open","ping_status":"closed","template":"","meta":[],"product_brand":[],"product_cat":[148,313,188],"product_tag":[],"class_list":{"0":"post-57407","1":"product","2":"type-product","3":"status-publish","4":"has-post-thumbnail","6":"product_cat-damske-sportove-leginy","7":"product_cat-damske-leginy-dlhe","8":"product_cat-leginy-s-vreckami","9":"pa_cviat-zelene-sk","10":"pa_razmer-l-sk","11":"pa_razmer-m-sk-2","12":"pa_razmer-s-sk-2","13":"inventories-world","14":"inventories-uk","16":"first","17":"instock","18":"taxable","19":"shipping-taxable","20":"purchasable","21":"product-type-variable"},"_links":{"self":[{"href":"https:\/\/staging5.peach-pump.com\/sk\/wp-json\/wp\/v2\/product\/57407","targetHints":{"allow":["GET"]}}],"collection":[{"href":"https:\/\/staging5.peach-pump.com\/sk\/wp-json\/wp\/v2\/product"}],"about":[{"href":"https:\/\/staging5.peach-pump.com\/sk\/wp-json\/wp\/v2\/types\/product"}],"replies":[{"embeddable":true,"href":"https:\/\/staging5.peach-pump.com\/sk\/wp-json\/wp\/v2\/comments?post=57407"}],"version-history":[{"count":1,"href":"https:\/\/staging5.peach-pump.com\/sk\/wp-json\/wp\/v2\/product\/57407\/revisions"}],"predecessor-version":[{"id":111346,"href":"https:\/\/staging5.peach-pump.com\/sk\/wp-json\/wp\/v2\/product\/57407\/revisions\/111346"}],"wp:featuredmedia":[{"embeddable":true,"href":"https:\/\/staging5.peach-pump.com\/sk\/wp-json\/wp\/v2\/media\/106528"}],"wp:attachment":[{"href":"https:\/\/staging5.peach-pump.com\/sk\/wp-json\/wp\/v2\/media?parent=57407"}],"wp:term":[{"taxonomy":"product_brand","embeddable":true,"href":"https:\/\/staging5.peach-pump.com\/sk\/wp-json\/wp\/v2\/product_brand?post=57407"},{"taxonomy":"product_cat","embeddable":true,"href":"https:\/\/staging5.peach-pump.com\/sk\/wp-json\/wp\/v2\/product_cat?post=57407"},{"taxonomy":"product_tag","embeddable":true,"href":"https:\/\/staging5.peach-pump.com\/sk\/wp-json\/wp\/v2\/product_tag?post=57407"}],"curies":[{"name":"wp","href":"https:\/\/api.w.org\/{rel}","templated":true}]}}