{"id":55799,"date":"2023-10-12T14:26:05","date_gmt":"2023-10-12T12:26:05","guid":{"rendered":"https:\/\/staging5.peach-pump.com\/products\/damska-sportova-mikina-so-zipsom-a-vreckami-v-bezovej-farbe\/"},"modified":"2025-06-02T10:29:59","modified_gmt":"2025-06-02T08:29:59","slug":"damska-sportova-mikina-bezovej-farby","status":"publish","type":"product","link":"https:\/\/staging5.peach-pump.com\/sk\/products\/damska-sportova-mikina-bezovej-farby\/","title":{"rendered":"D\u00e1mska \u0161portov\u00e1 mikina so zipsom a vreckami v b\u00e9\u017eovej farbe"},"content":{"rendered":"<p>D\u00e1mska \u0161portov\u00e1 mikina s vreckami v jesennej b\u00e9\u017eovej farbe, so zipsom a otvormi na palce na ruk\u00e1voch, tak\u017ee sa v\u00e1m ruk\u00e1vy po\u010das tr\u00e9ningu, behu alebo jazdy na bicykli nezhrn\u00fa. Dizajn mikiny je ve\u013emi kr\u00e1sny, modeluje siluetu a kr\u00e1sne stoj\u00ed na tele. D\u00e1 sa kombinova\u0165 s r\u00f4znymi leg\u00ednami alebo podprsenkami v pastelov\u00fdch farb\u00e1ch z kolekcie Peach Pump.<\/p>\n<ul>\n<li>Elastick\u00e1 r\u00fdchloschn\u00faca tkanina<\/li>\n<li>Tepelne vytla\u010den\u00e9 logo Peach Pump na ramene<\/li>\n<li>Zap\u00ednanie na zips<\/li>\n<li>Vreck\u00e1 v prednej \u010dasti mikiny<\/li>\n<li>Otvory na palce<\/li>\n<li>Model tvaruj\u00faci postavu<\/li>\n<\/ul>\n<p>Zlo\u017eenie : 80% polyester 20% spandex.<\/p>\n<p>Mikinu je mo\u017en\u00e9 pra\u0165 pri teplote do 30 stup\u0148ov, nepou\u017e\u00edvajte bielidl\u00e1 ani chemick\u00e9 \u010distenie.<\/p>\n<p>Modelka na obr\u00e1zku je vysok\u00e1 168 cm, v\u00e1\u017ei 52 kg a p\u00f3zuje vo ve\u013ekosti S.<\/p>\n<p>Obvod hrudn\u00edka: S: 85-90cm \/ M: 90-95cm \/ L: 95-100cm<\/p>\n<p>&nbsp;<\/p>\n","protected":false},"excerpt":{"rendered":"<p>D\u00e1mska \u0161portov\u00e1 mikina s vreckami v jesennej b\u00e9\u017eovej farbe, so zipsom a otvormi na palce na ruk\u00e1voch, tak\u017ee sa v\u00e1m ruk\u00e1vy po\u010das tr\u00e9ningu, behu alebo jazdy na bicykli nezhrn\u00fa. Dizajn mikiny je ve\u013emi kr\u00e1sny, modeluje siluetu a kr\u00e1sne stoj\u00ed na tele. D\u00e1 sa kombinova\u0165 s r\u00f4znymi leg\u00ednami alebo podprsenkami v pastelov\u00fdch farb\u00e1ch z kolekcie Peach [&hellip;]<\/p>\n","protected":false},"featured_media":52767,"comment_status":"open","ping_status":"closed","template":"","meta":[],"product_brand":[],"product_cat":[925,370],"product_tag":[],"class_list":{"0":"post-55799","1":"product","2":"type-product","3":"status-publish","4":"has-post-thumbnail","6":"product_cat-damske-bundy-sk","7":"product_cat-damske-sportove-bluzky","8":"pa_cviat-bezove-sk","9":"pa_razmer-l-sk","10":"pa_razmer-m-sk-2","11":"pa_razmer-s-sk-2","12":"inventories-world","13":"inventories-uk","15":"first","16":"instock","17":"taxable","18":"shipping-taxable","19":"purchasable","20":"product-type-variable"},"_links":{"self":[{"href":"https:\/\/staging5.peach-pump.com\/sk\/wp-json\/wp\/v2\/product\/55799","targetHints":{"allow":["GET"]}}],"collection":[{"href":"https:\/\/staging5.peach-pump.com\/sk\/wp-json\/wp\/v2\/product"}],"about":[{"href":"https:\/\/staging5.peach-pump.com\/sk\/wp-json\/wp\/v2\/types\/product"}],"replies":[{"embeddable":true,"href":"https:\/\/staging5.peach-pump.com\/sk\/wp-json\/wp\/v2\/comments?post=55799"}],"version-history":[{"count":0,"href":"https:\/\/staging5.peach-pump.com\/sk\/wp-json\/wp\/v2\/product\/55799\/revisions"}],"wp:featuredmedia":[{"embeddable":true,"href":"https:\/\/staging5.peach-pump.com\/sk\/wp-json\/wp\/v2\/media\/52767"}],"wp:attachment":[{"href":"https:\/\/staging5.peach-pump.com\/sk\/wp-json\/wp\/v2\/media?parent=55799"}],"wp:term":[{"taxonomy":"product_brand","embeddable":true,"href":"https:\/\/staging5.peach-pump.com\/sk\/wp-json\/wp\/v2\/product_brand?post=55799"},{"taxonomy":"product_cat","embeddable":true,"href":"https:\/\/staging5.peach-pump.com\/sk\/wp-json\/wp\/v2\/product_cat?post=55799"},{"taxonomy":"product_tag","embeddable":true,"href":"https:\/\/staging5.peach-pump.com\/sk\/wp-json\/wp\/v2\/product_tag?post=55799"}],"curies":[{"name":"wp","href":"https:\/\/api.w.org\/{rel}","templated":true}]}}