{"id":55796,"date":"2023-10-02T19:36:01","date_gmt":"2023-10-02T17:36:01","guid":{"rendered":"https:\/\/staging5.peach-pump.com\/products\/hneda-bezsvova-suprava-z-hrubych-legin-a-topu\/"},"modified":"2025-06-21T19:31:25","modified_gmt":"2025-06-21T17:31:25","slug":"hneda-bezsvova-suprava-hrube-leginy","status":"publish","type":"product","link":"https:\/\/staging5.peach-pump.com\/sk\/products\/hneda-bezsvova-suprava-hrube-leginy\/","title":{"rendered":"Hned\u00e1 bez\u0161vov\u00e1 s\u00faprava z hrub\u00fdch leg\u00edn a topu"},"content":{"rendered":"<p>Hned\u00e1 bez\u0161vov\u00e1 s\u00faprava, hrub\u00e9 leg\u00edny a \u0161portov\u00fd top s dlh\u00fdm ruk\u00e1vom. Tento tak zauj\u00edmav\u00fd vzor je z ripstopovej tkaniny a kr\u00e1sne sed\u00ed na tele. Top m\u00e1 skr\u00e1ten\u00fd v\u00fdstrih vhodn\u00fd do chladnej\u0161ieho jesenn\u00e9ho\/zimn\u00e9ho po\u010dasia, zamilujete si jej m\u00e4kkos\u0165 a sp\u00f4sob, ak\u00fdm pohlad\u00ed va\u0161e telo. Leg\u00edny s\u00fa vyroben\u00e9 z hrubej, elastickej tkaniny, maj\u00fa \u0161irok\u00fd p\u00e1s, ktor\u00fd nadvihuje a tvaruje efekt Peach Pump, tak ob\u013e\u00faben\u00fd u na\u0161ej zna\u010dky. Budete ohromen\u00e1 jemnos\u0165ou, hrejivos\u0165ou a sp\u00f4sobom, ak\u00fdm vymodeluje va\u0161u postavu. V\u00fdber farieb. pre bl\u00fazku:  <\/p>\n<ul>\n<li>Ripstopov\u00e1 tkanina<\/li>\n<li>Tepelne vytla\u010den\u00e9 logo &#8220;Peach Pump&#8221; na ramene<\/li>\n<li>Ve\u013ek\u00e1 pru\u017enos\u0165<\/li>\n<li> Bez\u0161vov\u00e1 ripstopov\u00e1 tkanina<\/li>\n<\/ul>\n<p>  pre spolo\u010dnos\u0165 Cline:  <\/p>\n<ul>\n<li> Zdv\u00edhaj\u00fa, tvaruj\u00fa, zakr\u00fdvaj\u00fa problematick\u00fa oblas\u0165<\/li>\n<li> Pevnej\u0161ie<\/li>\n<li> Obj\u00edmaj\u00face p\u00e1s ripstopov\u00e1 tkanina<\/li>\n<li> Peachy efekt<\/li>\n<li> Bez\u0161vov\u00e9 vpredu<\/li>\n<li> Tepelne vytla\u010den\u00e9 Peach Pump logo na zadnej strane leg\u00edn<\/li>\n<li> Tkanina na odstra\u0148ovanie potu<\/li>\n<li> Zauj\u00edmav\u00fd dizajn<\/li>\n<li> Vysok\u00fd p\u00e1s<\/li>\n<\/ul>\n<p>  Zlo\u017eenie: 80% polyester 20% spandex Modelka na obr\u00e1zku je vysok\u00e1 178 cm, v\u00e1\u017ei 54 kg a p\u00f3zuje vo ve\u013ekosti M pre bl\u00fazku a klin Klin Klin a bl\u00fazku mo\u017eno pra\u0165 pri teplote do 30 stup\u0148ov , pros\u00edm, nebielte ani ne\u010distite chemicky.<\/p>\n","protected":false},"excerpt":{"rendered":"<p>Hned\u00e1 bez\u0161vov\u00e1 s\u00faprava, hrub\u00e9 leg\u00edny a \u0161portov\u00fd top s dlh\u00fdm ruk\u00e1vom. Tento tak zauj\u00edmav\u00fd vzor je z ripstopovej tkaniny a kr\u00e1sne sed\u00ed na tele. Top m\u00e1 skr\u00e1ten\u00fd v\u00fdstrih vhodn\u00fd do chladnej\u0161ieho jesenn\u00e9ho\/zimn\u00e9ho po\u010dasia, zamilujete si jej m\u00e4kkos\u0165 a sp\u00f4sob, ak\u00fdm pohlad\u00ed va\u0161e telo. Leg\u00edny s\u00fa vyroben\u00e9 z hrubej, elastickej tkaniny, maj\u00fa \u0161irok\u00fd p\u00e1s, ktor\u00fd nadvihuje [&hellip;]<\/p>\n","protected":false},"featured_media":20996,"comment_status":"open","ping_status":"closed","template":"","meta":[],"product_brand":[],"product_cat":[372,374],"product_tag":[],"class_list":{"0":"post-55796","1":"product","2":"type-product","3":"status-publish","4":"has-post-thumbnail","6":"product_cat-portov-sety","7":"product_cat-sportove-supravy-s-leginami","8":"pa_cviat-hneda-sk","9":"inventories-world","10":"inventories-uk","12":"first","13":"instock","14":"virtual","15":"taxable","16":"purchasable","17":"product-type-yith_bundle"},"_links":{"self":[{"href":"https:\/\/staging5.peach-pump.com\/sk\/wp-json\/wp\/v2\/product\/55796","targetHints":{"allow":["GET"]}}],"collection":[{"href":"https:\/\/staging5.peach-pump.com\/sk\/wp-json\/wp\/v2\/product"}],"about":[{"href":"https:\/\/staging5.peach-pump.com\/sk\/wp-json\/wp\/v2\/types\/product"}],"replies":[{"embeddable":true,"href":"https:\/\/staging5.peach-pump.com\/sk\/wp-json\/wp\/v2\/comments?post=55796"}],"version-history":[{"count":0,"href":"https:\/\/staging5.peach-pump.com\/sk\/wp-json\/wp\/v2\/product\/55796\/revisions"}],"wp:featuredmedia":[{"embeddable":true,"href":"https:\/\/staging5.peach-pump.com\/sk\/wp-json\/wp\/v2\/media\/20996"}],"wp:attachment":[{"href":"https:\/\/staging5.peach-pump.com\/sk\/wp-json\/wp\/v2\/media?parent=55796"}],"wp:term":[{"taxonomy":"product_brand","embeddable":true,"href":"https:\/\/staging5.peach-pump.com\/sk\/wp-json\/wp\/v2\/product_brand?post=55796"},{"taxonomy":"product_cat","embeddable":true,"href":"https:\/\/staging5.peach-pump.com\/sk\/wp-json\/wp\/v2\/product_cat?post=55796"},{"taxonomy":"product_tag","embeddable":true,"href":"https:\/\/staging5.peach-pump.com\/sk\/wp-json\/wp\/v2\/product_tag?post=55796"}],"curies":[{"name":"wp","href":"https:\/\/api.w.org\/{rel}","templated":true}]}}