{"id":55767,"date":"2023-10-14T09:43:05","date_gmt":"2023-10-14T07:43:05","guid":{"rendered":"https:\/\/staging5.peach-pump.com\/products\/damsky-modry-top-s-dlhym-rukavom\/"},"modified":"2025-07-29T15:19:19","modified_gmt":"2025-07-29T13:19:19","slug":"modry-sportovy-top-s-dlhym-rukavom","status":"publish","type":"product","link":"https:\/\/staging5.peach-pump.com\/sk\/products\/modry-sportovy-top-s-dlhym-rukavom\/","title":{"rendered":"D\u00e1msky modr\u00fd top s dlh\u00fdm ruk\u00e1vom"},"content":{"rendered":"<p>Modr\u00fd \u0161portov\u00fd top s dlh\u00fdm ruk\u00e1vom z hrubej l\u00e1tky v tmavomodrej farbe. Tento zauj\u00edmav\u00fd model je z ripstopovej tkaniny, kr\u00e1sne pri\u013eahne po tele a m\u00e1 \u0161irok\u00fd v\u00fdstrih. D\u00e1 sa kombinova\u0165 s leg\u00ednami v rovnakej farbe alebo s in\u00fdmi jednoduch\u0161\u00edmi farebn\u00fdmi leg\u00ednami. Top je vhodn\u00fd do chladnej\u0161ieho jesenn\u00e9ho\/zimn\u00e9ho po\u010dasia, zamilujete si jej m\u00e4kkos\u0165, hrejivos\u0165 a sp\u00f4sob, ak\u00fdm pohlad\u00ed va\u0161e telo.<\/p>\n<ul>\n<li>Ripstopov\u00e1 tkanina<\/li>\n<li>Tepelne vytla\u010den\u00e9 logo &#8220;Peach Pump&#8221; na ramene<\/li>\n<li>Ve\u013ek\u00e1 pru\u017enos\u0165<\/li>\n<li>Zauj\u00edmav\u00fd dizajn<\/li>\n<\/ul>\n<p>Zlo\u017eenie: 80% polyester, 20% spandex<\/p>\n<p>Leg\u00edny je mo\u017en\u00e9 pra\u0165 pri teplote do 30\u00b0C. Nepou\u017e\u00edva\u0165 bielenie alebo chemick\u00e9 \u010distenie.<\/p>\n<p>Modelka na obr\u00e1zku je vysok\u00e1 169 cm, v\u00e1\u017ei 52 kg a p\u00f3zuje vo ve\u013ekosti M.<\/p>\n<p>Obvod hrudn\u00edka: S: 85-90cm \/ M: 90-95cm \/ L: 95-100cm<\/p>\n","protected":false},"excerpt":{"rendered":"<p>Modr\u00fd \u0161portov\u00fd top s dlh\u00fdm ruk\u00e1vom z hrubej l\u00e1tky v tmavomodrej farbe. Tento zauj\u00edmav\u00fd model je z ripstopovej tkaniny, kr\u00e1sne pri\u013eahne po tele a m\u00e1 \u0161irok\u00fd v\u00fdstrih. D\u00e1 sa kombinova\u0165 s leg\u00ednami v rovnakej farbe alebo s in\u00fdmi jednoduch\u0161\u00edmi farebn\u00fdmi leg\u00ednami. Top je vhodn\u00fd do chladnej\u0161ieho jesenn\u00e9ho\/zimn\u00e9ho po\u010dasia, zamilujete si jej m\u00e4kkos\u0165, hrejivos\u0165 a sp\u00f4sob, [&hellip;]<\/p>\n","protected":false},"featured_media":53254,"comment_status":"open","ping_status":"closed","template":"","meta":[],"product_brand":[],"product_cat":[370],"product_tag":[],"class_list":{"0":"post-55767","1":"product","2":"type-product","3":"status-publish","4":"has-post-thumbnail","6":"product_cat-damske-sportove-bluzky","7":"pa_cviat-tmavo-modre","8":"pa_razmer-l-sk","9":"pa_razmer-m-sk-2","10":"pa_razmer-s-sk-2","11":"inventories-world","12":"inventories-uk","14":"first","15":"instock","16":"taxable","17":"shipping-taxable","18":"purchasable","19":"product-type-variable"},"_links":{"self":[{"href":"https:\/\/staging5.peach-pump.com\/sk\/wp-json\/wp\/v2\/product\/55767","targetHints":{"allow":["GET"]}}],"collection":[{"href":"https:\/\/staging5.peach-pump.com\/sk\/wp-json\/wp\/v2\/product"}],"about":[{"href":"https:\/\/staging5.peach-pump.com\/sk\/wp-json\/wp\/v2\/types\/product"}],"replies":[{"embeddable":true,"href":"https:\/\/staging5.peach-pump.com\/sk\/wp-json\/wp\/v2\/comments?post=55767"}],"version-history":[{"count":0,"href":"https:\/\/staging5.peach-pump.com\/sk\/wp-json\/wp\/v2\/product\/55767\/revisions"}],"wp:featuredmedia":[{"embeddable":true,"href":"https:\/\/staging5.peach-pump.com\/sk\/wp-json\/wp\/v2\/media\/53254"}],"wp:attachment":[{"href":"https:\/\/staging5.peach-pump.com\/sk\/wp-json\/wp\/v2\/media?parent=55767"}],"wp:term":[{"taxonomy":"product_brand","embeddable":true,"href":"https:\/\/staging5.peach-pump.com\/sk\/wp-json\/wp\/v2\/product_brand?post=55767"},{"taxonomy":"product_cat","embeddable":true,"href":"https:\/\/staging5.peach-pump.com\/sk\/wp-json\/wp\/v2\/product_cat?post=55767"},{"taxonomy":"product_tag","embeddable":true,"href":"https:\/\/staging5.peach-pump.com\/sk\/wp-json\/wp\/v2\/product_tag?post=55767"}],"curies":[{"name":"wp","href":"https:\/\/api.w.org\/{rel}","templated":true}]}}