{"id":55755,"date":"2023-10-14T10:10:00","date_gmt":"2023-10-14T08:10:00","guid":{"rendered":"https:\/\/staging5.peach-pump.com\/products\/modra-bezsvova-sportova-suprava-z-hrubej-tkaniny\/"},"modified":"2025-07-29T15:19:09","modified_gmt":"2025-07-29T13:19:09","slug":"modra-bezsvova-sportova-suprava","status":"publish","type":"product","link":"https:\/\/staging5.peach-pump.com\/sk\/products\/modra-bezsvova-sportova-suprava\/","title":{"rendered":"Modr\u00e1 bez\u0161vov\u00e1 \u0161portov\u00e1 s\u00faprava z hrubej tkaniny"},"content":{"rendered":"<p>Tmavomodr\u00e1 bez\u0161vov\u00e1 \u0161portov\u00e1 s\u00faprava, leg\u00edny a \u0161portov\u00fd top s dlh\u00fdm ruk\u00e1vom. Tento tak zauj\u00edmav\u00fd vzor je z ripstopovej tkaniny a kr\u00e1sne sed\u00ed na tele. Top m\u00e1 strih s v\u00fdstrihom vhodn\u00fd do chladnej\u0161ieho jesenn\u00e9ho\/zimn\u00e9ho po\u010dasia, zamilujete si jej hrejivos\u0165, m\u00e4kkos\u0165 a sp\u00f4sob, ak\u00fdm pohlad\u00ed va\u0161e telo. Leg\u00edny s\u00fa vyroben\u00e9 z hrubej, elastickej tkaniny maj\u00fa \u0161irok\u00fd p\u00e1s, zdv\u00edhaj\u00faci a tvaruj\u00faci efekt Peach Pump, tak ob\u013e\u00faben\u00fd u na\u0161ej zna\u010dky. V\u00fdber farieb.<\/p>\n<p>Tri\u010dko:<\/p>\n<ul>\n<li>Ripstopov\u00e1 tkanina<\/li>\n<li>Tepelne utesnen\u00e9 logo &#8220;Peach Pump&#8221; na ramene<\/li>\n<li>Ve\u013ek\u00e1 pru\u017enos\u0165<\/li>\n<li> Bez\u0161vov\u00e1 ripstopov\u00e1 tkanina<\/li>\n<\/ul>\n<p>Obvod hrudn\u00edka: S: 85-90cm \/ M: 90-95cm \/ L: 95-100cm<\/p>\n<p>Leg\u00edny:<\/p>\n<ul>\n<li> Zdv\u00edhaj\u00fa, tvaruj\u00fa, zakr\u00fdvaj\u00fa problematick\u00fa oblas\u0165<\/li>\n<li> Pevnej\u0161ie<\/li>\n<li> Obj\u00edmaj\u00face p\u00e1s ripstopov\u00e1 tkanina<\/li>\n<li> Peachy efekt<\/li>\n<li> Bez\u0161vov\u00e9 vpredu<\/li>\n<li> Tepelne vytla\u010den\u00e9 Peach Pump logo na zadnej strane leg\u00edn<\/li>\n<li> Tkanina na odstra\u0148ovanie potu<\/li>\n<li> Zauj\u00edmav\u00fd dizajn<\/li>\n<li> Vysok\u00fd p\u00e1s<\/li>\n<\/ul>\n<p>Zlo\u017eenie: 80% polyester, 20% spandex<\/p>\n<p>Na v\u00fdber presnej ve\u013ekosti leg\u00edn pou\u017eite tabu\u013eky.<\/p>\n<p>Modelka na obr\u00e1zku je vysok\u00e1 169 cm, v\u00e1\u017ei 52 kg a p\u00f3zuje vo ve\u013ekosti M pre top a leg\u00edny.<\/p>\n<p>Leg\u00edny a tri\u010dko mo\u017eno pra\u0165 do 30\u00b0 C, nepou\u017e\u00edvajte bielidl\u00e1 ani chemick\u00e9 \u010distenie.<\/p>\n","protected":false},"excerpt":{"rendered":"<p>Tmavomodr\u00e1 bez\u0161vov\u00e1 \u0161portov\u00e1 s\u00faprava, leg\u00edny a \u0161portov\u00fd top s dlh\u00fdm ruk\u00e1vom. Tento tak zauj\u00edmav\u00fd vzor je z ripstopovej tkaniny a kr\u00e1sne sed\u00ed na tele. Top m\u00e1 strih s v\u00fdstrihom vhodn\u00fd do chladnej\u0161ieho jesenn\u00e9ho\/zimn\u00e9ho po\u010dasia, zamilujete si jej hrejivos\u0165, m\u00e4kkos\u0165 a sp\u00f4sob, ak\u00fdm pohlad\u00ed va\u0161e telo. Leg\u00edny s\u00fa vyroben\u00e9 z hrubej, elastickej tkaniny maj\u00fa \u0161irok\u00fd p\u00e1s, [&hellip;]<\/p>\n","protected":false},"featured_media":54751,"comment_status":"open","ping_status":"closed","template":"","meta":[],"product_brand":[],"product_cat":[372,374],"product_tag":[],"class_list":{"0":"post-55755","1":"product","2":"type-product","3":"status-publish","4":"has-post-thumbnail","6":"product_cat-portov-sety","7":"product_cat-sportove-supravy-s-leginami","8":"pa_cviat-tmavo-modre","9":"inventories-world","10":"inventories-uk","12":"first","13":"instock","14":"virtual","15":"taxable","16":"purchasable","17":"product-type-yith_bundle"},"_links":{"self":[{"href":"https:\/\/staging5.peach-pump.com\/sk\/wp-json\/wp\/v2\/product\/55755","targetHints":{"allow":["GET"]}}],"collection":[{"href":"https:\/\/staging5.peach-pump.com\/sk\/wp-json\/wp\/v2\/product"}],"about":[{"href":"https:\/\/staging5.peach-pump.com\/sk\/wp-json\/wp\/v2\/types\/product"}],"replies":[{"embeddable":true,"href":"https:\/\/staging5.peach-pump.com\/sk\/wp-json\/wp\/v2\/comments?post=55755"}],"version-history":[{"count":0,"href":"https:\/\/staging5.peach-pump.com\/sk\/wp-json\/wp\/v2\/product\/55755\/revisions"}],"wp:featuredmedia":[{"embeddable":true,"href":"https:\/\/staging5.peach-pump.com\/sk\/wp-json\/wp\/v2\/media\/54751"}],"wp:attachment":[{"href":"https:\/\/staging5.peach-pump.com\/sk\/wp-json\/wp\/v2\/media?parent=55755"}],"wp:term":[{"taxonomy":"product_brand","embeddable":true,"href":"https:\/\/staging5.peach-pump.com\/sk\/wp-json\/wp\/v2\/product_brand?post=55755"},{"taxonomy":"product_cat","embeddable":true,"href":"https:\/\/staging5.peach-pump.com\/sk\/wp-json\/wp\/v2\/product_cat?post=55755"},{"taxonomy":"product_tag","embeddable":true,"href":"https:\/\/staging5.peach-pump.com\/sk\/wp-json\/wp\/v2\/product_tag?post=55755"}],"curies":[{"name":"wp","href":"https:\/\/api.w.org\/{rel}","templated":true}]}}