{"id":48565,"date":"2023-08-04T11:10:09","date_gmt":"2023-08-04T09:10:09","guid":{"rendered":"https:\/\/staging5.peach-pump.com\/products\/cierna-siltovka-a-biele-logom-peach-pump\/"},"modified":"2025-07-26T20:23:25","modified_gmt":"2025-07-26T18:23:25","slug":"cierna-siltovka-s-bielym-logom-peach-pump","status":"publish","type":"product","link":"https:\/\/staging5.peach-pump.com\/sk\/products\/cierna-siltovka-s-bielym-logom-peach-pump\/","title":{"rendered":"\u010cierna \u0161iltovka a biele logom Peach Pump"},"content":{"rendered":"<p>Skombinujte svoje ob\u013e\u00faben\u00e9 leg\u00edny a podprsenku s \u010diernou \u0161iltovkou Peach Pump. V hor\u00facich letn\u00fdch mesiacoch bude dokonal\u00fdm doplnkom v\u00e1\u0161ho vzh\u013eadu a z\u00e1rove\u0148 ochr\u00e1ni va\u0161u tv\u00e1r pred ostr\u00fdm slnkom. \u0160iltovka m\u00e1 efektn\u00fd vy\u0161\u00edvan\u00fd trojrozmern\u00fd dizajn s bielym logom s \u010diernym lemom a motiva\u010dn\u00fdm n\u00e1pisom: &#8220;Black is my happy colour&#8221; (\u010cierna je mojou \u0161\u0165astnou farbou). \u0160iltovka je nastavite\u013en\u00e1 s kovov\u00fdm zap\u00ednan\u00edm a \u0161ilt je zakriven\u00fd. Bu\u010fte \u0161t\u00fdlov\u00e1 a odli\u0161n\u00e1 s t\u00fdmto dokonal\u00fdm doplnkom v\u00e1\u0161ho \u0161portov\u00e9ho oble\u010denia.<\/p>\n","protected":false},"excerpt":{"rendered":"<p>Skombinujte svoje ob\u013e\u00faben\u00e9 leg\u00edny a podprsenku s \u010diernou \u0161iltovkou Peach Pump. V hor\u00facich letn\u00fdch mesiacoch bude dokonal\u00fdm doplnkom v\u00e1\u0161ho vzh\u013eadu a z\u00e1rove\u0148 ochr\u00e1ni va\u0161u tv\u00e1r pred ostr\u00fdm slnkom. \u0160iltovka m\u00e1 efektn\u00fd vy\u0161\u00edvan\u00fd trojrozmern\u00fd dizajn s bielym logom s \u010diernym lemom a motiva\u010dn\u00fdm n\u00e1pisom: &#8220;Black is my happy colour&#8221; (\u010cierna je mojou \u0161\u0165astnou farbou). \u0160iltovka je [&hellip;]<\/p>\n","protected":false},"featured_media":47802,"comment_status":"open","ping_status":"closed","template":"","meta":[],"product_brand":[],"product_cat":[782],"product_tag":[],"class_list":{"0":"post-48565","1":"product","2":"type-product","3":"status-publish","4":"has-post-thumbnail","6":"product_cat-doplnky","7":"pa_cviat-cierno-biele","8":"pa_razmer-jedna-velkost","9":"inventories-world","10":"inventories-uk","12":"first","13":"instock","14":"taxable","15":"shipping-taxable","16":"purchasable","17":"product-type-variable"},"_links":{"self":[{"href":"https:\/\/staging5.peach-pump.com\/sk\/wp-json\/wp\/v2\/product\/48565","targetHints":{"allow":["GET"]}}],"collection":[{"href":"https:\/\/staging5.peach-pump.com\/sk\/wp-json\/wp\/v2\/product"}],"about":[{"href":"https:\/\/staging5.peach-pump.com\/sk\/wp-json\/wp\/v2\/types\/product"}],"replies":[{"embeddable":true,"href":"https:\/\/staging5.peach-pump.com\/sk\/wp-json\/wp\/v2\/comments?post=48565"}],"version-history":[{"count":0,"href":"https:\/\/staging5.peach-pump.com\/sk\/wp-json\/wp\/v2\/product\/48565\/revisions"}],"wp:featuredmedia":[{"embeddable":true,"href":"https:\/\/staging5.peach-pump.com\/sk\/wp-json\/wp\/v2\/media\/47802"}],"wp:attachment":[{"href":"https:\/\/staging5.peach-pump.com\/sk\/wp-json\/wp\/v2\/media?parent=48565"}],"wp:term":[{"taxonomy":"product_brand","embeddable":true,"href":"https:\/\/staging5.peach-pump.com\/sk\/wp-json\/wp\/v2\/product_brand?post=48565"},{"taxonomy":"product_cat","embeddable":true,"href":"https:\/\/staging5.peach-pump.com\/sk\/wp-json\/wp\/v2\/product_cat?post=48565"},{"taxonomy":"product_tag","embeddable":true,"href":"https:\/\/staging5.peach-pump.com\/sk\/wp-json\/wp\/v2\/product_tag?post=48565"}],"curies":[{"name":"wp","href":"https:\/\/api.w.org\/{rel}","templated":true}]}}