{"id":47209,"date":"2023-07-21T16:36:15","date_gmt":"2023-07-21T14:36:15","guid":{"rendered":"https:\/\/staging5.peach-pump.com\/products\/modre-kratke-sportove-leginy-typu-booty-shorts\/"},"modified":"2025-07-30T14:35:41","modified_gmt":"2025-07-30T12:35:41","slug":"modre-kratke-sportove-leginy-typu-booty-shorts","status":"publish","type":"product","link":"https:\/\/staging5.peach-pump.com\/sk\/products\/modre-kratke-sportove-leginy-typu-booty-shorts\/","title":{"rendered":"Modr\u00e9 kr\u00e1tke \u0161portov\u00e9 leg\u00edny typu &#8220;Booty Shorts&#8221;"},"content":{"rendered":"<p>D\u00e1mske kr\u00e1tke \u0161portov\u00e9 leg\u00edny z priliehavej, priedu\u0161nej l\u00e1tky v modrej farbe. Tento model je ide\u00e1lny na hor\u00face letn\u00e9 dni, je krat\u0161\u00ed a l\u00e1tka odv\u00e1dza vlhkos\u0165 od tela. V zadnej \u010dasti maj\u00fa mierny Peach efekt a kr\u00e1sne tvaruj\u00fa postavu. Mo\u017eete ich kombinova\u0165 s podprsenkou rovnak\u00e9ho vzoru, pozri v \u010dasti &#8220;Kr\u00e1tke leg\u00edny &#8211; \u0161portov\u00e9 oble\u010denie&#8221;. (Vzor je z pevnej\u0161ej tkaniny)  <\/p>\n<ul>\n<li>Zdv\u00edha, tvaruje, zakr\u00fdva probl\u00e9mov\u00e9 oblasti<\/li>\n<li>\u013dahk\u00fd Peachy efekt<\/li>\n<li>Bez\u0161vov\u00e9 vpredu<\/li>\n<li>Tepelne vytla\u010den\u00e9 Peach Pump logo na zadnej strane leg\u00edn<\/li>\n<li>Technol\u00f3gia odstra\u0148ovania vlhkosti z tela<\/li>\n<\/ul>\n<p>  Zlo\u017eenie: 80% polyester 20% spandex Klin je mo\u017en\u00e9 pra\u0165 pri teplote do 30 stup\u0148ov, pros\u00edm, nebielte ani ne\u010distite chemicky. Modelka na obr\u00e1zku je vysok\u00e1 178 cm, v\u00e1\u017ei 54 kg a p\u00f3zuje vo ve\u013ekosti M Na v\u00fdber presnej ve\u013ekosti pou\u017eite pros\u00edm tabu\u013eku ve\u013ekost\u00ed.  \t\t<div id=\"sbi_mod_error\" >\n\t\t\t<span>This error message is only visible to WordPress admins<\/span><br\/>\n\t\t\t<p><strong>Error: No connected account.<\/strong>\n\t\t\t<p>Please go to the Instagram Feed settings page to connect an account.<\/p>\n\t\t<\/div>\n\t\t<\/p>\n","protected":false},"excerpt":{"rendered":"<p>D\u00e1mske kr\u00e1tke \u0161portov\u00e9 leg\u00edny z priliehavej, priedu\u0161nej l\u00e1tky v modrej farbe. Tento model je ide\u00e1lny na hor\u00face letn\u00e9 dni, je krat\u0161\u00ed a l\u00e1tka odv\u00e1dza vlhkos\u0165 od tela. V zadnej \u010dasti maj\u00fa mierny Peach efekt a kr\u00e1sne tvaruj\u00fa postavu. Mo\u017eete ich kombinova\u0165 s podprsenkou rovnak\u00e9ho vzoru, pozri v \u010dasti &#8220;Kr\u00e1tke leg\u00edny &#8211; \u0161portov\u00e9 oble\u010denie&#8221;. (Vzor je [&hellip;]<\/p>\n","protected":false},"featured_media":45420,"comment_status":"open","ping_status":"closed","template":"","meta":[],"product_brand":[],"product_cat":[148,203],"product_tag":[],"class_list":{"0":"post-47209","1":"product","2":"type-product","3":"status-publish","4":"has-post-thumbnail","6":"product_cat-damske-sportove-leginy","7":"product_cat-kratke-leginy-sk","8":"pa_cviat-modr-sk","9":"pa_razmer-m-sk-2","10":"pa_razmer-s-sk-2","11":"inventories-world","12":"inventories-uk","14":"first","15":"instock","16":"sale","17":"taxable","18":"shipping-taxable","19":"purchasable","20":"product-type-variable"},"_links":{"self":[{"href":"https:\/\/staging5.peach-pump.com\/sk\/wp-json\/wp\/v2\/product\/47209","targetHints":{"allow":["GET"]}}],"collection":[{"href":"https:\/\/staging5.peach-pump.com\/sk\/wp-json\/wp\/v2\/product"}],"about":[{"href":"https:\/\/staging5.peach-pump.com\/sk\/wp-json\/wp\/v2\/types\/product"}],"replies":[{"embeddable":true,"href":"https:\/\/staging5.peach-pump.com\/sk\/wp-json\/wp\/v2\/comments?post=47209"}],"version-history":[{"count":0,"href":"https:\/\/staging5.peach-pump.com\/sk\/wp-json\/wp\/v2\/product\/47209\/revisions"}],"wp:featuredmedia":[{"embeddable":true,"href":"https:\/\/staging5.peach-pump.com\/sk\/wp-json\/wp\/v2\/media\/45420"}],"wp:attachment":[{"href":"https:\/\/staging5.peach-pump.com\/sk\/wp-json\/wp\/v2\/media?parent=47209"}],"wp:term":[{"taxonomy":"product_brand","embeddable":true,"href":"https:\/\/staging5.peach-pump.com\/sk\/wp-json\/wp\/v2\/product_brand?post=47209"},{"taxonomy":"product_cat","embeddable":true,"href":"https:\/\/staging5.peach-pump.com\/sk\/wp-json\/wp\/v2\/product_cat?post=47209"},{"taxonomy":"product_tag","embeddable":true,"href":"https:\/\/staging5.peach-pump.com\/sk\/wp-json\/wp\/v2\/product_tag?post=47209"}],"curies":[{"name":"wp","href":"https:\/\/api.w.org\/{rel}","templated":true}]}}