{"id":40248,"date":"2023-04-11T09:03:28","date_gmt":"2023-04-11T07:03:28","guid":{"rendered":"https:\/\/staging5.peach-pump.com\/products\/bezsvove-sportove-oblecenie-z-pevnej-tkaniny-v-ruzovej-farbe\/"},"modified":"2024-12-02T15:43:44","modified_gmt":"2024-12-02T13:43:44","slug":"bezsvova-sportova-suprava-ruzova","status":"publish","type":"product","link":"https:\/\/staging5.peach-pump.com\/sk\/products\/bezsvova-sportova-suprava-ruzova\/","title":{"rendered":"Ru\u017eov\u00e1 bez\u0161vov\u00e1 \u0161portov\u00e1 s\u00faprava z pevnej\u0161ej ripstopovej tkaniny"},"content":{"rendered":"<p>Ru\u017eov\u00e1 bez\u0161vov\u00e1 \u0161portov\u00e1 s\u00faprava, leg\u00edny a \u0161portov\u00fd top s dlh\u00fdm ruk\u00e1vom z hrubej bez\u0161vovej ripstopovej tkaniny. Tento zauj\u00edmav\u00fd model je z ripstopovej tkaniny, kr\u00e1sne pri\u013eahne po tele a m\u00e1 \u0161irok\u00fd v\u00fdstrih. Top je vhodn\u00fd do chladnej\u0161ieho jesenn\u00e9ho\/zimn\u00e9ho po\u010dasia, zamilujete si jeho jemnos\u0165 a sp\u00f4sob, ak\u00fdm pohlad\u00ed va\u0161e telo. Le\u00edgny s\u00fa vyroben\u00e9 z pevnej, elastickej tkaniny. Tento model m\u00e1 vysok\u00fd p\u00e1s, je hrub\u0161\u00ed, ide\u00e1lny na chladnej\u0161ie jesenn\u00e9 a zimn\u00e9 dni. Opasok m\u00e1 \u0161irok\u00fd p\u00e1s, zdv\u00edhac\u00ed a tvarovac\u00ed efekt, ktor\u00fd je ob\u013e\u00faben\u00fd u na\u0161ej zna\u010dky. Tieto leg\u00edny v\u00e1s ohromia svojou jemnos\u0165ou, hrejivos\u0165ou a sp\u00f4sobom, ak\u00fdm vymodeluj\u00fa va\u0161u postavu. Model m\u00f4\u017eete skombinova\u0165 s bl\u00fazkou alebo podprsenkou, pozrite si na\u0161e n\u00e1vrhy. pre bl\u00fazku:  <\/p>\n<ul>\n<li>Ripstopov\u00e1 tkanina<\/li>\n<li>Tepelne vytla\u010den\u00e9 logo &#8220;Peach Pump&#8221; na ramene<\/li>\n<li>Ve\u013ek\u00e1 pru\u017enos\u0165<\/li>\n<li> Bez\u0161vov\u00e1 ripstopov\u00e1 tkanina<\/li>\n<\/ul>\n<p>  pre spolo\u010dnos\u0165 Cline:  <\/p>\n<ul>\n<li> Zdv\u00edhaj\u00fa, tvaruj\u00fa, zakr\u00fdvaj\u00fa problematick\u00fa oblas\u0165<\/li>\n<li> Pevnej\u0161ie<\/li>\n<li> Obj\u00edmaj\u00face p\u00e1s ripstopov\u00e1 tkanina<\/li>\n<li> Peachy efekt<\/li>\n<li> Bez\u0161vov\u00e9 vpredu<\/li>\n<li> Tepelne vytla\u010den\u00e9 Peach Pump logo na zadnej strane leg\u00edn<\/li>\n<li> Tkanina na odstra\u0148ovanie potu<\/li>\n<li> Zauj\u00edmav\u00fd dizajn<\/li>\n<li> Vysok\u00fd p\u00e1s<\/li>\n<\/ul>\n<p>  Zlo\u017eenie: 80% polyester 20% spandex Modelka na obr\u00e1zku je vysok\u00e1 178 cm, v\u00e1\u017ei 54 kg a p\u00f3zuje vo ve\u013ekosti M pre bl\u00fazku a klin Klin Klin a bl\u00fazku mo\u017eno pra\u0165 pri teplote do 30 stup\u0148ov , pros\u00edm, nebielte ani ne\u010distite chemicky.  &nbsp;<\/p>\n<p>&nbsp;<\/p>\n","protected":false},"excerpt":{"rendered":"<p>Ru\u017eov\u00e1 bez\u0161vov\u00e1 \u0161portov\u00e1 s\u00faprava, leg\u00edny a \u0161portov\u00fd top s dlh\u00fdm ruk\u00e1vom z hrubej bez\u0161vovej ripstopovej tkaniny. Tento zauj\u00edmav\u00fd model je z ripstopovej tkaniny, kr\u00e1sne pri\u013eahne po tele a m\u00e1 \u0161irok\u00fd v\u00fdstrih. Top je vhodn\u00fd do chladnej\u0161ieho jesenn\u00e9ho\/zimn\u00e9ho po\u010dasia, zamilujete si jeho jemnos\u0165 a sp\u00f4sob, ak\u00fdm pohlad\u00ed va\u0161e telo. Le\u00edgny s\u00fa vyroben\u00e9 z pevnej, elastickej tkaniny. [&hellip;]<\/p>\n","protected":false},"featured_media":26351,"comment_status":"open","ping_status":"closed","template":"","meta":[],"product_brand":[],"product_cat":[372,374],"product_tag":[],"class_list":{"0":"post-40248","1":"product","2":"type-product","3":"status-publish","4":"has-post-thumbnail","6":"product_cat-portov-sety","7":"product_cat-sportove-supravy-s-leginami","8":"pa_cviat-ruzovo","9":"pa_razmer-l-sk","10":"pa_razmer-m-sk-2","11":"pa_razmer-s-sk-2","12":"inventories-world","13":"inventories-uk","15":"first","16":"instock","17":"virtual","18":"taxable","19":"purchasable","20":"product-type-yith_bundle"},"_links":{"self":[{"href":"https:\/\/staging5.peach-pump.com\/sk\/wp-json\/wp\/v2\/product\/40248","targetHints":{"allow":["GET"]}}],"collection":[{"href":"https:\/\/staging5.peach-pump.com\/sk\/wp-json\/wp\/v2\/product"}],"about":[{"href":"https:\/\/staging5.peach-pump.com\/sk\/wp-json\/wp\/v2\/types\/product"}],"replies":[{"embeddable":true,"href":"https:\/\/staging5.peach-pump.com\/sk\/wp-json\/wp\/v2\/comments?post=40248"}],"version-history":[{"count":0,"href":"https:\/\/staging5.peach-pump.com\/sk\/wp-json\/wp\/v2\/product\/40248\/revisions"}],"wp:featuredmedia":[{"embeddable":true,"href":"https:\/\/staging5.peach-pump.com\/sk\/wp-json\/wp\/v2\/media\/26351"}],"wp:attachment":[{"href":"https:\/\/staging5.peach-pump.com\/sk\/wp-json\/wp\/v2\/media?parent=40248"}],"wp:term":[{"taxonomy":"product_brand","embeddable":true,"href":"https:\/\/staging5.peach-pump.com\/sk\/wp-json\/wp\/v2\/product_brand?post=40248"},{"taxonomy":"product_cat","embeddable":true,"href":"https:\/\/staging5.peach-pump.com\/sk\/wp-json\/wp\/v2\/product_cat?post=40248"},{"taxonomy":"product_tag","embeddable":true,"href":"https:\/\/staging5.peach-pump.com\/sk\/wp-json\/wp\/v2\/product_tag?post=40248"}],"curies":[{"name":"wp","href":"https:\/\/api.w.org\/{rel}","templated":true}]}}