{"id":40226,"date":"2023-05-20T18:41:53","date_gmt":"2023-05-20T16:41:53","guid":{"rendered":"https:\/\/staging5.peach-pump.com\/products\/dvojdielna-suprava-na-prechadzky-a-sportovanie-v-bezovej-farbe\/"},"modified":"2025-06-25T12:45:06","modified_gmt":"2025-06-25T10:45:06","slug":"bezova-suprava-z-dvoch-dielov-leginy-charls","status":"publish","type":"product","link":"https:\/\/staging5.peach-pump.com\/sk\/products\/bezova-suprava-z-dvoch-dielov-leginy-charls\/","title":{"rendered":"B\u00e9\u017eov\u00e1 dvojdielna s\u00faprava, leg\u00edny Charleston a podprsenka"},"content":{"rendered":"<p>B\u00e9\u017eov\u00e1 dvojdielna s\u00faprava s leg\u00ednami typu Charleston bez\u0161vov\u00e9 vpredu, tvaruje telo a modeluje siluetu, predl\u017euje nohy a spev\u0148uje p\u00e1s. Ve\u013emi m\u00f3dna a efektn\u00e1 pre t\u00fato sez\u00f3nu. V kombin\u00e1cii s podprsenkou v rovnakej farbe. Pon\u00fakame v\u00e1m na v\u00fdber z dvoch mo\u017enost\u00ed s jedn\u00fdm ramienkom alebo nastavite\u013en\u00fdmi ramienkami na chrbte. Nech si vyberiete ktor\u00fdko\u013evek z t\u00fdchto dvoch modelov, nezostanete nepov\u0161imnut\u00e1. \u0160portov\u00e1 s\u00faprava je vyroben\u00e1 z jemnej ripstopovej tkaniny, ktor\u00e1 je ve\u013emi elastick\u00e1 a priedu\u0161n\u00e1, neumo\u017e\u0148uje potenie. S t\u00fdmto modelom budete ma\u0165 \u00fapln\u00fa vo\u013enos\u0165 pohybu. Bustier:  <\/p>\n<ul>\n<li>Ripstopov\u00e1 tkanina<\/li>\n<li>Tepelne vytla\u010den\u00e9 logo &#8220;Peach Pump&#8221; na bo\u010dnej strane podprsenky<\/li>\n<li>Ve\u013ek\u00e1 pru\u017enos\u0165<\/li>\n<li>Bez\u0161vov\u00e1 ripstopov\u00e1 tkanina<\/li>\n<li>Vypch\u00e1vky, ktor\u00e9 sa daj\u00fa odstr\u00e1ni\u0165.<\/li>\n<li>Jedno ramienko<\/li>\n<li>Dvojit\u00e1 guma na chrbte<\/li>\n<\/ul>\n<p>  Cline:  <\/p>\n<ul>\n<li>\u0160irok\u00e9 nohavice typu Charleston s rozparkami v spodnej \u010dasti<\/li>\n<li>Bez\u0161vov\u00e9 vpredu<\/li>\n<li>Tvaruj\u00fa a zakr\u00fdvaj\u00fa problematick\u00fa oblas\u0165<\/li>\n<li>Elastick\u00e1 tkanina<\/li>\n<li>Bez Peachy efektu<\/li>\n<li>Tepelne vytla\u010den\u00e9 Peach Pump logo na zadnej strane leg\u00edn<\/li>\n<li>Tkanina, ktor\u00e1 odv\u00e1dza vlhkos\u0165 od tela<\/li>\n<li>Zauj\u00edmav\u00fd dizajn<\/li>\n<li>Vysok\u00fd p\u00e1s<\/li>\n<\/ul>\n<p>  Zlo\u017eenie: 80% polyester 20% spandex Modelka na obr\u00e1zku je vysok\u00e1 178 cm, v\u00e1\u017ei 54 kg a p\u00f3zuje vo ve\u013ekosti M pre bustier a klin Klin a bustier je mo\u017en\u00e9 pra\u0165 pri teplote do 30 stup\u0148ov , pros\u00edm, nebielte ani ne\u010distite chemicky.<\/p>\n","protected":false},"excerpt":{"rendered":"<p>B\u00e9\u017eov\u00e1 dvojdielna s\u00faprava s leg\u00ednami typu Charleston bez\u0161vov\u00e9 vpredu, tvaruje telo a modeluje siluetu, predl\u017euje nohy a spev\u0148uje p\u00e1s. Ve\u013emi m\u00f3dna a efektn\u00e1 pre t\u00fato sez\u00f3nu. V kombin\u00e1cii s podprsenkou v rovnakej farbe. Pon\u00fakame v\u00e1m na v\u00fdber z dvoch mo\u017enost\u00ed s jedn\u00fdm ramienkom alebo nastavite\u013en\u00fdmi ramienkami na chrbte. Nech si vyberiete ktor\u00fdko\u013evek z t\u00fdchto dvoch [&hellip;]<\/p>\n","protected":false},"featured_media":39298,"comment_status":"open","ping_status":"closed","template":"","meta":[],"product_brand":[],"product_cat":[372,374],"product_tag":[],"class_list":{"0":"post-40226","1":"product","2":"type-product","3":"status-publish","4":"has-post-thumbnail","6":"product_cat-portov-sety","7":"product_cat-sportove-supravy-s-leginami","8":"pa_cviat-bezove-sk","9":"pa_razmer-m-sk-2","10":"pa_razmer-s-sk-2","11":"inventories-world","12":"inventories-uk","14":"first","15":"instock","16":"sale","17":"virtual","18":"taxable","19":"purchasable","20":"product-type-yith_bundle"},"_links":{"self":[{"href":"https:\/\/staging5.peach-pump.com\/sk\/wp-json\/wp\/v2\/product\/40226","targetHints":{"allow":["GET"]}}],"collection":[{"href":"https:\/\/staging5.peach-pump.com\/sk\/wp-json\/wp\/v2\/product"}],"about":[{"href":"https:\/\/staging5.peach-pump.com\/sk\/wp-json\/wp\/v2\/types\/product"}],"replies":[{"embeddable":true,"href":"https:\/\/staging5.peach-pump.com\/sk\/wp-json\/wp\/v2\/comments?post=40226"}],"version-history":[{"count":0,"href":"https:\/\/staging5.peach-pump.com\/sk\/wp-json\/wp\/v2\/product\/40226\/revisions"}],"wp:featuredmedia":[{"embeddable":true,"href":"https:\/\/staging5.peach-pump.com\/sk\/wp-json\/wp\/v2\/media\/39298"}],"wp:attachment":[{"href":"https:\/\/staging5.peach-pump.com\/sk\/wp-json\/wp\/v2\/media?parent=40226"}],"wp:term":[{"taxonomy":"product_brand","embeddable":true,"href":"https:\/\/staging5.peach-pump.com\/sk\/wp-json\/wp\/v2\/product_brand?post=40226"},{"taxonomy":"product_cat","embeddable":true,"href":"https:\/\/staging5.peach-pump.com\/sk\/wp-json\/wp\/v2\/product_cat?post=40226"},{"taxonomy":"product_tag","embeddable":true,"href":"https:\/\/staging5.peach-pump.com\/sk\/wp-json\/wp\/v2\/product_tag?post=40226"}],"curies":[{"name":"wp","href":"https:\/\/api.w.org\/{rel}","templated":true}]}}