{"id":40182,"date":"2023-05-20T22:33:59","date_gmt":"2023-05-20T20:33:59","guid":{"rendered":"https:\/\/staging5.peach-pump.com\/products\/efektna-podprsenka-s-jednym-ramienkom-v-bezovej-farbe\/"},"modified":"2025-07-30T03:50:29","modified_gmt":"2025-07-30T01:50:29","slug":"podprsenka-s-jednym-ramienkom-v-bezovej-farbe","status":"publish","type":"product","link":"https:\/\/staging5.peach-pump.com\/sk\/products\/podprsenka-s-jednym-ramienkom-v-bezovej-farbe\/","title":{"rendered":"\u0160portov\u00e1 podprsenka s jedn\u00fdm ramienkom v b\u00e9\u017eovej farbe"},"content":{"rendered":"<p>\u0160portov\u00e1 podprsenka v b\u00e9\u017eovej farbe. T\u00e1to podprsenka s jedn\u00fdm ramienkom je vyroben\u00e1 z jemnej ripstopovej tkaniny s vypch\u00e1vkami , ktor\u00e9 sa daj\u00fa vybra\u0165. Podprsenka je priedu\u0161n\u00e1 a odv\u00e1dza vlhkos\u0165 od tela. D\u00e1 sa kombinova\u0165 s leg\u00ednami v rovnakej farbe a z rovnakej l\u00e1tky, ktor\u00e9 si m\u00f4\u017eete pozrie\u0165 v \u010dasti &#8220;\u0160portov\u00e9 s\u00fapravy s leg\u00ednami&#8221;.<\/p>\n<ul>\n<li>Ripstopov\u00e1 tkanina<\/li>\n<li>Tepelne vytla\u010den\u00e9 logo &#8220;Peach Pump&#8221; na bo\u010dnej strane podprsenky<\/li>\n<li>Ve\u013ek\u00e1 pru\u017enos\u0165<\/li>\n<li>Bez\u0161vov\u00e1 ripstopov\u00e1 tkanina<\/li>\n<li>Vypch\u00e1vky, ktor\u00e9 sa daj\u00fa odstr\u00e1ni\u0165.<\/li>\n<li>Jedno ramienko<\/li>\n<li>Dvojit\u00e1 guma na chrbte<\/li>\n<\/ul>\n<p>Zlo\u017eenie: 80% polyester, 20% spandex.<\/p>\n<p>Modelka na obr\u00e1zku je vysok\u00e1 178 cm, v\u00e1\u017ei 54 kg a p\u00f3zuje vo ve\u013ekosti M.<\/p>\n<p>Podprsenku mo\u017eno pra\u0165 do 30\u00b0 C, nepou\u017e\u00edvajte bielidl\u00e1 ani chemick\u00e9 \u010distenie.<\/p>\n","protected":false},"excerpt":{"rendered":"<p>\u0160portov\u00e1 podprsenka v b\u00e9\u017eovej farbe. T\u00e1to podprsenka s jedn\u00fdm ramienkom je vyroben\u00e1 z jemnej ripstopovej tkaniny s vypch\u00e1vkami , ktor\u00e9 sa daj\u00fa vybra\u0165. Podprsenka je priedu\u0161n\u00e1 a odv\u00e1dza vlhkos\u0165 od tela. D\u00e1 sa kombinova\u0165 s leg\u00ednami v rovnakej farbe a z rovnakej l\u00e1tky, ktor\u00e9 si m\u00f4\u017eete pozrie\u0165 v \u010dasti &#8220;\u0160portov\u00e9 s\u00fapravy s leg\u00ednami&#8221;. Ripstopov\u00e1 tkanina [&hellip;]<\/p>\n","protected":false},"featured_media":39717,"comment_status":"open","ping_status":"closed","template":"","meta":[],"product_brand":[],"product_cat":[371],"product_tag":[],"class_list":{"0":"post-40182","1":"product","2":"type-product","3":"status-publish","4":"has-post-thumbnail","6":"product_cat-damske-sportovni-podprsenky","7":"pa_cviat-bezove-sk","8":"pa_razmer-l-sk","9":"pa_razmer-m-sk-2","10":"pa_razmer-s-sk-2","11":"inventories-world","12":"inventories-uk","14":"first","15":"instock","16":"sale","17":"taxable","18":"shipping-taxable","19":"purchasable","20":"product-type-variable"},"_links":{"self":[{"href":"https:\/\/staging5.peach-pump.com\/sk\/wp-json\/wp\/v2\/product\/40182","targetHints":{"allow":["GET"]}}],"collection":[{"href":"https:\/\/staging5.peach-pump.com\/sk\/wp-json\/wp\/v2\/product"}],"about":[{"href":"https:\/\/staging5.peach-pump.com\/sk\/wp-json\/wp\/v2\/types\/product"}],"replies":[{"embeddable":true,"href":"https:\/\/staging5.peach-pump.com\/sk\/wp-json\/wp\/v2\/comments?post=40182"}],"version-history":[{"count":0,"href":"https:\/\/staging5.peach-pump.com\/sk\/wp-json\/wp\/v2\/product\/40182\/revisions"}],"wp:featuredmedia":[{"embeddable":true,"href":"https:\/\/staging5.peach-pump.com\/sk\/wp-json\/wp\/v2\/media\/39717"}],"wp:attachment":[{"href":"https:\/\/staging5.peach-pump.com\/sk\/wp-json\/wp\/v2\/media?parent=40182"}],"wp:term":[{"taxonomy":"product_brand","embeddable":true,"href":"https:\/\/staging5.peach-pump.com\/sk\/wp-json\/wp\/v2\/product_brand?post=40182"},{"taxonomy":"product_cat","embeddable":true,"href":"https:\/\/staging5.peach-pump.com\/sk\/wp-json\/wp\/v2\/product_cat?post=40182"},{"taxonomy":"product_tag","embeddable":true,"href":"https:\/\/staging5.peach-pump.com\/sk\/wp-json\/wp\/v2\/product_tag?post=40182"}],"curies":[{"name":"wp","href":"https:\/\/api.w.org\/{rel}","templated":true}]}}