{"id":35425,"date":"2022-10-11T19:16:33","date_gmt":"2022-10-11T17:16:33","guid":{"rendered":"https:\/\/staging5.peach-pump.com\/products\/damska-sportova-mikina-so-zipsom-v-ciernej-farbe\/"},"modified":"2025-07-29T17:06:54","modified_gmt":"2025-07-29T15:06:54","slug":"damska-sportova-mikina-so-zipsom-v-ciernej-farbe","status":"publish","type":"product","link":"https:\/\/staging5.peach-pump.com\/sk\/products\/damska-sportova-mikina-so-zipsom-v-ciernej-farbe\/","title":{"rendered":"D\u00e1mska \u0161portov\u00e1 mikina so zipsom v \u010diernej farbe"},"content":{"rendered":"<p>D\u00e1mska \u0161portov\u00e1 mikina na zips v univerz\u00e1lnej \u010diernej farbe m\u00e1 zips a otvory na palce na ruk\u00e1voch , v\u010faka \u010domu sa v\u00e1m ruk\u00e1vy po\u010das tr\u00e9ningu, behu alebo jazdy na bicykli nezhrn\u00fa. Strih mikiny ve\u013emi kr\u00e1sne modeluje siluetu a kr\u00e1sne stoj\u00ed na tele. V\u010faka svojej univerz\u00e1lnej \u010diernej farbe sa d\u00e1 kombinova\u0165 s r\u00f4znymi farbami leg\u00edn alebo bustier.  <\/p>\n<ul>\n<li> Elastick\u00e1 r\u00fdchloschn\u00faca tkanina<\/li>\n<li> Tepelne vytla\u010den\u00e9 logo Peach Pump na ramene<\/li>\n<li> Zap\u00ednanie na zips<\/li>\n<li> Otvory na palce<\/li>\n<\/ul>\n<p>  Zlo\u017eenie : 80% polyester 20% spandex. Mikinu je mo\u017en\u00e9 pra\u0165 pri teplote do 30 stup\u0148ov, nepou\u017e\u00edvajte bielidl\u00e1 ani chemick\u00e9 \u010distenie. Modelka na obr\u00e1zku je vysok\u00e1 178 cm, v\u00e1\u017ei 54 kg a p\u00f3zuje vo ve\u013ekosti S. Na v\u00fdber presnej ve\u013ekosti pou\u017eite pros\u00edm tabu\u013eku ve\u013ekost\u00ed.<\/p>\n","protected":false},"excerpt":{"rendered":"<p>D\u00e1mska \u0161portov\u00e1 mikina na zips v univerz\u00e1lnej \u010diernej farbe m\u00e1 zips a otvory na palce na ruk\u00e1voch , v\u010faka \u010domu sa v\u00e1m ruk\u00e1vy po\u010das tr\u00e9ningu, behu alebo jazdy na bicykli nezhrn\u00fa. Strih mikiny ve\u013emi kr\u00e1sne modeluje siluetu a kr\u00e1sne stoj\u00ed na tele. V\u010faka svojej univerz\u00e1lnej \u010diernej farbe sa d\u00e1 kombinova\u0165 s r\u00f4znymi farbami leg\u00edn alebo [&hellip;]<\/p>\n","protected":false},"featured_media":94590,"comment_status":"open","ping_status":"closed","template":"","meta":[],"product_brand":[],"product_cat":[925,370],"product_tag":[],"class_list":{"0":"post-35425","1":"product","2":"type-product","3":"status-publish","4":"has-post-thumbnail","6":"product_cat-damske-bundy-sk","7":"product_cat-damske-sportove-bluzky","8":"pa_cviat-cierne","9":"pa_razmer-l-sk","10":"pa_razmer-m-sk-2","11":"pa_razmer-s-sk-2","12":"inventories-world","13":"inventories-uk","15":"first","16":"instock","17":"sale","18":"taxable","19":"shipping-taxable","20":"purchasable","21":"product-type-variable"},"_links":{"self":[{"href":"https:\/\/staging5.peach-pump.com\/sk\/wp-json\/wp\/v2\/product\/35425","targetHints":{"allow":["GET"]}}],"collection":[{"href":"https:\/\/staging5.peach-pump.com\/sk\/wp-json\/wp\/v2\/product"}],"about":[{"href":"https:\/\/staging5.peach-pump.com\/sk\/wp-json\/wp\/v2\/types\/product"}],"replies":[{"embeddable":true,"href":"https:\/\/staging5.peach-pump.com\/sk\/wp-json\/wp\/v2\/comments?post=35425"}],"version-history":[{"count":0,"href":"https:\/\/staging5.peach-pump.com\/sk\/wp-json\/wp\/v2\/product\/35425\/revisions"}],"wp:featuredmedia":[{"embeddable":true,"href":"https:\/\/staging5.peach-pump.com\/sk\/wp-json\/wp\/v2\/media\/94590"}],"wp:attachment":[{"href":"https:\/\/staging5.peach-pump.com\/sk\/wp-json\/wp\/v2\/media?parent=35425"}],"wp:term":[{"taxonomy":"product_brand","embeddable":true,"href":"https:\/\/staging5.peach-pump.com\/sk\/wp-json\/wp\/v2\/product_brand?post=35425"},{"taxonomy":"product_cat","embeddable":true,"href":"https:\/\/staging5.peach-pump.com\/sk\/wp-json\/wp\/v2\/product_cat?post=35425"},{"taxonomy":"product_tag","embeddable":true,"href":"https:\/\/staging5.peach-pump.com\/sk\/wp-json\/wp\/v2\/product_tag?post=35425"}],"curies":[{"name":"wp","href":"https:\/\/api.w.org\/{rel}","templated":true}]}}