{"id":35240,"date":"2022-07-04T18:32:56","date_gmt":"2022-07-04T16:32:56","guid":{"rendered":"https:\/\/staging5.peach-pump.com\/products\/ruzovy-sportovy-top-so-zipsom-na-fitness\/"},"modified":"2025-07-19T05:39:54","modified_gmt":"2025-07-19T03:39:54","slug":"ruzovy-sportovy-top-so-zipsom-na-fitness","status":"publish","type":"product","link":"https:\/\/staging5.peach-pump.com\/sk\/products\/ruzovy-sportovy-top-so-zipsom-na-fitness\/","title":{"rendered":"Ru\u017eov\u00fd \u0161portov\u00fd top so zipsom na fitness"},"content":{"rendered":"<p>D\u00e1msky ru\u017eov\u00fd \u0161portov\u00fd top na zips na fitness a \u0161port vytvoren\u00fd z m\u00e4kkej ripstopovej tkaniny. Top m\u00e1 dvojit\u00fd zips, ktor\u00fd ho rob\u00ed zauj\u00edmav\u00fdm a odli\u0161n\u00fdm. Je vhodn\u00fd na kondi\u010dn\u00fd tr\u00e9ning, jogu, tenis a prech\u00e1dzky. Tkanina, z ktorej je vyroben\u00fd, je priedu\u0161n\u00e1 a nezanech\u00e1va stopy potu, s t\u00fdmto modelom sa budete c\u00edti\u0165 pohodlne a sebaisto.<\/p>\n<ul>\n<li>Ripstopov\u00e1 tkanina<\/li>\n<li>Dvojit\u00fd zips<\/li>\n<li>Ve\u013ek\u00e1 pru\u017enos\u0165<\/li>\n<li>Tepelne vytla\u010den\u00e9 logo Peach Pump v prednej \u010dasti topu.<\/li>\n<li>Technol\u00f3gia odstra\u0148ovania potu<\/li>\n<\/ul>\n<p>Zlo\u017eenie: 80% polyester, 20% spandex<\/p>\n<p>Top je mo\u017en\u00e9 pra\u0165 pri teplote do 30 \u00b0C. Nepou\u017e\u00edva\u0165 bielenie alebo chemick\u00e9 \u010distenie.<\/p>\n<p>Modelka na fotografii je vysok\u00e1 178 cm, v\u00e1\u017ei 54 kg a p\u00f3zuje vo ve\u013ekosti M.<\/p>\n<p>Na v\u00fdber presnej ve\u013ekosti pou\u017eite tabu\u013eky.<\/p>\n","protected":false},"excerpt":{"rendered":"<p>D\u00e1msky ru\u017eov\u00fd \u0161portov\u00fd top na zips na fitness a \u0161port vytvoren\u00fd z m\u00e4kkej ripstopovej tkaniny. Top m\u00e1 dvojit\u00fd zips, ktor\u00fd ho rob\u00ed zauj\u00edmav\u00fdm a odli\u0161n\u00fdm. Je vhodn\u00fd na kondi\u010dn\u00fd tr\u00e9ning, jogu, tenis a prech\u00e1dzky. Tkanina, z ktorej je vyroben\u00fd, je priedu\u0161n\u00e1 a nezanech\u00e1va stopy potu, s t\u00fdmto modelom sa budete c\u00edti\u0165 pohodlne a sebaisto. Ripstopov\u00e1 [&hellip;]<\/p>\n","protected":false},"featured_media":18518,"comment_status":"open","ping_status":"closed","template":"","meta":[],"product_brand":[],"product_cat":[370],"product_tag":[],"class_list":{"0":"post-35240","1":"product","2":"type-product","3":"status-publish","4":"has-post-thumbnail","6":"product_cat-damske-sportove-bluzky","7":"pa_cviat-ruzovo","8":"pa_razmer-m-sk-2","9":"pa_razmer-s-sk-2","10":"inventories-world","11":"inventories-uk","13":"first","14":"instock","15":"sale","16":"taxable","17":"shipping-taxable","18":"purchasable","19":"product-type-variable"},"_links":{"self":[{"href":"https:\/\/staging5.peach-pump.com\/sk\/wp-json\/wp\/v2\/product\/35240","targetHints":{"allow":["GET"]}}],"collection":[{"href":"https:\/\/staging5.peach-pump.com\/sk\/wp-json\/wp\/v2\/product"}],"about":[{"href":"https:\/\/staging5.peach-pump.com\/sk\/wp-json\/wp\/v2\/types\/product"}],"replies":[{"embeddable":true,"href":"https:\/\/staging5.peach-pump.com\/sk\/wp-json\/wp\/v2\/comments?post=35240"}],"version-history":[{"count":0,"href":"https:\/\/staging5.peach-pump.com\/sk\/wp-json\/wp\/v2\/product\/35240\/revisions"}],"wp:featuredmedia":[{"embeddable":true,"href":"https:\/\/staging5.peach-pump.com\/sk\/wp-json\/wp\/v2\/media\/18518"}],"wp:attachment":[{"href":"https:\/\/staging5.peach-pump.com\/sk\/wp-json\/wp\/v2\/media?parent=35240"}],"wp:term":[{"taxonomy":"product_brand","embeddable":true,"href":"https:\/\/staging5.peach-pump.com\/sk\/wp-json\/wp\/v2\/product_brand?post=35240"},{"taxonomy":"product_cat","embeddable":true,"href":"https:\/\/staging5.peach-pump.com\/sk\/wp-json\/wp\/v2\/product_cat?post=35240"},{"taxonomy":"product_tag","embeddable":true,"href":"https:\/\/staging5.peach-pump.com\/sk\/wp-json\/wp\/v2\/product_tag?post=35240"}],"curies":[{"name":"wp","href":"https:\/\/api.w.org\/{rel}","templated":true}]}}