{"id":35222,"date":"2022-12-08T09:48:17","date_gmt":"2022-12-08T07:48:17","guid":{"rendered":"https:\/\/staging5.peach-pump.com\/products\/fialovy-sportovy-top-s-dlhym-rukavom\/"},"modified":"2025-07-29T15:19:22","modified_gmt":"2025-07-29T13:19:22","slug":"fialovy-sportovy-top-s-dlhym-rukavom","status":"publish","type":"product","link":"https:\/\/staging5.peach-pump.com\/sk\/products\/fialovy-sportovy-top-s-dlhym-rukavom\/","title":{"rendered":"Fialov\u00fd \u0161portov\u00fd top s dlh\u00fdm ruk\u00e1vom"},"content":{"rendered":"<p>D\u00e1msky fialov\u00fd \u0161portov\u00fd top s dlh\u00fdmi ruk\u00e1vmi z pevnej tkaniny. Tento zauj\u00edmav\u00fd model je z ripstopovej tkaniny, kr\u00e1sne pri\u013eahne po tele a m\u00e1 \u0161irok\u00fd v\u00fdstrih. D\u00e1 sa kombinova\u0165 s leg\u00ednami v rovnakej farbe alebo s in\u00fdmi jednoduch\u0161\u00edmi farebn\u00fdmi leg\u00ednami. Bl\u00fazka je vhodn\u00e1 do chladnej\u0161ieho jesenn\u00e9ho\/zimn\u00e9ho po\u010dasia, zamilujete si jej m\u00e4kkos\u0165 a pocit na tele.  <\/p>\n<ul>\n<li>Ripstopov\u00e1 tkanina<\/li>\n<li>Tepelne vytla\u010den\u00e9 logo &#8220;Peach Pump&#8221; na ramene<\/li>\n<li>Ve\u013ek\u00e1 pru\u017enos\u0165<\/li>\n<li>Zauj\u00edmav\u00fd dizajn<\/li>\n<\/ul>\n<p>  Zlo\u017eenie: 80% polyester 20% spandex \u00daplet mo\u017eno pra\u0165 pri teplote do 30 stup\u0148ov , pros\u00edm, nebielte ani ne\u010distite chemicky. Modelka na obr\u00e1zku je vysok\u00e1 178 cm, v\u00e1\u017ei 54 kg a p\u00f3zuje vo ve\u013ekosti M. Na v\u00fdber presnej ve\u013ekosti pou\u017eite tabu\u013eky.<\/p>\n","protected":false},"excerpt":{"rendered":"<p>D\u00e1msky fialov\u00fd \u0161portov\u00fd top s dlh\u00fdmi ruk\u00e1vmi z pevnej tkaniny. Tento zauj\u00edmav\u00fd model je z ripstopovej tkaniny, kr\u00e1sne pri\u013eahne po tele a m\u00e1 \u0161irok\u00fd v\u00fdstrih. D\u00e1 sa kombinova\u0165 s leg\u00ednami v rovnakej farbe alebo s in\u00fdmi jednoduch\u0161\u00edmi farebn\u00fdmi leg\u00ednami. Bl\u00fazka je vhodn\u00e1 do chladnej\u0161ieho jesenn\u00e9ho\/zimn\u00e9ho po\u010dasia, zamilujete si jej m\u00e4kkos\u0165 a pocit na tele. Ripstopov\u00e1 [&hellip;]<\/p>\n","protected":false},"featured_media":24835,"comment_status":"open","ping_status":"closed","template":"","meta":[],"product_brand":[],"product_cat":[370],"product_tag":[],"class_list":{"0":"post-35222","1":"product","2":"type-product","3":"status-publish","4":"has-post-thumbnail","6":"product_cat-damske-sportove-bluzky","7":"pa_cviat-fialova-sk","8":"pa_razmer-l-sk","9":"pa_razmer-m-sk-2","10":"pa_razmer-s-sk-2","11":"inventories-world","12":"inventories-uk","14":"first","15":"instock","16":"taxable","17":"shipping-taxable","18":"purchasable","19":"product-type-variable"},"_links":{"self":[{"href":"https:\/\/staging5.peach-pump.com\/sk\/wp-json\/wp\/v2\/product\/35222","targetHints":{"allow":["GET"]}}],"collection":[{"href":"https:\/\/staging5.peach-pump.com\/sk\/wp-json\/wp\/v2\/product"}],"about":[{"href":"https:\/\/staging5.peach-pump.com\/sk\/wp-json\/wp\/v2\/types\/product"}],"replies":[{"embeddable":true,"href":"https:\/\/staging5.peach-pump.com\/sk\/wp-json\/wp\/v2\/comments?post=35222"}],"version-history":[{"count":0,"href":"https:\/\/staging5.peach-pump.com\/sk\/wp-json\/wp\/v2\/product\/35222\/revisions"}],"wp:featuredmedia":[{"embeddable":true,"href":"https:\/\/staging5.peach-pump.com\/sk\/wp-json\/wp\/v2\/media\/24835"}],"wp:attachment":[{"href":"https:\/\/staging5.peach-pump.com\/sk\/wp-json\/wp\/v2\/media?parent=35222"}],"wp:term":[{"taxonomy":"product_brand","embeddable":true,"href":"https:\/\/staging5.peach-pump.com\/sk\/wp-json\/wp\/v2\/product_brand?post=35222"},{"taxonomy":"product_cat","embeddable":true,"href":"https:\/\/staging5.peach-pump.com\/sk\/wp-json\/wp\/v2\/product_cat?post=35222"},{"taxonomy":"product_tag","embeddable":true,"href":"https:\/\/staging5.peach-pump.com\/sk\/wp-json\/wp\/v2\/product_tag?post=35222"}],"curies":[{"name":"wp","href":"https:\/\/api.w.org\/{rel}","templated":true}]}}