{"id":34535,"date":"2022-12-16T12:53:43","date_gmt":"2022-12-16T10:53:43","guid":{"rendered":"https:\/\/staging5.peach-pump.com\/products\/damska-sportova-mikina-so-zipsom-v-ciernej-farbe\/"},"modified":"2025-07-29T14:54:34","modified_gmt":"2025-07-29T12:54:34","slug":"damska-sportova-mikina-so-zapinanim-priliehava-cierna","status":"publish","type":"product","link":"https:\/\/staging5.peach-pump.com\/sk\/products\/damska-sportova-mikina-so-zapinanim-priliehava-cierna\/","title":{"rendered":"D\u00e1mska \u0161portov\u00e1 mikina so zipsom v \u010diernej farbe"},"content":{"rendered":"<p>Model d\u00e1mskej \u0161portovej mikiny so zipsom, ktor\u00e1 je priliehav\u00e1 po tele v \u010diernej farbe. Mikina m\u00e1 na ruk\u00e1voch otvory na palce , v\u010faka \u010domu bud\u00fa va\u0161e ruky chr\u00e1nen\u00e9 pri cvi\u010den\u00ed vonku a ruk\u00e1vy sa v\u00e1m nebud\u00fa vyhr\u0148ova\u0165. Strih mikiny je ve\u013emi kr\u00e1sny, priliehav\u00fd, pri\u010dom modeluje siluetu. Daj\u00fa sa kombinova\u0165 s r\u00f4znymi farebn\u00fdmi leg\u00ednami alebo prsiami.  <\/p>\n<ul>\n<li>Elastick\u00e1 r\u00fdchloschn\u00faca tkanina<\/li>\n<li>Tepelne vytla\u010den\u00e9 logo Peach Pump na ramene<\/li>\n<li>Zap\u00ednanie na zips<\/li>\n<li>Otvory na palce<\/li>\n<li>Model tvaruj\u00faci postavu<\/li>\n<\/ul>\n<p>  Zlo\u017eenie : 80% polyester 20% spandex. Mikinu mo\u017eno pra\u0165 na 30\u00b0C, nepou\u017e\u00edvajte bielidl\u00e1 ani chemick\u00e9 \u010distenie. Modelka na obr\u00e1zku je vysok\u00e1 178 cm, v\u00e1\u017ei 54 kg a p\u00f3zuje vo ve\u013ekosti S. Na v\u00fdber presnej ve\u013ekosti pou\u017eite pros\u00edm tabu\u013eku ve\u013ekost\u00ed.  <strong> <\/strong><\/p>\n","protected":false},"excerpt":{"rendered":"<p>Model d\u00e1mskej \u0161portovej mikiny so zipsom, ktor\u00e1 je priliehav\u00e1 po tele v \u010diernej farbe. Mikina m\u00e1 na ruk\u00e1voch otvory na palce , v\u010faka \u010domu bud\u00fa va\u0161e ruky chr\u00e1nen\u00e9 pri cvi\u010den\u00ed vonku a ruk\u00e1vy sa v\u00e1m nebud\u00fa vyhr\u0148ova\u0165. Strih mikiny je ve\u013emi kr\u00e1sny, priliehav\u00fd, pri\u010dom modeluje siluetu. Daj\u00fa sa kombinova\u0165 s r\u00f4znymi farebn\u00fdmi leg\u00ednami alebo prsiami. [&hellip;]<\/p>\n","protected":false},"featured_media":25306,"comment_status":"open","ping_status":"closed","template":"","meta":[],"product_brand":[],"product_cat":[925,370],"product_tag":[],"class_list":{"0":"post-34535","1":"product","2":"type-product","3":"status-publish","4":"has-post-thumbnail","6":"product_cat-damske-bundy-sk","7":"product_cat-damske-sportove-bluzky","8":"pa_cviat-cierne","9":"pa_razmer-l-sk","10":"pa_razmer-m-sk-2","11":"pa_razmer-s-sk-2","12":"inventories-world","13":"inventories-uk","15":"first","16":"instock","17":"sale","18":"taxable","19":"shipping-taxable","20":"purchasable","21":"product-type-variable"},"_links":{"self":[{"href":"https:\/\/staging5.peach-pump.com\/sk\/wp-json\/wp\/v2\/product\/34535","targetHints":{"allow":["GET"]}}],"collection":[{"href":"https:\/\/staging5.peach-pump.com\/sk\/wp-json\/wp\/v2\/product"}],"about":[{"href":"https:\/\/staging5.peach-pump.com\/sk\/wp-json\/wp\/v2\/types\/product"}],"replies":[{"embeddable":true,"href":"https:\/\/staging5.peach-pump.com\/sk\/wp-json\/wp\/v2\/comments?post=34535"}],"version-history":[{"count":0,"href":"https:\/\/staging5.peach-pump.com\/sk\/wp-json\/wp\/v2\/product\/34535\/revisions"}],"wp:featuredmedia":[{"embeddable":true,"href":"https:\/\/staging5.peach-pump.com\/sk\/wp-json\/wp\/v2\/media\/25306"}],"wp:attachment":[{"href":"https:\/\/staging5.peach-pump.com\/sk\/wp-json\/wp\/v2\/media?parent=34535"}],"wp:term":[{"taxonomy":"product_brand","embeddable":true,"href":"https:\/\/staging5.peach-pump.com\/sk\/wp-json\/wp\/v2\/product_brand?post=34535"},{"taxonomy":"product_cat","embeddable":true,"href":"https:\/\/staging5.peach-pump.com\/sk\/wp-json\/wp\/v2\/product_cat?post=34535"},{"taxonomy":"product_tag","embeddable":true,"href":"https:\/\/staging5.peach-pump.com\/sk\/wp-json\/wp\/v2\/product_tag?post=34535"}],"curies":[{"name":"wp","href":"https:\/\/api.w.org\/{rel}","templated":true}]}}