{"id":34456,"date":"2022-07-06T19:42:07","date_gmt":"2022-07-06T17:42:07","guid":{"rendered":"https:\/\/staging5.peach-pump.com\/products\/modre-bezsvove-leginy-s-tvarovacim-efektom-a-rozparkami-po-celej-dlzke\/"},"modified":"2025-07-31T07:59:42","modified_gmt":"2025-07-31T05:59:42","slug":"leginy-rozparky-tvarovaci-efekt-modre","status":"publish","type":"product","link":"https:\/\/staging5.peach-pump.com\/sk\/products\/leginy-rozparky-tvarovaci-efekt-modre\/","title":{"rendered":"Modr\u00e9 bez\u0161vov\u00e9 leg\u00edny s tvarovac\u00edm efektom a rozparkami po celej d\u013a\u017eke"},"content":{"rendered":"<p>Detsk\u00e9 modr\u00e9 bez\u0161vov\u00e9 leg\u00edny, ktor\u00e9 dokonale tvaruj\u00fa telo. Klin je vyroben\u00fd z priedu\u0161nej tkaniny, m\u00e1 po oboch stran\u00e1ch po d\u013a\u017eke vykrojen\u00e9 prvky, \u0161irok\u00fd ripsov\u00fd p\u00e1s a efekt Peach Pump. S t\u00fdmto modelom leg\u00edn sa budete c\u00edti\u0165 sebavedomo a sexy. Klin je vyroben\u00fd z pevnej\u0161ej tkaniny.  <\/p>\n<ul>\n<li>Vysok\u00fd p\u00e1s<\/li>\n<li>Bez\u0161vov\u00e1 tkanina<\/li>\n<li>Zdv\u00edha, tvaruje, zakr\u00fdva probl\u00e9mov\u00e9 oblasti<\/li>\n<li>Opasok obop\u00ednaj\u00faci p\u00e1s<\/li>\n<li>Peachy efekt<\/li>\n<li>Bez\u0161vov\u00e9 vpredu<\/li>\n<li>Tepelne vytla\u010den\u00e9 Peach Pump logo na zadnej strane leg\u00edn<\/li>\n<li>Tkanina na odstra\u0148ovanie potu<\/li>\n<\/ul>\n<p>  Zlo\u017eenie: 80% polyester 20% spandex Klin je mo\u017en\u00e9 pra\u0165 pri teplote do 30 stup\u0148ov, pros\u00edm, nebielte ani ne\u010distite chemicky. Modelka na obr\u00e1zku je vysok\u00e1 178 cm, v\u00e1\u017ei 54 kg a p\u00f3zuje vo ve\u013ekosti M , (Klin je z pevnej\u0161ieho materi\u00e1lu). Na v\u00fdber presnej ve\u013ekosti pou\u017eite tabu\u013eky.<\/p>\n","protected":false},"excerpt":{"rendered":"<p>Detsk\u00e9 modr\u00e9 bez\u0161vov\u00e9 leg\u00edny, ktor\u00e9 dokonale tvaruj\u00fa telo. Klin je vyroben\u00fd z priedu\u0161nej tkaniny, m\u00e1 po oboch stran\u00e1ch po d\u013a\u017eke vykrojen\u00e9 prvky, \u0161irok\u00fd ripsov\u00fd p\u00e1s a efekt Peach Pump. S t\u00fdmto modelom leg\u00edn sa budete c\u00edti\u0165 sebavedomo a sexy. Klin je vyroben\u00fd z pevnej\u0161ej tkaniny. Vysok\u00fd p\u00e1s Bez\u0161vov\u00e1 tkanina Zdv\u00edha, tvaruje, zakr\u00fdva probl\u00e9mov\u00e9 oblasti Opasok [&hellip;]<\/p>\n","protected":false},"featured_media":38224,"comment_status":"open","ping_status":"closed","template":"","meta":[],"product_brand":[],"product_cat":[148,313],"product_tag":[],"class_list":{"0":"post-34456","1":"product","2":"type-product","3":"status-publish","4":"has-post-thumbnail","6":"product_cat-damske-sportove-leginy","7":"product_cat-damske-leginy-dlhe","8":"pa_cviat-modr-sk","9":"pa_razmer-l-sk","10":"pa_razmer-m-sk-2","11":"pa_razmer-s-sk-2","12":"inventories-world","14":"first","15":"instock","16":"sale","17":"taxable","18":"shipping-taxable","19":"purchasable","20":"product-type-variable"},"_links":{"self":[{"href":"https:\/\/staging5.peach-pump.com\/sk\/wp-json\/wp\/v2\/product\/34456","targetHints":{"allow":["GET"]}}],"collection":[{"href":"https:\/\/staging5.peach-pump.com\/sk\/wp-json\/wp\/v2\/product"}],"about":[{"href":"https:\/\/staging5.peach-pump.com\/sk\/wp-json\/wp\/v2\/types\/product"}],"replies":[{"embeddable":true,"href":"https:\/\/staging5.peach-pump.com\/sk\/wp-json\/wp\/v2\/comments?post=34456"}],"version-history":[{"count":0,"href":"https:\/\/staging5.peach-pump.com\/sk\/wp-json\/wp\/v2\/product\/34456\/revisions"}],"wp:featuredmedia":[{"embeddable":true,"href":"https:\/\/staging5.peach-pump.com\/sk\/wp-json\/wp\/v2\/media\/38224"}],"wp:attachment":[{"href":"https:\/\/staging5.peach-pump.com\/sk\/wp-json\/wp\/v2\/media?parent=34456"}],"wp:term":[{"taxonomy":"product_brand","embeddable":true,"href":"https:\/\/staging5.peach-pump.com\/sk\/wp-json\/wp\/v2\/product_brand?post=34456"},{"taxonomy":"product_cat","embeddable":true,"href":"https:\/\/staging5.peach-pump.com\/sk\/wp-json\/wp\/v2\/product_cat?post=34456"},{"taxonomy":"product_tag","embeddable":true,"href":"https:\/\/staging5.peach-pump.com\/sk\/wp-json\/wp\/v2\/product_tag?post=34456"}],"curies":[{"name":"wp","href":"https:\/\/api.w.org\/{rel}","templated":true}]}}