{"id":34426,"date":"2022-06-19T09:01:06","date_gmt":"2022-06-19T07:01:06","guid":{"rendered":"https:\/\/staging5.peach-pump.com\/products\/kratke-biele-leginy-na-fitness-a-behanie-ripstopova-tkanina\/"},"modified":"2025-07-31T10:14:06","modified_gmt":"2025-07-31T08:14:06","slug":"kratke-biele-leginy-na-fitness-ripstopova-latka","status":"publish","type":"product","link":"https:\/\/staging5.peach-pump.com\/sk\/products\/kratke-biele-leginy-na-fitness-ripstopova-latka\/","title":{"rendered":"Kr\u00e1tke biele leg\u00edny na fitness a behanie ripstopov\u00e1 tkanina"},"content":{"rendered":"<p>Kr\u00e1tke biele leg\u00edny na fitness a in\u00e9 \u0161porty z ripstopovej tkaniny. Leg\u00edny s\u00fa viac zostrihnut\u00e9, l\u00e1tka je hrub\u00e1, NIE je prieh\u013eadn\u00e1, kr\u00e1sne stoja na tele. Model m\u00e1 vysok\u00fd p\u00e1s a m\u00f4\u017eete ho skombinova\u0165 s bielou bl\u00fazkou alebo podprsenkou s jedn\u00fdm ramienkom, ktor\u00e9 s\u00fa vyroben\u00e9 z rovnakej l\u00e1tky, m\u00f4\u017eete si ich pozrie\u0165 na na\u0161ej str\u00e1nke v \u010dasti tri\u010dk\u00e1 a podprsenky.<\/p>\n<ul>\n<li>Vysok\u00fd p\u00e1s<\/li>\n<li>Ripstopov\u00e1 tkanina<\/li>\n<li>Opasok obop\u00ednaj\u00faci p\u00e1s<\/li>\n<li>Bez\u0161vov\u00e9 vpredu<\/li>\n<li>Tepelne vytla\u010den\u00e9 Peach Pump logo na zadnej strane leg\u00edn<\/li>\n<\/ul>\n<p>Zlo\u017eenie: 80% polyester, 20% spandex<\/p>\n<p>Leg\u00edny je mo\u017en\u00e9 pra\u0165 pri teplote do 30 \u00b0C. Nepou\u017e\u00edva\u0165 bielenie alebo chemick\u00e9 \u010distenie.<\/p>\n<p>Modelka na obr\u00e1zku je vysok\u00e1 178 cm, v\u00e1\u017ei 54 kg a p\u00f3zuje vo ve\u013ekosti S.<\/p>\n<p>Na v\u00fdber presnej ve\u013ekosti pou\u017eite tabu\u013eky.<\/p>\n","protected":false},"excerpt":{"rendered":"<p>Kr\u00e1tke biele leg\u00edny na fitness a in\u00e9 \u0161porty z ripstopovej tkaniny. Leg\u00edny s\u00fa viac zostrihnut\u00e9, l\u00e1tka je hrub\u00e1, NIE je prieh\u013eadn\u00e1, kr\u00e1sne stoja na tele. Model m\u00e1 vysok\u00fd p\u00e1s a m\u00f4\u017eete ho skombinova\u0165 s bielou bl\u00fazkou alebo podprsenkou s jedn\u00fdm ramienkom, ktor\u00e9 s\u00fa vyroben\u00e9 z rovnakej l\u00e1tky, m\u00f4\u017eete si ich pozrie\u0165 na na\u0161ej str\u00e1nke v [&hellip;]<\/p>\n","protected":false},"featured_media":12941,"comment_status":"open","ping_status":"closed","template":"","meta":[],"product_brand":[],"product_cat":[148,203],"product_tag":[],"class_list":{"0":"post-34426","1":"product","2":"type-product","3":"status-publish","4":"has-post-thumbnail","6":"product_cat-damske-sportove-leginy","7":"product_cat-kratke-leginy-sk","8":"pa_cviat-biely-sk","9":"pa_razmer-m-sk-2","10":"pa_razmer-s-sk-2","11":"inventories-world","13":"first","14":"instock","15":"sale","16":"taxable","17":"shipping-taxable","18":"purchasable","19":"product-type-variable"},"_links":{"self":[{"href":"https:\/\/staging5.peach-pump.com\/sk\/wp-json\/wp\/v2\/product\/34426","targetHints":{"allow":["GET"]}}],"collection":[{"href":"https:\/\/staging5.peach-pump.com\/sk\/wp-json\/wp\/v2\/product"}],"about":[{"href":"https:\/\/staging5.peach-pump.com\/sk\/wp-json\/wp\/v2\/types\/product"}],"replies":[{"embeddable":true,"href":"https:\/\/staging5.peach-pump.com\/sk\/wp-json\/wp\/v2\/comments?post=34426"}],"version-history":[{"count":0,"href":"https:\/\/staging5.peach-pump.com\/sk\/wp-json\/wp\/v2\/product\/34426\/revisions"}],"wp:featuredmedia":[{"embeddable":true,"href":"https:\/\/staging5.peach-pump.com\/sk\/wp-json\/wp\/v2\/media\/12941"}],"wp:attachment":[{"href":"https:\/\/staging5.peach-pump.com\/sk\/wp-json\/wp\/v2\/media?parent=34426"}],"wp:term":[{"taxonomy":"product_brand","embeddable":true,"href":"https:\/\/staging5.peach-pump.com\/sk\/wp-json\/wp\/v2\/product_brand?post=34426"},{"taxonomy":"product_cat","embeddable":true,"href":"https:\/\/staging5.peach-pump.com\/sk\/wp-json\/wp\/v2\/product_cat?post=34426"},{"taxonomy":"product_tag","embeddable":true,"href":"https:\/\/staging5.peach-pump.com\/sk\/wp-json\/wp\/v2\/product_tag?post=34426"}],"curies":[{"name":"wp","href":"https:\/\/api.w.org\/{rel}","templated":true}]}}