{"id":33399,"date":"2022-06-29T15:21:25","date_gmt":"2022-06-29T13:21:25","guid":{"rendered":"https:\/\/staging5.peach-pump.com\/products\/bezsvove-sportove-leginy-v-duhovo-modrych-farbach\/"},"modified":"2025-12-07T11:31:43","modified_gmt":"2025-12-07T09:31:43","slug":"bezsvove-sportove-leginy-duhovo-modra","status":"publish","type":"product","link":"https:\/\/staging5.peach-pump.com\/sk\/products\/bezsvove-sportove-leginy-duhovo-modra\/","title":{"rendered":"Bez\u0161vov\u00e9 \u0161portov\u00e9 leg\u00edny v d\u00fahovo modr\u00fdch farb\u00e1ch"},"content":{"rendered":"<p>D\u00e1mske bez\u0161vov\u00e9 \u0161portov\u00e9 leg\u00edny v d\u00fahovej modrej farbe. leg\u00edny je vytvoren\u00fd z bez\u0161vovej tkaniny, laserom ten\u010den\u00fdch prvkov, ktor\u00e9 zabra\u0148uj\u00fa poteniu po\u010das tr\u00e9ningu alebo behu. Leg\u00edny maj\u00fa kr\u00e1sny Peach Pump efekt a farby s\u00fa POSTUPNE prel\u00ednav\u00e9, model m\u00e1 vysok\u00fd p\u00e1s a pevn\u00fd opasok, ktor\u00fd sa prisp\u00f4sob\u00ed a vytvaruje. Pri v\u00fdbere ve\u013ekosti upozor\u0148ujeme, \u017ee leg\u00edny s\u00fa z pevnej\u0161ej tkaniny, na\u0161a modelka p\u00f3zuje s ve\u013ekos\u0165ou M.<\/p>\n<ul>\n<li>Vysok\u00fd p\u00e1s<\/li>\n<li>Bez\u0161vov\u00e1 tkanina<\/li>\n<li>Nadvihuje a tvaruje<\/li>\n<li>Opasok obop\u00ednaj\u00faci p\u00e1s<\/li>\n<li>Peachy efekt<\/li>\n<li>Bez\u0161vov\u00e9 vpredu<\/li>\n<li>Tepelne vytla\u010den\u00e9 Peach Pump logo na zadnej strane leg\u00edn<\/li>\n<li>Technol\u00f3gia odstra\u0148ovania potu<\/li>\n<\/ul>\n<p>Zlo\u017eenie: 80% polyester, 20% spandex<\/p>\n<p>Mikinu je mo\u017en\u00e9 pra\u0165 pri teplote do 30 stup\u0148ov, nepou\u017e\u00edvajte bielidl\u00e1 ani chemick\u00e9 \u010distenie.<\/p>\n<p>Modelka na obr\u00e1zku je vysok\u00e1 178 cm, v\u00e1\u017ei 54 kg a p\u00f3zuje vo ve\u013ekosti M (LEG\u00cdNY S\u00da Z PEVNEJ\u0160EJ TKANINY).<\/p>\n<p>Na v\u00fdber presnej ve\u013ekosti pou\u017eite tabu\u013eky.<\/p>\n","protected":false},"excerpt":{"rendered":"<p>D\u00e1mske bez\u0161vov\u00e9 \u0161portov\u00e9 leg\u00edny v d\u00fahovej modrej farbe. leg\u00edny je vytvoren\u00fd z bez\u0161vovej tkaniny, laserom ten\u010den\u00fdch prvkov, ktor\u00e9 zabra\u0148uj\u00fa poteniu po\u010das tr\u00e9ningu alebo behu. Leg\u00edny maj\u00fa kr\u00e1sny Peach Pump efekt a farby s\u00fa POSTUPNE prel\u00ednav\u00e9, model m\u00e1 vysok\u00fd p\u00e1s a pevn\u00fd opasok, ktor\u00fd sa prisp\u00f4sob\u00ed a vytvaruje. Pri v\u00fdbere ve\u013ekosti upozor\u0148ujeme, \u017ee leg\u00edny s\u00fa z [&hellip;]<\/p>\n","protected":false},"featured_media":17831,"comment_status":"open","ping_status":"closed","template":"","meta":[],"product_brand":[],"product_cat":[148,313],"product_tag":[],"class_list":{"0":"post-33399","1":"product","2":"type-product","3":"status-publish","4":"has-post-thumbnail","6":"product_cat-damske-sportove-leginy","7":"product_cat-damske-leginy-dlhe","8":"pa_cviat-modr-sk","9":"pa_razmer-l-sk","10":"pa_razmer-m-sk-2","11":"pa_razmer-s-sk-2","12":"inventories-world","13":"inventories-uk","15":"first","16":"instock","17":"sale","18":"taxable","19":"shipping-taxable","20":"purchasable","21":"product-type-variable"},"_links":{"self":[{"href":"https:\/\/staging5.peach-pump.com\/sk\/wp-json\/wp\/v2\/product\/33399","targetHints":{"allow":["GET"]}}],"collection":[{"href":"https:\/\/staging5.peach-pump.com\/sk\/wp-json\/wp\/v2\/product"}],"about":[{"href":"https:\/\/staging5.peach-pump.com\/sk\/wp-json\/wp\/v2\/types\/product"}],"replies":[{"embeddable":true,"href":"https:\/\/staging5.peach-pump.com\/sk\/wp-json\/wp\/v2\/comments?post=33399"}],"version-history":[{"count":0,"href":"https:\/\/staging5.peach-pump.com\/sk\/wp-json\/wp\/v2\/product\/33399\/revisions"}],"wp:featuredmedia":[{"embeddable":true,"href":"https:\/\/staging5.peach-pump.com\/sk\/wp-json\/wp\/v2\/media\/17831"}],"wp:attachment":[{"href":"https:\/\/staging5.peach-pump.com\/sk\/wp-json\/wp\/v2\/media?parent=33399"}],"wp:term":[{"taxonomy":"product_brand","embeddable":true,"href":"https:\/\/staging5.peach-pump.com\/sk\/wp-json\/wp\/v2\/product_brand?post=33399"},{"taxonomy":"product_cat","embeddable":true,"href":"https:\/\/staging5.peach-pump.com\/sk\/wp-json\/wp\/v2\/product_cat?post=33399"},{"taxonomy":"product_tag","embeddable":true,"href":"https:\/\/staging5.peach-pump.com\/sk\/wp-json\/wp\/v2\/product_tag?post=33399"}],"curies":[{"name":"wp","href":"https:\/\/api.w.org\/{rel}","templated":true}]}}