{"id":110741,"date":"2025-03-29T11:14:46","date_gmt":"2025-03-29T09:14:46","guid":{"rendered":"https:\/\/staging5.peach-pump.com\/products\/%d1%87%d0%b5%d1%80%d0%bd%d0%be-%d0%b1%d1%8e%d1%81%d1%82%d0%b8%d0%b5-%d1%81-%d1%87%d0%b5%d1%80%d0%bd%d0%b8-%d0%bf%d1%80%d0%b5%d0%b7%d1%80%d0%b0%d0%bc%d0%ba%d0%b8\/"},"modified":"2026-02-27T16:21:32","modified_gmt":"2026-02-27T14:21:32","slug":"cierna-podprsenka-cierne-ramienka","status":"publish","type":"product","link":"https:\/\/staging5.peach-pump.com\/sk\/products\/cierna-podprsenka-cierne-ramienka\/","title":{"rendered":"\u010cierna podprsenka s \u010diernymi ramienkami"},"content":{"rendered":"<p>\u010cierna podprsenka s \u010diernymi ramienkami a vypch\u00e1vkami so zdv\u00edhac\u00edm efektom. Tento model je vyroben\u00fd z elastickej, priedu\u0161nej tkaniny, ktor\u00e1 odv\u00e1dza vlhkos\u0165 od tela a poskytuje \u00fapln\u00fa vo\u013enos\u0165 pohybu po\u010das tr\u00e9ningu. Vypch\u00e1vky podprsenky s\u00fa odn\u00edmate\u013en\u00e9 a vpredu maj\u00fa tepelne vytla\u010den\u00e9 logo &#8220;Peach Pump&#8221;. D\u00e1 sa kombinova\u0165 s kr\u00e1tkymi leg\u00ednami v rovnakom vzore alebo jednofarebn\u00fdmi dlh\u00fdmi leg\u00ednami.   <\/p>\n<p>Svie\u017ei n\u00e1vrh, v\u010faka ktor\u00e9mu sa budete c\u00edti\u0165 kr\u00e1sne a sexy.<\/p>\n<ul>\n<li> Vypch\u00e1vky, ktor\u00e9 sa daj\u00fa odstr\u00e1ni\u0165.<\/li>\n<li> Push-Up efekt<\/li>\n<li> Ve\u013ek\u00e1 pru\u017enos\u0165<\/li>\n<li> Tepelne vytla\u010den\u00e9 Peach Pump logo na prednej \u010dasti podprsenky<\/li>\n<li> Tkanina, ktor\u00e1 odv\u00e1dza vlhkos\u0165 od tela<\/li>\n<\/ul>\n<p>Zlo\u017eenie: 80% polyester, 20% spandex<\/p>\n<p>Podprsenku mo\u017eno pra\u0165 pri teplote do 30 stup\u0148ov, pri pran\u00ed sa odpor\u00fa\u010da obr\u00e1ti\u0165, nepou\u017e\u00edvajte bielidl\u00e1 ani chemick\u00e9 \u010distenie.<\/p>\n<p>Modelka na fotografii je vysok\u00e1 170 cm, v\u00e1\u017ei 49 kg a p\u00f3zuje vo ve\u013ekosti S.<\/p>\n<p>Na v\u00fdber presnej ve\u013ekosti pou\u017eite tabu\u013eky.<\/p>\n","protected":false},"excerpt":{"rendered":"<p>\u010cierna podprsenka s \u010diernymi ramienkami a vypch\u00e1vkami so zdv\u00edhac\u00edm efektom. Tento model je vyroben\u00fd z elastickej, priedu\u0161nej tkaniny, ktor\u00e1 odv\u00e1dza vlhkos\u0165 od tela a poskytuje \u00fapln\u00fa vo\u013enos\u0165 pohybu po\u010das tr\u00e9ningu. Vypch\u00e1vky podprsenky s\u00fa odn\u00edmate\u013en\u00e9 a vpredu maj\u00fa tepelne vytla\u010den\u00e9 logo &#8220;Peach Pump&#8221;. D\u00e1 sa kombinova\u0165 s kr\u00e1tkymi leg\u00ednami v rovnakom vzore alebo jednofarebn\u00fdmi dlh\u00fdmi leg\u00ednami. [&hellip;]<\/p>\n","protected":false},"featured_media":110094,"comment_status":"open","ping_status":"closed","template":"","meta":[],"product_brand":[],"product_cat":[371],"product_tag":[],"class_list":{"0":"post-110741","1":"product","2":"type-product","3":"status-publish","4":"has-post-thumbnail","6":"product_cat-damske-sportovni-podprsenky","7":"pa_cviat-cierno-biele","8":"pa_razmer-l-sk","9":"pa_razmer-m-sk-2","10":"pa_razmer-s-sk-2","11":"inventories-world","12":"inventories-pl","13":"inventories-uk","15":"first","16":"instock","17":"taxable","18":"shipping-taxable","19":"purchasable","20":"product-type-variable"},"_links":{"self":[{"href":"https:\/\/staging5.peach-pump.com\/sk\/wp-json\/wp\/v2\/product\/110741","targetHints":{"allow":["GET"]}}],"collection":[{"href":"https:\/\/staging5.peach-pump.com\/sk\/wp-json\/wp\/v2\/product"}],"about":[{"href":"https:\/\/staging5.peach-pump.com\/sk\/wp-json\/wp\/v2\/types\/product"}],"replies":[{"embeddable":true,"href":"https:\/\/staging5.peach-pump.com\/sk\/wp-json\/wp\/v2\/comments?post=110741"}],"version-history":[{"count":1,"href":"https:\/\/staging5.peach-pump.com\/sk\/wp-json\/wp\/v2\/product\/110741\/revisions"}],"predecessor-version":[{"id":110941,"href":"https:\/\/staging5.peach-pump.com\/sk\/wp-json\/wp\/v2\/product\/110741\/revisions\/110941"}],"wp:featuredmedia":[{"embeddable":true,"href":"https:\/\/staging5.peach-pump.com\/sk\/wp-json\/wp\/v2\/media\/110094"}],"wp:attachment":[{"href":"https:\/\/staging5.peach-pump.com\/sk\/wp-json\/wp\/v2\/media?parent=110741"}],"wp:term":[{"taxonomy":"product_brand","embeddable":true,"href":"https:\/\/staging5.peach-pump.com\/sk\/wp-json\/wp\/v2\/product_brand?post=110741"},{"taxonomy":"product_cat","embeddable":true,"href":"https:\/\/staging5.peach-pump.com\/sk\/wp-json\/wp\/v2\/product_cat?post=110741"},{"taxonomy":"product_tag","embeddable":true,"href":"https:\/\/staging5.peach-pump.com\/sk\/wp-json\/wp\/v2\/product_tag?post=110741"}],"curies":[{"name":"wp","href":"https:\/\/api.w.org\/{rel}","templated":true}]}}