{"id":36419,"date":"2022-06-23T07:25:12","date_gmt":"2022-06-23T05:25:12","guid":{"rendered":"https:\/\/staging5.peach-pump.com\/objednavka-a-dodavka\/"},"modified":"2025-02-09T19:00:11","modified_gmt":"2025-02-09T17:00:11","slug":"objednavka-a-dodavka","status":"publish","type":"page","link":"https:\/\/staging5.peach-pump.com\/sk\/objednavka-a-dodavka\/","title":{"rendered":"OBJEDN\u00c1VKA A DOD\u00c1VKA"},"content":{"rendered":"\t\t<div data-elementor-type=\"wp-page\" data-elementor-id=\"36419\" class=\"elementor elementor-36419 elementor-13\" data-elementor-post-type=\"page\">\n\t\t\t\t<div class=\"elementor-element elementor-element-1ced6ef1 e-flex e-con-boxed e-con e-parent\" data-id=\"1ced6ef1\" data-element_type=\"container\">\n\t\t\t\t\t<div class=\"e-con-inner\">\n\t\t\t\t<div class=\"elementor-element elementor-element-5c5a5799 elementor-widget elementor-widget-text-editor\" data-id=\"5c5a5799\" data-element_type=\"widget\" data-widget_type=\"text-editor.default\">\n\t\t\t\t<div class=\"elementor-widget-container\">\n\t\t\t\t\t\t\t\t\t\n<p> <\/p>\n\n<h2 class=\"wp-block-heading\"><strong>OBJEDN\u00c1VKA A DODANIE:<\/strong><\/h2>\n\n<p>Pon\u00fakame doru\u010denie do kancel\u00e1rie, na adresu a APS (automatick\u00e1 po\u0161tov\u00e1 stanica) prostredn\u00edctvom kuri\u00e9rskych spolo\u010dnost\u00ed SPEEDY, CEE Economy service. <\/p>\n\n<figure class=\"wp-block-table\">\n<table>\n<tbody>\n<tr>\n<td>Krajina <\/td>\n<td>Cena* <\/td>\n<td>\u010cas dodania: <\/td> \n<\/tr>\n<tr>\n<td>Rumunsko<\/td>\n<td>3\u20ac<\/td>\n<td>3-4 pracovn\u00e9 dni<\/td>\n<\/tr>\n<tr>\n<td>Gr\u00e9cko<\/td>\n<td>3\u20ac<\/td>\n<td>3-4 pracovn\u00e9 dni<\/td>\n<\/tr>\n<tr>\n<td>Po\u013esko<\/td>\n<td>3\u20ac<\/td>\n<td>3-4 pracovn\u00e9 dni<\/td>\n<\/tr>\n<tr>\n<td>Slovensko<\/td>\n<td>3\u20ac<\/td>\n<td>3-4 pracovn\u00e9 dni<\/td>\n<\/tr>\n<tr>\n<td>\u010cesk\u00e1 republika<\/td>\n<td>3\u20ac<\/td>\n<td>3-4 pracovn\u00e9 dni<\/td>\n<\/tr>\n<tr>\n<td>Slovinsko<\/td>\n<td>3\u20ac<\/td>\n<td>3-4 pracovn\u00e9 dni<\/td>\n<\/tr>\n<tr>\n<td>Ma\u010farsko<\/td>\n<td>3\u20ac<\/td>\n<td>3-4 pracovn\u00e9 dni<\/td>\n<\/tr>\n<tr>\n<td>Chorv\u00e1tsko<\/td>\n<td>3\u20ac<\/td>\n<td>3-4 pracovn\u00e9 dni<\/td>\n<\/tr>\n<\/tbody>\n<\/table>\n<figcaption class=\"wp-element-caption\"><\/figcaption>\n<\/figure>\n\n<p>*N\u00e1klady na doru\u010denie zn\u00e1\u0161a z\u00e1kazn\u00edk. Uveden\u00e9 n\u00e1klady s\u00fa orienta\u010dn\u00e9 a vych\u00e1dzaj\u00fa zo slu\u017eby SPEEDY CEE Economy. Presn\u00e9 n\u00e1klady na dopravu sa automaticky vypo\u010d\u00edtaj\u00fa v poslednom kroku &#8220;Objedn\u00e1vka&#8221; na z\u00e1klade hmotnosti po v\u00fdbere sp\u00f4sobu dopravy a pred platbou.<\/p>\n\n<p><strong>SP\u00d4SOBY PLATBY<\/strong><\/p>\n\n<ul>\n<li>Kreditnou\/debetnou kartou &#8211; webov\u00e1 str\u00e1nka Peach Pump pou\u017e\u00edva platbu prostredn\u00edctvom renomovanej spolo\u010dnosti STRIPE, ktor\u00e1 poskytuje r\u00fdchly, bezpe\u010dn\u00fd a jednoduch\u00fd platobn\u00fd proces.<\/li>\n\n<li>Dobierka &#8211; len pre niektor\u00e9 krajiny, zobrazuje sa v poslednom kroku &#8220;Objedn\u00e1vka&#8221;.<\/li>\n<\/ul>\n\n<h2 class=\"wp-block-heading\"><strong>OBJEDN\u00c1VKA A DODANIE V BULHARSKU:<\/strong><\/h2>\n<p><\/p>\n<p>Objedn\u00e1vky sa vybavuj\u00fa do jedn\u00e9ho a\u017e dvoch pracovn\u00fdch dn\u00ed po spracovan\u00ed. Pon\u00fakame doru\u010denie do kancel\u00e1rie, na adresu a APS (automatick\u00e1 po\u0161tov\u00e1 stanica) prostredn\u00edctvom kuri\u00e9rskych spolo\u010dnost\u00ed SPIDI a EKONT.<\/p>\n<p><\/p>\n<p><strong>CENA DOD\u00c1VKY V BULHARSKU:<\/strong><\/p>\n<p><\/p>\n<p>N\u00e1klady na dopravu s\u00fa na zodpovednosti z\u00e1kazn\u00edka a s\u00fa automaticky vypo\u010d\u00edtan\u00e9 v poslednom kroku &#8220;Objedna\u0165&#8221; na z\u00e1klade hmotnosti po v\u00fdbere kuri\u00e9rskej spolo\u010dnosti a sp\u00f4sobu doru\u010denia.\nObchodn\u00edk si vyhradzuje pr\u00e1vo poskytn\u00fa\u0165 propaga\u010dn\u00e9 podmienky, v r\u00e1mci ktor\u00fdch bude zn\u00e1\u0161a\u0165 n\u00e1klady na doru\u010denie na vlastn\u00e9 n\u00e1klady.\nPred odoslan\u00edm objednan\u00e9ho tovaru je obchodn\u00edk opr\u00e1vnen\u00fd telefonicky kontaktova\u0165 spotrebite\u013ea s cie\u013eom objasni\u0165 podrobnosti objedn\u00e1vky a\/alebo dod\u00e1vky.  <\/p>\n<p><\/p>\n<p><strong>SP\u00d4SOBY PLATBY<\/strong><\/p>\n<p><\/p>\n<ul>\n<li>Dobierka &#8211; platba kuri\u00e9rovi pri doru\u010den\u00ed (pri platbe v hotovosti v\u00e1m bude okrem ceny za doru\u010denie \u00fa\u010dtovan\u00fd aj poplatok za dobierku, ktor\u00fd si \u00fa\u010dtuje kuri\u00e9rska spolo\u010dnos\u0165)<\/li>\n\n<li>Kreditnou\/debetnou kartou &#8211; webov\u00e1 str\u00e1nka Peach Pump pou\u017e\u00edva platbu prostredn\u00edctvom renomovanej spolo\u010dnosti STRIPE, ktor\u00e1 poskytuje r\u00fdchly, bezpe\u010dn\u00fd a jednoduch\u00fd platobn\u00fd proces.<\/li>\n<\/ul>\n\n<p> <\/p>\n\t\t\t\t\t\t\t\t<\/div>\n\t\t\t\t<\/div>\n\t\t\t\t\t<\/div>\n\t\t\t\t<\/div>\n\t\t<div class=\"elementor-element elementor-element-4dcbfc5 e-grid e-con-boxed e-con e-parent\" data-id=\"4dcbfc5\" data-element_type=\"container\">\n\t\t\t\t\t<div class=\"e-con-inner\">\n\t\t\t\t\t<\/div>\n\t\t\t\t<\/div>\n\t\t\t\t<\/div>\n\t\t","protected":false},"excerpt":{"rendered":"<p>OBJEDN\u00c1VKA A DODANIE: Pon\u00fakame doru\u010denie do kancel\u00e1rie, na adresu a APS (automatick\u00e1 po\u0161tov\u00e1 stanica) prostredn\u00edctvom kuri\u00e9rskych spolo\u010dnost\u00ed SPEEDY, CEE Economy service. Krajina Cena* \u010cas dodania: Rumunsko 3\u20ac 3-4 pracovn\u00e9 dni Gr\u00e9cko 3\u20ac 3-4 pracovn\u00e9 dni Po\u013esko 3\u20ac 3-4 pracovn\u00e9 dni Slovensko 3\u20ac 3-4 pracovn\u00e9 dni \u010cesk\u00e1 republika 3\u20ac 3-4 pracovn\u00e9 dni Slovinsko 3\u20ac 3-4 pracovn\u00e9 [&hellip;]<\/p>\n","protected":false},"author":1,"featured_media":0,"parent":0,"menu_order":0,"comment_status":"closed","ping_status":"closed","template":"","meta":{"footnotes":""},"class_list":["post-36419","page","type-page","status-publish","hentry"],"_links":{"self":[{"href":"https:\/\/staging5.peach-pump.com\/sk\/wp-json\/wp\/v2\/pages\/36419","targetHints":{"allow":["GET"]}}],"collection":[{"href":"https:\/\/staging5.peach-pump.com\/sk\/wp-json\/wp\/v2\/pages"}],"about":[{"href":"https:\/\/staging5.peach-pump.com\/sk\/wp-json\/wp\/v2\/types\/page"}],"author":[{"embeddable":true,"href":"https:\/\/staging5.peach-pump.com\/sk\/wp-json\/wp\/v2\/users\/1"}],"replies":[{"embeddable":true,"href":"https:\/\/staging5.peach-pump.com\/sk\/wp-json\/wp\/v2\/comments?post=36419"}],"version-history":[{"count":5,"href":"https:\/\/staging5.peach-pump.com\/sk\/wp-json\/wp\/v2\/pages\/36419\/revisions"}],"predecessor-version":[{"id":105663,"href":"https:\/\/staging5.peach-pump.com\/sk\/wp-json\/wp\/v2\/pages\/36419\/revisions\/105663"}],"wp:attachment":[{"href":"https:\/\/staging5.peach-pump.com\/sk\/wp-json\/wp\/v2\/media?parent=36419"}],"curies":[{"name":"wp","href":"https:\/\/api.w.org\/{rel}","templated":true}]}}