{"id":11569,"date":"2021-08-25T09:00:10","date_gmt":"2021-08-25T07:00:10","guid":{"rendered":"https:\/\/staging5.peach-pump.com\/kontaktuj-nas\/"},"modified":"2025-07-13T20:34:34","modified_gmt":"2025-07-13T18:34:34","slug":"kontaktuj-nas","status":"publish","type":"page","link":"https:\/\/staging5.peach-pump.com\/sk\/kontaktuj-nas\/","title":{"rendered":"Kontaktuj n\u00e1s"},"content":{"rendered":"\t\t<div data-elementor-type=\"wp-page\" data-elementor-id=\"11569\" class=\"elementor elementor-11569 elementor-5288\" data-elementor-post-type=\"page\">\n\t\t\t\t<div class=\"elementor-element elementor-element-34284dc4 e-con-full e-flex e-con e-parent\" data-id=\"34284dc4\" data-element_type=\"container\">\n\t\t\t\t<div class=\"elementor-element elementor-element-5865fb9 elementor-widget elementor-widget-text-editor\" data-id=\"5865fb9\" data-element_type=\"widget\" data-widget_type=\"text-editor.default\">\n\t\t\t\t<div class=\"elementor-widget-container\">\n\t\t\t\t\t\t\t\t\t<h2>KONTAKTUJTE N\u00c1S<\/h2>\n\t\t\t\t\t\t\t\t<\/div>\n\t\t\t\t<\/div>\n\t\t\t\t<\/div>\n\t\t<div class=\"elementor-element elementor-element-a3e6a88 e-con-full e-flex e-con e-parent\" data-id=\"a3e6a88\" data-element_type=\"container\">\n\t\t\t\t<div class=\"elementor-element elementor-element-111eba0 elementor-widget__width-initial elementor-widget elementor-widget-shortcode\" data-id=\"111eba0\" data-element_type=\"widget\" data-widget_type=\"shortcode.default\">\n\t\t\t\t<div class=\"elementor-widget-container\">\n\t\t\t\t\t\t\t<div class=\"elementor-shortcode\"><p class=\"wpcf7-contact-form-not-found\"><strong>Chyba:<\/strong> Kontaktn\u00fd formul\u00e1r nebol n\u00e1jden\u00fd.<\/p><\/div>\n\t\t\t\t\t\t<\/div>\n\t\t\t\t<\/div>\n\t\t\t\t<\/div>\n\t\t\t\t<\/div>\n\t\t","protected":false},"excerpt":{"rendered":"<p>KONTAKTUJTE N\u00c1S<\/p>\n","protected":false},"author":1,"featured_media":0,"parent":0,"menu_order":0,"comment_status":"closed","ping_status":"closed","template":"","meta":{"footnotes":""},"class_list":["post-11569","page","type-page","status-publish","hentry"],"_links":{"self":[{"href":"https:\/\/staging5.peach-pump.com\/sk\/wp-json\/wp\/v2\/pages\/11569","targetHints":{"allow":["GET"]}}],"collection":[{"href":"https:\/\/staging5.peach-pump.com\/sk\/wp-json\/wp\/v2\/pages"}],"about":[{"href":"https:\/\/staging5.peach-pump.com\/sk\/wp-json\/wp\/v2\/types\/page"}],"author":[{"embeddable":true,"href":"https:\/\/staging5.peach-pump.com\/sk\/wp-json\/wp\/v2\/users\/1"}],"replies":[{"embeddable":true,"href":"https:\/\/staging5.peach-pump.com\/sk\/wp-json\/wp\/v2\/comments?post=11569"}],"version-history":[{"count":12,"href":"https:\/\/staging5.peach-pump.com\/sk\/wp-json\/wp\/v2\/pages\/11569\/revisions"}],"predecessor-version":[{"id":105457,"href":"https:\/\/staging5.peach-pump.com\/sk\/wp-json\/wp\/v2\/pages\/11569\/revisions\/105457"}],"wp:attachment":[{"href":"https:\/\/staging5.peach-pump.com\/sk\/wp-json\/wp\/v2\/media?parent=11569"}],"curies":[{"name":"wp","href":"https:\/\/api.w.org\/{rel}","templated":true}]}}