{"id":96673,"date":"2024-11-17T20:16:29","date_gmt":"2024-11-17T18:16:29","guid":{"rendered":"https:\/\/staging5.peach-pump.com\/products\/top-sport-negru-maneca-lunga\/"},"modified":"2025-07-28T06:22:07","modified_gmt":"2025-07-28T04:22:07","slug":"top-sport-negru-maneca-lunga","status":"publish","type":"product","link":"https:\/\/staging5.peach-pump.com\/ro\/products\/top-sport-negru-maneca-lunga\/","title":{"rendered":"Bluz\u0103 neagr\u0103 mulat\u0103, sport, cu m\u00e2nec\u0103 lung\u0103"},"content":{"rendered":"<p>Bluz\u0103 sport, neagr\u0103, mulat\u0103, cu m\u00e2nec\u0103 lung\u0103 din \u021bes\u0103tur\u0103 elastic\u0103 , u\u0219oar\u0103. Acest model are o croial\u0103 mai lung\u0103 , \u021bes\u0103tur\u0103 foarte u\u0219oar\u0103 \u0219i moale la atingere care nu re\u021bine umezeala \u00een corp. Potrivit pentru fitness, alergare, exerci\u021bii aerobice sau o plimbare \u00een parc. Are dou\u0103 cus\u0103turi \u00een fa\u021b\u0103 care merg pe lungimea taliei \u0219i o fac vizual mai mic\u0103. Topul are un logo &#8220;Peach Pump&#8221; sigilat termic pe um\u0103r. Se completeaz\u0103 perfect cu to\u021bi colan\u021bii no\u0219tri.     <\/p>\n<ul>\n<li>\u021aes\u0103tur\u0103 u\u0219oar\u0103<\/li>\n<li>Elasticitate mare<\/li>\n<li>Croial\u0103 lung\u0103<\/li>\n<li>Se muleaz\u0103 perfect pe corp<\/li>\n<li>Logo-ul &#8220;Peach Pump&#8221; sigilat termic pe um\u0103r<\/li>\n<li>\u021aes\u0103tur\u0103 care nu re\u021bine umezeala \u00een corp<\/li>\n<\/ul>\n<p>Compozi\u021bie: spandex \u0219i poliester. Bluza poate fi sp\u0103lat\u0103 la temperaturi de p\u00e2n\u0103 la 30 de grade, v\u0103 rug\u0103m s\u0103 nu folosi\u021bi \u00een\u0103lbitor, usc\u0103tor sau cur\u0103\u021bare chimic\u0103. Modelul din imagine are 170 cm \u00een\u0103l\u021bime, c\u00e2nt\u0103re\u0219te 54 kg \u0219i pozeaz\u0103 \u00een m\u0103rimea S.<\/p>\n<p>V\u0103 rug\u0103m s\u0103 utiliza\u021bi tabelele pentru a selecta dimensiunea exact\u0103.<\/p>\n<p>&nbsp;<\/p>\n","protected":false},"excerpt":{"rendered":"<p>Bluz\u0103 sport, neagr\u0103, mulat\u0103, cu m\u00e2nec\u0103 lung\u0103 din \u021bes\u0103tur\u0103 elastic\u0103 , u\u0219oar\u0103. Acest model are o croial\u0103 mai lung\u0103 , \u021bes\u0103tur\u0103 foarte u\u0219oar\u0103 \u0219i moale la atingere care nu re\u021bine umezeala \u00een corp. Potrivit pentru fitness, alergare, exerci\u021bii aerobice sau o plimbare \u00een parc. Are dou\u0103 cus\u0103turi \u00een fa\u021b\u0103 care merg pe lungimea taliei \u0219i [&hellip;]<\/p>\n","protected":false},"featured_media":95904,"comment_status":"open","ping_status":"closed","template":"","meta":[],"product_brand":[],"product_cat":[365],"product_tag":[],"class_list":{"0":"post-96673","1":"product","2":"type-product","3":"status-publish","4":"has-post-thumbnail","6":"product_cat-tricouri-sport-femei","7":"pa_cviat-negru","8":"pa_razmer-l-ro-2","9":"pa_razmer-m-ro","10":"pa_razmer-s-ro-2","11":"inventories-world","12":"inventories-uk","14":"first","15":"instock","16":"taxable","17":"shipping-taxable","18":"purchasable","19":"product-type-variable"},"_links":{"self":[{"href":"https:\/\/staging5.peach-pump.com\/ro\/wp-json\/wp\/v2\/product\/96673","targetHints":{"allow":["GET"]}}],"collection":[{"href":"https:\/\/staging5.peach-pump.com\/ro\/wp-json\/wp\/v2\/product"}],"about":[{"href":"https:\/\/staging5.peach-pump.com\/ro\/wp-json\/wp\/v2\/types\/product"}],"replies":[{"embeddable":true,"href":"https:\/\/staging5.peach-pump.com\/ro\/wp-json\/wp\/v2\/comments?post=96673"}],"version-history":[{"count":0,"href":"https:\/\/staging5.peach-pump.com\/ro\/wp-json\/wp\/v2\/product\/96673\/revisions"}],"wp:featuredmedia":[{"embeddable":true,"href":"https:\/\/staging5.peach-pump.com\/ro\/wp-json\/wp\/v2\/media\/95904"}],"wp:attachment":[{"href":"https:\/\/staging5.peach-pump.com\/ro\/wp-json\/wp\/v2\/media?parent=96673"}],"wp:term":[{"taxonomy":"product_brand","embeddable":true,"href":"https:\/\/staging5.peach-pump.com\/ro\/wp-json\/wp\/v2\/product_brand?post=96673"},{"taxonomy":"product_cat","embeddable":true,"href":"https:\/\/staging5.peach-pump.com\/ro\/wp-json\/wp\/v2\/product_cat?post=96673"},{"taxonomy":"product_tag","embeddable":true,"href":"https:\/\/staging5.peach-pump.com\/ro\/wp-json\/wp\/v2\/product_tag?post=96673"}],"curies":[{"name":"wp","href":"https:\/\/api.w.org\/{rel}","templated":true}]}}