{"id":96215,"date":"2024-11-17T20:52:09","date_gmt":"2024-11-17T18:52:09","guid":{"rendered":"https:\/\/staging5.peach-pump.com\/products\/top-scurt-mulat-negru\/"},"modified":"2025-07-24T15:55:33","modified_gmt":"2025-07-24T13:55:33","slug":"top-scurt-mulat-negru","status":"publish","type":"product","link":"https:\/\/staging5.peach-pump.com\/ro\/products\/top-scurt-mulat-negru\/","title":{"rendered":"Top mulat scurt \u0219i guler"},"content":{"rendered":"<p>Bluz\u0103 neagr\u0103 mulat\u0103 scurt\u0103, cu guler care se \u00eenchide cu un fermoar. Modelul are m\u00e2neci lungi care au loc pentru degetele mari, este elastic \u0219i se potrive\u0219te perfect corpului. Are logo-ul &#8220;Peach Pump&#8221; sigilat termic pe um\u0103r. Este potrivit pentru fitness, alergare, exerci\u021bii aerobice sau o plimbare \u00een parc, nu re\u021bine umezeala \u00een corp. Se poate completa cu colan\u021bi, pute\u021bi verifica la &#8220;Seturi sportive cu colan\u021bi&#8221;.    <\/p>\n<ul>\n<li>\u021aes\u0103tur\u0103 elastic\u0103<\/li>\n<li>Guler cu fermoar<\/li>\n<li>Logo-ul &#8220;Peach Pump&#8221; sigilat termic pe um\u0103r<\/li>\n<li>Croial\u0103 scurt\u0103<\/li>\n<li>Loc pentru degetele mari<\/li>\n<li>\u021aes\u0103tur\u0103 care nu re\u021bine umezeala \u00een corp<\/li>\n<\/ul>\n<p>Bluza poate fi sp\u0103lat\u0103 p\u00e2n\u0103 la 30 de grade, v\u0103 rug\u0103m s\u0103 nu folosi\u021bi \u00een\u0103lbitor, usc\u0103tor sau cur\u0103\u021bare chimic\u0103. Modelul din imagine are 170 cm \u00een\u0103l\u021bime, c\u00e2nt\u0103re\u0219te 54 kg \u0219i poart\u0103 m\u0103rimea S.<\/p>\n<p>V\u0103 rug\u0103m s\u0103 utiliza\u021bi tabelele pentru a selecta dimensiunea exact\u0103.<\/p>\n","protected":false},"excerpt":{"rendered":"<p>Bluz\u0103 neagr\u0103 mulat\u0103 scurt\u0103, cu guler care se \u00eenchide cu un fermoar. Modelul are m\u00e2neci lungi care au loc pentru degetele mari, este elastic \u0219i se potrive\u0219te perfect corpului. Are logo-ul &#8220;Peach Pump&#8221; sigilat termic pe um\u0103r. Este potrivit pentru fitness, alergare, exerci\u021bii aerobice sau o plimbare \u00een parc, nu re\u021bine umezeala \u00een corp. Se [&hellip;]<\/p>\n","protected":false},"featured_media":94974,"comment_status":"open","ping_status":"closed","template":"","meta":[],"product_brand":[],"product_cat":[365],"product_tag":[],"class_list":{"0":"post-96215","1":"product","2":"type-product","3":"status-publish","4":"has-post-thumbnail","6":"product_cat-tricouri-sport-femei","7":"pa_cviat-negru","8":"pa_razmer-l-ro-2","9":"pa_razmer-m-ro","10":"pa_razmer-s-ro-2","11":"inventories-world","12":"inventories-uk","14":"first","15":"instock","16":"taxable","17":"shipping-taxable","18":"purchasable","19":"product-type-variable"},"_links":{"self":[{"href":"https:\/\/staging5.peach-pump.com\/ro\/wp-json\/wp\/v2\/product\/96215","targetHints":{"allow":["GET"]}}],"collection":[{"href":"https:\/\/staging5.peach-pump.com\/ro\/wp-json\/wp\/v2\/product"}],"about":[{"href":"https:\/\/staging5.peach-pump.com\/ro\/wp-json\/wp\/v2\/types\/product"}],"replies":[{"embeddable":true,"href":"https:\/\/staging5.peach-pump.com\/ro\/wp-json\/wp\/v2\/comments?post=96215"}],"version-history":[{"count":0,"href":"https:\/\/staging5.peach-pump.com\/ro\/wp-json\/wp\/v2\/product\/96215\/revisions"}],"wp:featuredmedia":[{"embeddable":true,"href":"https:\/\/staging5.peach-pump.com\/ro\/wp-json\/wp\/v2\/media\/94974"}],"wp:attachment":[{"href":"https:\/\/staging5.peach-pump.com\/ro\/wp-json\/wp\/v2\/media?parent=96215"}],"wp:term":[{"taxonomy":"product_brand","embeddable":true,"href":"https:\/\/staging5.peach-pump.com\/ro\/wp-json\/wp\/v2\/product_brand?post=96215"},{"taxonomy":"product_cat","embeddable":true,"href":"https:\/\/staging5.peach-pump.com\/ro\/wp-json\/wp\/v2\/product_cat?post=96215"},{"taxonomy":"product_tag","embeddable":true,"href":"https:\/\/staging5.peach-pump.com\/ro\/wp-json\/wp\/v2\/product_tag?post=96215"}],"curies":[{"name":"wp","href":"https:\/\/api.w.org\/{rel}","templated":true}]}}