{"id":94334,"date":"2024-11-01T21:24:11","date_gmt":"2024-11-01T19:24:11","guid":{"rendered":"https:\/\/staging5.peach-pump.com\/products\/colanti-maro-cusaturi-inversate\/"},"modified":"2025-07-31T00:09:08","modified_gmt":"2025-07-30T22:09:08","slug":"colanti-maro-cusaturi-inversate","status":"publish","type":"product","link":"https:\/\/staging5.peach-pump.com\/ro\/products\/colanti-maro-cusaturi-inversate\/","title":{"rendered":"Colan\u021bi maro cu cus\u0103turi 3D inversate"},"content":{"rendered":"<p>Colan\u021bi sport de dam\u0103 de culoare maro cu cus\u0103turi spectaculoase 3D inversate. Acest model are un design modern , cus\u0103turile urm\u0103resc curbele corpului \u0219i \u00eel modeleaz\u0103. \u021aes\u0103tura colan\u021bilor este moale \u0219i elastic\u0103 , ofer\u0103 libertate deplin\u0103 de mi\u0219care \u0219i confort \u00een timpul sportului, are un elastic ascuns \u0219i astfel alunge\u0219te silueta. Colan\u021bii sunt disponibili \u00een trei culori trendy pentru sezon, pot fi combina\u021bi cu o bustier\u0103 \u00een acela\u0219i model.   <\/p>\n<ul>\n<li>\u021aes\u0103tur\u0103 elastic\u0103<\/li>\n<li>Logo-ul Peach Pump sigilat termic pe partea din fa\u021b\u0103 a colan\u021bilor<\/li>\n<li>Cus\u0103turi 3D spectaculoase<\/li>\n<li>Elastic ascuns la talie<\/li>\n<li>\u021aes\u0103tur\u0103 de evacuare a umezelii<\/li>\n<li>F\u0103r\u0103 efectul Peachy<\/li>\n<\/ul>\n<p>Compozi\u021bie: 80% poliester 20% spandex<\/p>\n<p>Colan\u021bii pot fi sp\u0103la\u021bi la o temperatur\u0103 de p\u00e2n\u0103 la 30 de grade, v\u0103 rug\u0103m s\u0103 nu folosi\u021bi \u00een\u0103lbitor sau cur\u0103\u021bare uscat\u0103.<\/p>\n<p>Modelul din imagine are o \u00een\u0103l\u021bime de 178 cm, c\u00e2nt\u0103re\u0219te 54 kg \u0219i pozeaz\u0103 \u00een m\u0103rimea S.<\/p>\n<p>V\u0103 rug\u0103m s\u0103 utiliza\u021bi tabelele pentru a selecta dimensiunea exact\u0103.<\/p>\n<p>&nbsp;<\/p>\n","protected":false},"excerpt":{"rendered":"<p>Colan\u021bi sport de dam\u0103 de culoare maro cu cus\u0103turi spectaculoase 3D inversate. Acest model are un design modern , cus\u0103turile urm\u0103resc curbele corpului \u0219i \u00eel modeleaz\u0103. \u021aes\u0103tura colan\u021bilor este moale \u0219i elastic\u0103 , ofer\u0103 libertate deplin\u0103 de mi\u0219care \u0219i confort \u00een timpul sportului, are un elastic ascuns \u0219i astfel alunge\u0219te silueta. Colan\u021bii sunt disponibili \u00een [&hellip;]<\/p>\n","protected":false},"featured_media":91880,"comment_status":"open","ping_status":"closed","template":"","meta":[],"product_brand":[],"product_cat":[146,310],"product_tag":[],"class_list":{"0":"post-94334","1":"product","2":"type-product","3":"status-publish","4":"has-post-thumbnail","6":"product_cat-colanti-de-dama-sport","7":"product_cat-colanti-pentru-femei-lungi","8":"pa_cviat-maro","9":"pa_razmer-l-ro-2","10":"pa_razmer-m-ro","11":"pa_razmer-s-ro-2","12":"inventories-world","13":"inventories-uk","15":"first","16":"instock","17":"sale","18":"taxable","19":"shipping-taxable","20":"purchasable","21":"product-type-variable"},"_links":{"self":[{"href":"https:\/\/staging5.peach-pump.com\/ro\/wp-json\/wp\/v2\/product\/94334","targetHints":{"allow":["GET"]}}],"collection":[{"href":"https:\/\/staging5.peach-pump.com\/ro\/wp-json\/wp\/v2\/product"}],"about":[{"href":"https:\/\/staging5.peach-pump.com\/ro\/wp-json\/wp\/v2\/types\/product"}],"replies":[{"embeddable":true,"href":"https:\/\/staging5.peach-pump.com\/ro\/wp-json\/wp\/v2\/comments?post=94334"}],"version-history":[{"count":1,"href":"https:\/\/staging5.peach-pump.com\/ro\/wp-json\/wp\/v2\/product\/94334\/revisions"}],"predecessor-version":[{"id":108826,"href":"https:\/\/staging5.peach-pump.com\/ro\/wp-json\/wp\/v2\/product\/94334\/revisions\/108826"}],"wp:featuredmedia":[{"embeddable":true,"href":"https:\/\/staging5.peach-pump.com\/ro\/wp-json\/wp\/v2\/media\/91880"}],"wp:attachment":[{"href":"https:\/\/staging5.peach-pump.com\/ro\/wp-json\/wp\/v2\/media?parent=94334"}],"wp:term":[{"taxonomy":"product_brand","embeddable":true,"href":"https:\/\/staging5.peach-pump.com\/ro\/wp-json\/wp\/v2\/product_brand?post=94334"},{"taxonomy":"product_cat","embeddable":true,"href":"https:\/\/staging5.peach-pump.com\/ro\/wp-json\/wp\/v2\/product_cat?post=94334"},{"taxonomy":"product_tag","embeddable":true,"href":"https:\/\/staging5.peach-pump.com\/ro\/wp-json\/wp\/v2\/product_tag?post=94334"}],"curies":[{"name":"wp","href":"https:\/\/api.w.org\/{rel}","templated":true}]}}