{"id":94325,"date":"2024-11-01T21:40:40","date_gmt":"2024-11-01T19:40:40","guid":{"rendered":"https:\/\/staging5.peach-pump.com\/products\/bustiera-albastra-cusaturi-inversate\/"},"modified":"2025-07-23T07:23:44","modified_gmt":"2025-07-23T05:23:44","slug":"bustiera-albastra-cusaturi-inversate","status":"publish","type":"product","link":"https:\/\/staging5.peach-pump.com\/ro\/products\/bustiera-albastra-cusaturi-inversate\/","title":{"rendered":"Bustier\u0103 albastru \u00eenchis cu cus\u0103turi 3D inversate"},"content":{"rendered":"<p>Bustier\u0103 albastru \u00eenchis cu cus\u0103turi spectaculoase 3D inversate \u0219i bretele sub\u021biri. Designul bustierei este modern, are c\u0103ptu\u0219eal\u0103 cu efect Push Up care poate fi \u00eendep\u0103rtat\u0103. \u021aes\u0103tura este moale \u0219i elastic\u0103 \u0219i ofer\u0103 un sentiment de confort \u0219i comoditate \u00een timpul exerci\u021biilor fizice. Bustiera sport este disponibil\u0103 \u00een trei culori trendy pentru sezon, poate fi asortat\u0103 cu colan\u021bi \u00een acela\u0219i model.   <\/p>\n<ul>\n<li>Design modern<\/li>\n<li>\u021aes\u0103tur\u0103 elastic\u0103<\/li>\n<li>Cus\u0103turi 3D spectaculoase<\/li>\n<li>C\u0103ptu\u0219eal\u0103 cu efect Push-Up, care poate fi \u00eendep\u0103rtat\u0103<\/li>\n<li>Bretele sub\u021biri<\/li>\n<li>Logo-ul Peach Pump sigilat termic pe partea lateral\u0103 a bustului<\/li>\n<li>\u021aes\u0103tur\u0103 de evacuare a umezelii<\/li>\n<\/ul>\n<p>Compozi\u021bie: 80% poliester 20% spandex<\/p>\n<p>Bustiera poate fi sp\u0103lat\u0103 la temperaturi de p\u00e2n\u0103 la 30 de grade, v\u0103 rug\u0103m s\u0103 nu folosi\u021bi \u00een\u0103lbitor sau cur\u0103\u021bare uscat\u0103.<\/p>\n<p>Modelul din imagine are 178 cm \u00een\u0103l\u021bime, c\u00e2nt\u0103re\u0219te 54 kg \u0219i pozeaz\u0103 \u00een m\u0103rimea S.<\/p>\n<p>V\u0103 rug\u0103m s\u0103 utiliza\u021bi tabelele pentru a selecta dimensiunea exact\u0103.<\/p>\n","protected":false},"excerpt":{"rendered":"<p>Bustier\u0103 albastru \u00eenchis cu cus\u0103turi spectaculoase 3D inversate \u0219i bretele sub\u021biri. Designul bustierei este modern, are c\u0103ptu\u0219eal\u0103 cu efect Push Up care poate fi \u00eendep\u0103rtat\u0103. \u021aes\u0103tura este moale \u0219i elastic\u0103 \u0219i ofer\u0103 un sentiment de confort \u0219i comoditate \u00een timpul exerci\u021biilor fizice. Bustiera sport este disponibil\u0103 \u00een trei culori trendy pentru sezon, poate fi asortat\u0103 [&hellip;]<\/p>\n","protected":false},"featured_media":91951,"comment_status":"open","ping_status":"closed","template":"","meta":[],"product_brand":[],"product_cat":[366],"product_tag":[],"class_list":{"0":"post-94325","1":"product","2":"type-product","3":"status-publish","4":"has-post-thumbnail","6":"product_cat-sutiene-sport-pentru-femei","7":"pa_cviat-albastru","8":"pa_razmer-l-ro-2","9":"pa_razmer-m-ro","10":"pa_razmer-s-ro-2","11":"inventories-world","12":"inventories-uk","14":"first","15":"instock","16":"sale","17":"taxable","18":"shipping-taxable","19":"purchasable","20":"product-type-variable"},"_links":{"self":[{"href":"https:\/\/staging5.peach-pump.com\/ro\/wp-json\/wp\/v2\/product\/94325","targetHints":{"allow":["GET"]}}],"collection":[{"href":"https:\/\/staging5.peach-pump.com\/ro\/wp-json\/wp\/v2\/product"}],"about":[{"href":"https:\/\/staging5.peach-pump.com\/ro\/wp-json\/wp\/v2\/types\/product"}],"replies":[{"embeddable":true,"href":"https:\/\/staging5.peach-pump.com\/ro\/wp-json\/wp\/v2\/comments?post=94325"}],"version-history":[{"count":1,"href":"https:\/\/staging5.peach-pump.com\/ro\/wp-json\/wp\/v2\/product\/94325\/revisions"}],"predecessor-version":[{"id":108816,"href":"https:\/\/staging5.peach-pump.com\/ro\/wp-json\/wp\/v2\/product\/94325\/revisions\/108816"}],"wp:featuredmedia":[{"embeddable":true,"href":"https:\/\/staging5.peach-pump.com\/ro\/wp-json\/wp\/v2\/media\/91951"}],"wp:attachment":[{"href":"https:\/\/staging5.peach-pump.com\/ro\/wp-json\/wp\/v2\/media?parent=94325"}],"wp:term":[{"taxonomy":"product_brand","embeddable":true,"href":"https:\/\/staging5.peach-pump.com\/ro\/wp-json\/wp\/v2\/product_brand?post=94325"},{"taxonomy":"product_cat","embeddable":true,"href":"https:\/\/staging5.peach-pump.com\/ro\/wp-json\/wp\/v2\/product_cat?post=94325"},{"taxonomy":"product_tag","embeddable":true,"href":"https:\/\/staging5.peach-pump.com\/ro\/wp-json\/wp\/v2\/product_tag?post=94325"}],"curies":[{"name":"wp","href":"https:\/\/api.w.org\/{rel}","templated":true}]}}