{"id":85253,"date":"2024-07-16T11:41:22","date_gmt":"2024-07-16T09:41:22","guid":{"rendered":"https:\/\/staging5.peach-pump.com\/products\/colanti-bej-de-dama-modelatori\/"},"modified":"2025-07-31T11:17:09","modified_gmt":"2025-07-31T09:17:09","slug":"colanti-bej-de-dama-modelatori","status":"publish","type":"product","link":"https:\/\/staging5.peach-pump.com\/ro\/products\/colanti-bej-de-dama-modelatori\/","title":{"rendered":"Colan\u021bi de dam\u0103, de culoare bej f\u0103r\u0103 cus\u0103turi cu efect de modelare"},"content":{"rendered":"<p>Colan\u021bi sport bej de dam\u0103, confec\u021bionat din \u021bes\u0103tur\u0103 f\u0103r\u0103 cus\u0103turi, elastic\u0103 \u0219i moale la atingere. Modeleaz\u0103 perfect corpul, acest model are o centur\u0103 rips lat\u0103 cu logo gravat &#8220;Peach Pump&#8221; care str\u00e2nge u\u0219or talia.  Materialul colan\u021bilor ascunde zonele cu probleme, \u00eendep\u0103rteaz\u0103 umezeala de corp \u0219i are elemente care modeleaz\u0103 fundul ca o piersic\u0103 pentru o siluet\u0103 frumoas\u0103 \u0219i gra\u021bioas\u0103. Cu acest model v\u0103 ve\u021bi sim\u021bi confortabil \u0219i \u00eencrez\u0103toare. Pute\u021bi asorta colan\u021bii cu o bustier\u0103 \u00een acela\u0219i model sau v\u0103 pute\u021bi face propriul costum sportiv distinctiv \u0219i diferit cu colec\u021bia noastr\u0103 larg\u0103 de jachete, sutiene sport \u0219i accesorii. <\/p>\n<ul>\n<li>Talie \u00eenalt\u0103<\/li>\n<li>\u021aes\u0103tur\u0103 f\u0103r\u0103 cus\u0103turi<\/li>\n<li>Lifting, modelare, ascunderea zonelor cu probleme<\/li>\n<li>Centur\u0103 rips care str\u00e2nge talia<\/li>\n<li>Efect Peachy<\/li>\n<li>F\u0103r\u0103 cus\u0103tur\u0103 \u00een fa\u021b\u0103<\/li>\n<li>Logo Peach Pump sigilat termic pe partea din spate a colan\u021bilor<\/li>\n<li>Logo &#8220;Peach Pump&#8221; brodat pe centur\u0103<\/li>\n<li>\u021aes\u0103tur\u0103 pentru a \u00eendep\u0103rta umezeala de pe corp<\/li>\n<\/ul>\n<p> Compozi\u021bie: 80% poliester 20% spandex. Colan\u021bii pot fi sp\u0103la\u021bi la temperaturi de p\u00e2n\u0103 la 30 de grade, v\u0103 rug\u0103m s\u0103 nu \u00een\u0103lbiti sau cur\u0103\u021ba\u021bi \u00een uscat. Modelul din imagine are 178 cm \u00een\u0103l\u021bime, c\u00e2nt\u0103re\u0219te 54 kg \u0219i pozeaz\u0103 \u00een m\u0103rimea S. V\u0103 rug\u0103m s\u0103 folosi\u021bi tabelele pentru a selecta o m\u0103rime exact\u0103.  <a href=\"https:\/\/staging5.peach-pump.com\/wp-content\/uploads\/2024\/06\/Elastic-models-Peach-Pump-size-chart.jpg\"><img class=\"alignnone wp-image-80867 \" src=\"https:\/\/staging5.peach-pump.com\/wp-content\/uploads\/2024\/06\/Elastic-models-Peach-Pump-size-chart.jpg\" alt=\"\" width=\"739\" height=\"554\" srcset=\"https:\/\/staging5.peach-pump.com\/wp-content\/uploads\/2024\/06\/Elastic-models-Peach-Pump-size-chart.jpg 1024w, https:\/\/staging5.peach-pump.com\/wp-content\/uploads\/2024\/06\/Elastic-models-Peach-Pump-size-chart-430x323.jpg 430w, https:\/\/staging5.peach-pump.com\/wp-content\/uploads\/2024\/06\/Elastic-models-Peach-Pump-size-chart-150x113.jpg 150w, https:\/\/staging5.peach-pump.com\/wp-content\/uploads\/2024\/06\/Elastic-models-Peach-Pump-size-chart-700x525.jpg 700w, https:\/\/staging5.peach-pump.com\/wp-content\/uploads\/2024\/06\/Elastic-models-Peach-Pump-size-chart-64x48.jpg 64w, https:\/\/staging5.peach-pump.com\/wp-content\/uploads\/2024\/06\/Elastic-models-Peach-Pump-size-chart-400x300.jpg 400w, https:\/\/staging5.peach-pump.com\/wp-content\/uploads\/2024\/06\/Elastic-models-Peach-Pump-size-chart-768x576.jpg 768w, https:\/\/staging5.peach-pump.com\/wp-content\/uploads\/2024\/06\/Elastic-models-Peach-Pump-size-chart-860x645.jpg 860w\" sizes=\"(max-width: 739px) 100vw, 739px\" \/><\/a><\/p>\n","protected":false},"excerpt":{"rendered":"<p>Colan\u021bi sport bej de dam\u0103, confec\u021bionat din \u021bes\u0103tur\u0103 f\u0103r\u0103 cus\u0103turi, elastic\u0103 \u0219i moale la atingere. Modeleaz\u0103 perfect corpul, acest model are o centur\u0103 rips lat\u0103 cu logo gravat &#8220;Peach Pump&#8221; care str\u00e2nge u\u0219or talia. Materialul colan\u021bilor ascunde zonele cu probleme, \u00eendep\u0103rteaz\u0103 umezeala de corp \u0219i are elemente care modeleaz\u0103 fundul ca o piersic\u0103 pentru o [&hellip;]<\/p>\n","protected":false},"featured_media":84253,"comment_status":"open","ping_status":"closed","template":"","meta":[],"product_brand":[],"product_cat":[146,310],"product_tag":[],"class_list":{"0":"post-85253","1":"product","2":"type-product","3":"status-publish","4":"has-post-thumbnail","6":"product_cat-colanti-de-dama-sport","7":"product_cat-colanti-pentru-femei-lungi","8":"pa_cviat-bej","9":"pa_razmer-m-ro","10":"pa_razmer-s-ro-2","11":"inventories-world","12":"inventories-uk","14":"first","15":"instock","16":"taxable","17":"shipping-taxable","18":"purchasable","19":"product-type-variable"},"_links":{"self":[{"href":"https:\/\/staging5.peach-pump.com\/ro\/wp-json\/wp\/v2\/product\/85253","targetHints":{"allow":["GET"]}}],"collection":[{"href":"https:\/\/staging5.peach-pump.com\/ro\/wp-json\/wp\/v2\/product"}],"about":[{"href":"https:\/\/staging5.peach-pump.com\/ro\/wp-json\/wp\/v2\/types\/product"}],"replies":[{"embeddable":true,"href":"https:\/\/staging5.peach-pump.com\/ro\/wp-json\/wp\/v2\/comments?post=85253"}],"version-history":[{"count":0,"href":"https:\/\/staging5.peach-pump.com\/ro\/wp-json\/wp\/v2\/product\/85253\/revisions"}],"wp:featuredmedia":[{"embeddable":true,"href":"https:\/\/staging5.peach-pump.com\/ro\/wp-json\/wp\/v2\/media\/84253"}],"wp:attachment":[{"href":"https:\/\/staging5.peach-pump.com\/ro\/wp-json\/wp\/v2\/media?parent=85253"}],"wp:term":[{"taxonomy":"product_brand","embeddable":true,"href":"https:\/\/staging5.peach-pump.com\/ro\/wp-json\/wp\/v2\/product_brand?post=85253"},{"taxonomy":"product_cat","embeddable":true,"href":"https:\/\/staging5.peach-pump.com\/ro\/wp-json\/wp\/v2\/product_cat?post=85253"},{"taxonomy":"product_tag","embeddable":true,"href":"https:\/\/staging5.peach-pump.com\/ro\/wp-json\/wp\/v2\/product_tag?post=85253"}],"curies":[{"name":"wp","href":"https:\/\/api.w.org\/{rel}","templated":true}]}}