{"id":78390,"date":"2024-05-06T16:20:34","date_gmt":"2024-05-06T14:20:34","guid":{"rendered":"https:\/\/staging5.peach-pump.com\/products\/bluza-pantaloni-scurti-albastri\/"},"modified":"2025-07-22T11:19:09","modified_gmt":"2025-07-22T09:19:09","slug":"bluza-pantaloni-scurti-albastri","status":"publish","type":"product","link":"https:\/\/staging5.peach-pump.com\/ro\/products\/bluza-pantaloni-scurti-albastri\/","title":{"rendered":"Set sport albastru deschis bluz\u0103 cu pantaloni scur\u021bi"},"content":{"rendered":"<p>Set sport bluz\u0103 cu pantaloni scur\u021bi de culoare albastru deschis. Tricoul are m\u00e2neci scurte, decolteu \u00een V ascu\u021bit cu man\u0219ete \u0219i broderie 3D Peach Pump. Pantalonii scur\u021bi au buzunare \u00een fa\u021b\u0103 \u0219i broderie Peach Pump, au \u0219nur care poate str\u00e2nge talia pentru un confort \u0219i o comoditate mai mare \u00een timpul antrenamentului. Un model sportiv \u00een edi\u021bie limitat\u0103 de la Peach Pump , \u00een care te vei sim\u021bi confortabil\u0103, liber\u0103 \u0219i sexy.<\/p>\n<p>Despre bluz\u0103:<\/p>\n<ul>\n<li>Tricou din bumbac<\/li>\n<li>Decolteu \u00een V cu man\u0219et\u0103<\/li>\n<li>3D broderie Peach Pump<\/li>\n<li>Croial\u0103 liber\u0103<\/li>\n<li>M\u00e2nec\u0103 scurt\u0103<\/li>\n<\/ul>\n<p>Despre pantalonii scur\u021bi:<\/p>\n<ul>\n<li>Pantaloni scur\u021bi din bumbac<\/li>\n<li>Design spectaculos<\/li>\n<li>Buzunare \u00een partea din fa\u021b\u0103<\/li>\n<li>Broderie Peach Pump<\/li>\n<li>\u0218nururi pentru str\u00e2ngerea \u00een talie<\/li>\n<\/ul>\n<p>Compozi\u021bie: 95% bumbac, 5% elastan<\/p>\n<p>Setul poate fi sp\u0103lat p\u00e2n\u0103 la 30 de grade, v\u0103 rug\u0103m s\u0103 nu folosi\u021bi \u00een\u0103lbitor sau cur\u0103\u021bare uscat\u0103.<\/p>\n<p>Modelul din imagine are o \u00een\u0103l\u021bime de 170 de metri, c\u00e2nt\u0103re\u0219te 49 kg \u0219i pozeaz\u0103 \u00eentr-o bluz\u0103 m\u0103rimea S \u0219i pantaloni scur\u021bi m\u0103rimea S.<\/p>\n<p>V\u0103 rug\u0103m s\u0103 utiliza\u021bi tabelele pentru a selecta dimensiunea exact\u0103.<\/p>\n","protected":false},"excerpt":{"rendered":"<p>Set sport bluz\u0103 cu pantaloni scur\u021bi de culoare albastru deschis. Tricoul are m\u00e2neci scurte, decolteu \u00een V ascu\u021bit cu man\u0219ete \u0219i broderie 3D Peach Pump. Pantalonii scur\u021bi au buzunare \u00een fa\u021b\u0103 \u0219i broderie Peach Pump, au \u0219nur care poate str\u00e2nge talia pentru un confort \u0219i o comoditate mai mare \u00een timpul antrenamentului. Un model sportiv [&hellip;]<\/p>\n","protected":false},"featured_media":76881,"comment_status":"open","ping_status":"closed","template":"","meta":[],"product_brand":[],"product_cat":[367,368],"product_tag":[],"class_list":{"0":"post-78390","1":"product","2":"type-product","3":"status-publish","4":"has-post-thumbnail","6":"product_cat-seturi-de-trening-pentru-femei","7":"product_cat-seturi-colanti-scurti-dama","8":"pa_cviat-albastru","9":"inventories-world","10":"inventories-uk","12":"first","13":"instock","14":"sale","15":"taxable","16":"shipping-taxable","17":"purchasable","18":"product-type-yith_bundle"},"_links":{"self":[{"href":"https:\/\/staging5.peach-pump.com\/ro\/wp-json\/wp\/v2\/product\/78390","targetHints":{"allow":["GET"]}}],"collection":[{"href":"https:\/\/staging5.peach-pump.com\/ro\/wp-json\/wp\/v2\/product"}],"about":[{"href":"https:\/\/staging5.peach-pump.com\/ro\/wp-json\/wp\/v2\/types\/product"}],"replies":[{"embeddable":true,"href":"https:\/\/staging5.peach-pump.com\/ro\/wp-json\/wp\/v2\/comments?post=78390"}],"version-history":[{"count":1,"href":"https:\/\/staging5.peach-pump.com\/ro\/wp-json\/wp\/v2\/product\/78390\/revisions"}],"predecessor-version":[{"id":104166,"href":"https:\/\/staging5.peach-pump.com\/ro\/wp-json\/wp\/v2\/product\/78390\/revisions\/104166"}],"wp:featuredmedia":[{"embeddable":true,"href":"https:\/\/staging5.peach-pump.com\/ro\/wp-json\/wp\/v2\/media\/76881"}],"wp:attachment":[{"href":"https:\/\/staging5.peach-pump.com\/ro\/wp-json\/wp\/v2\/media?parent=78390"}],"wp:term":[{"taxonomy":"product_brand","embeddable":true,"href":"https:\/\/staging5.peach-pump.com\/ro\/wp-json\/wp\/v2\/product_brand?post=78390"},{"taxonomy":"product_cat","embeddable":true,"href":"https:\/\/staging5.peach-pump.com\/ro\/wp-json\/wp\/v2\/product_cat?post=78390"},{"taxonomy":"product_tag","embeddable":true,"href":"https:\/\/staging5.peach-pump.com\/ro\/wp-json\/wp\/v2\/product_tag?post=78390"}],"curies":[{"name":"wp","href":"https:\/\/api.w.org\/{rel}","templated":true}]}}