{"id":73719,"date":"2024-04-01T00:40:38","date_gmt":"2024-03-31T22:40:38","guid":{"rendered":"https:\/\/staging5.peach-pump.com\/products\/colanti-scurti-gri-deschis-talie-v\/"},"modified":"2025-07-31T12:54:37","modified_gmt":"2025-07-31T10:54:37","slug":"colanti-scurti-gri-deschis-talie-v","status":"publish","type":"product","link":"https:\/\/staging5.peach-pump.com\/ro\/products\/colanti-scurti-gri-deschis-talie-v\/","title":{"rendered":"Colan\u021bi scur\u021bi gri deschis f\u0103r\u0103 cus\u0103turi cu talie \u00een V"},"content":{"rendered":"<p>Colan\u021bi scur\u021bi sport, f\u0103r\u0103 cus\u0103turi, de culoare gri deschis, cu talie \u00een V, care str\u00e2ng u\u0219or \u0219i sculpteaz\u0103 silueta. Ideali pentru antrenament aerobic sau de for\u021b\u0103 \u0219i, de ce nu, pentru plimb\u0103ri \u00een parc \u00een timpul liber. Cu acest model de colan\u021bi v\u0103 ve\u021bi sim\u021bi confortabil \u0219i sexy, materialul este f\u0103r\u0103 cus\u0103turi, elastic \u0219i se potrive\u0219te perfect pe corp. Culoarea gri deschis este la mod\u0103 pentru var\u0103 \u0219i este u\u0219or de asortat cu un top sportiv, o bustier\u0103 sau un accesoriu din colec\u021bia Peach Pump pentru a v\u0103 completa perfect setul sportiv.<\/p>\n<ul>\n<li>Talie \u00eenalt\u0103 \u00een V<\/li>\n<li>\u021aes\u0103tur\u0103 f\u0103r\u0103 cus\u0103turi<\/li>\n<li>Ridic\u0103, modeleaz\u0103, ascunde zonele cu probleme<\/li>\n<li>Centur\u0103 rips care str\u00e2nge talia<\/li>\n<li>Efect Peachy<\/li>\n<li>F\u0103r\u0103 cus\u0103tur\u0103 \u00een fa\u021b\u0103<\/li>\n<li>Logo Peach Pump sigilat termic pe partea din spate a colan\u021bilor<\/li>\n<li>Logo-ul Peach Pump pe partea din fa\u021b\u0103 a colan\u021bilor<\/li>\n<li>\u021aes\u0103tur\u0103 pentru a \u00eendep\u0103rta umezeala de pe corp<\/li>\n<\/ul>\n<p>&nbsp;<\/p>\n<p>Compozi\u021bie: 80% poliester 20% spandex<\/p>\n<p>Colan\u021bii pot fi sp\u0103la\u021bi la o temperatur\u0103 de p\u00e2n\u0103 la 30 de grade, v\u0103 rug\u0103m s\u0103 nu folosi\u021bi \u00een\u0103lbitor sau cur\u0103\u021bare uscat\u0103.<\/p>\n<p>Modelul din imagine are 165 cm \u00een\u0103l\u021bime, c\u00e2nt\u0103re\u0219te 52 kg \u0219i pozeaz\u0103 \u00een m\u0103rimea M.<\/p>\n<p>V\u0103 rug\u0103m s\u0103 utiliza\u021bi tabelele pentru a selecta m\u0103rimea exact\u0103.<\/p>\n<p><a href=\"https:\/\/staging5.peach-pump.com\/wp-content\/uploads\/2024\/04\/C274427E-CD99-455E-B65B-E536C277DEAA.png\"><img class=\"alignnone wp-image-72322 \" src=\"https:\/\/staging5.peach-pump.com\/wp-content\/uploads\/2024\/04\/C274427E-CD99-455E-B65B-E536C277DEAA.png\" alt=\"\" width=\"759\" height=\"569\" srcset=\"https:\/\/staging5.peach-pump.com\/wp-content\/uploads\/2024\/04\/C274427E-CD99-455E-B65B-E536C277DEAA.png 1024w, https:\/\/staging5.peach-pump.com\/wp-content\/uploads\/2024\/04\/C274427E-CD99-455E-B65B-E536C277DEAA-430x323.png 430w, https:\/\/staging5.peach-pump.com\/wp-content\/uploads\/2024\/04\/C274427E-CD99-455E-B65B-E536C277DEAA-150x113.png 150w, https:\/\/staging5.peach-pump.com\/wp-content\/uploads\/2024\/04\/C274427E-CD99-455E-B65B-E536C277DEAA-700x525.png 700w, https:\/\/staging5.peach-pump.com\/wp-content\/uploads\/2024\/04\/C274427E-CD99-455E-B65B-E536C277DEAA-64x48.png 64w, https:\/\/staging5.peach-pump.com\/wp-content\/uploads\/2024\/04\/C274427E-CD99-455E-B65B-E536C277DEAA-400x300.png 400w, https:\/\/staging5.peach-pump.com\/wp-content\/uploads\/2024\/04\/C274427E-CD99-455E-B65B-E536C277DEAA-768x576.png 768w, https:\/\/staging5.peach-pump.com\/wp-content\/uploads\/2024\/04\/C274427E-CD99-455E-B65B-E536C277DEAA-860x645.png 860w\" sizes=\"(max-width: 759px) 100vw, 759px\" \/><\/a><\/p>\n","protected":false},"excerpt":{"rendered":"<p>Colan\u021bi scur\u021bi sport, f\u0103r\u0103 cus\u0103turi, de culoare gri deschis, cu talie \u00een V, care str\u00e2ng u\u0219or \u0219i sculpteaz\u0103 silueta. Ideali pentru antrenament aerobic sau de for\u021b\u0103 \u0219i, de ce nu, pentru plimb\u0103ri \u00een parc \u00een timpul liber. Cu acest model de colan\u021bi v\u0103 ve\u021bi sim\u021bi confortabil \u0219i sexy, materialul este f\u0103r\u0103 cus\u0103turi, elastic \u0219i se [&hellip;]<\/p>\n","protected":false},"featured_media":72574,"comment_status":"open","ping_status":"closed","template":"","meta":[],"product_brand":[],"product_cat":[146,202],"product_tag":[],"class_list":{"0":"post-73719","1":"product","2":"type-product","3":"status-publish","4":"has-post-thumbnail","6":"product_cat-colanti-de-dama-sport","7":"product_cat-colanti-scurti-dama","8":"pa_cviat-gri","9":"pa_razmer-l-ro-2","10":"pa_razmer-m-ro","11":"pa_razmer-s-ro-2","12":"inventories-world","13":"inventories-uk","15":"first","16":"instock","17":"sale","18":"taxable","19":"shipping-taxable","20":"purchasable","21":"product-type-variable"},"_links":{"self":[{"href":"https:\/\/staging5.peach-pump.com\/ro\/wp-json\/wp\/v2\/product\/73719","targetHints":{"allow":["GET"]}}],"collection":[{"href":"https:\/\/staging5.peach-pump.com\/ro\/wp-json\/wp\/v2\/product"}],"about":[{"href":"https:\/\/staging5.peach-pump.com\/ro\/wp-json\/wp\/v2\/types\/product"}],"replies":[{"embeddable":true,"href":"https:\/\/staging5.peach-pump.com\/ro\/wp-json\/wp\/v2\/comments?post=73719"}],"version-history":[{"count":0,"href":"https:\/\/staging5.peach-pump.com\/ro\/wp-json\/wp\/v2\/product\/73719\/revisions"}],"wp:featuredmedia":[{"embeddable":true,"href":"https:\/\/staging5.peach-pump.com\/ro\/wp-json\/wp\/v2\/media\/72574"}],"wp:attachment":[{"href":"https:\/\/staging5.peach-pump.com\/ro\/wp-json\/wp\/v2\/media?parent=73719"}],"wp:term":[{"taxonomy":"product_brand","embeddable":true,"href":"https:\/\/staging5.peach-pump.com\/ro\/wp-json\/wp\/v2\/product_brand?post=73719"},{"taxonomy":"product_cat","embeddable":true,"href":"https:\/\/staging5.peach-pump.com\/ro\/wp-json\/wp\/v2\/product_cat?post=73719"},{"taxonomy":"product_tag","embeddable":true,"href":"https:\/\/staging5.peach-pump.com\/ro\/wp-json\/wp\/v2\/product_tag?post=73719"}],"curies":[{"name":"wp","href":"https:\/\/api.w.org\/{rel}","templated":true}]}}