{"id":57330,"date":"2023-10-14T09:43:05","date_gmt":"2023-10-14T07:43:05","guid":{"rendered":"https:\/\/staging5.peach-pump.com\/products\/top-albastru-de-dama-cu-maneca-lunga\/"},"modified":"2025-07-29T15:19:19","modified_gmt":"2025-07-29T13:19:19","slug":"bluza-de-sport-albastra-cu-maneca-lunga","status":"publish","type":"product","link":"https:\/\/staging5.peach-pump.com\/ro\/products\/bluza-de-sport-albastra-cu-maneca-lunga\/","title":{"rendered":"Top albastru de dam\u0103 cu m\u00e2nec\u0103 lung\u0103"},"content":{"rendered":"<p>Top sport cu m\u00e2nec\u0103 lung\u0103, de culoare albastru \u00eenchis intens. Acest model at\u00e2t de interesant este din material rips, st\u0103 frumos pe corp \u0219i are un decolteu decupat. Poate fi asortat cu colanti de aceea\u0219i culoare sau cu colanti de culoare mai deschis\u0103. Bluza este potrivit\u0103 pentru vremea mai rece de toamn\u0103\/iarn\u0103, ve\u021bi iubi moliciunea, c\u0103ldura \u0219i modul \u00een care v\u0103 m\u00e2ng\u00e2ie corpul.<\/p>\n<ul>\n<li>Material rips<\/li>\n<li>Logo \u201dPeach Pump\u201d sigilat termic pe um\u0103r<\/li>\n<li>Elasticitate mare<\/li>\n<li>Design interesant<\/li>\n<\/ul>\n<p>Compozi\u021bie: 80% poliester 20% spandex<\/p>\n<p>Colan\u021bii pot fi sp\u0103la\u021bi p\u00e2n\u0103 la 30 de grade, v\u0103 rug\u0103m s\u0103 nu folosi\u021bi \u00een\u0103lbitor sau cur\u0103\u021bare uscat\u0103.<\/p>\n<p>Modelul din imagine are o \u00een\u0103l\u021bime de 169 cm, c\u00e2nt\u0103re\u0219te 52 kg \u0219i pozeaz\u0103 \u00een m\u0103rimea M.<\/p>\n<p>Circumferin\u021ba pieptului: S: 85-90cm \/ M: 90-95cm \/ L: 95-100cm<\/p>\n","protected":false},"excerpt":{"rendered":"<p>Top sport cu m\u00e2nec\u0103 lung\u0103, de culoare albastru \u00eenchis intens. Acest model at\u00e2t de interesant este din material rips, st\u0103 frumos pe corp \u0219i are un decolteu decupat. Poate fi asortat cu colanti de aceea\u0219i culoare sau cu colanti de culoare mai deschis\u0103. Bluza este potrivit\u0103 pentru vremea mai rece de toamn\u0103\/iarn\u0103, ve\u021bi iubi moliciunea, [&hellip;]<\/p>\n","protected":false},"featured_media":53253,"comment_status":"open","ping_status":"closed","template":"","meta":[],"product_brand":[],"product_cat":[365],"product_tag":[],"class_list":{"0":"post-57330","1":"product","2":"type-product","3":"status-publish","4":"has-post-thumbnail","6":"product_cat-tricouri-sport-femei","7":"pa_cviat-albastru-inchis","8":"pa_razmer-l-ro-2","9":"pa_razmer-m-ro","10":"pa_razmer-s-ro-2","11":"inventories-world","12":"inventories-uk","14":"first","15":"instock","16":"taxable","17":"shipping-taxable","18":"purchasable","19":"product-type-variable"},"_links":{"self":[{"href":"https:\/\/staging5.peach-pump.com\/ro\/wp-json\/wp\/v2\/product\/57330","targetHints":{"allow":["GET"]}}],"collection":[{"href":"https:\/\/staging5.peach-pump.com\/ro\/wp-json\/wp\/v2\/product"}],"about":[{"href":"https:\/\/staging5.peach-pump.com\/ro\/wp-json\/wp\/v2\/types\/product"}],"replies":[{"embeddable":true,"href":"https:\/\/staging5.peach-pump.com\/ro\/wp-json\/wp\/v2\/comments?post=57330"}],"version-history":[{"count":0,"href":"https:\/\/staging5.peach-pump.com\/ro\/wp-json\/wp\/v2\/product\/57330\/revisions"}],"wp:featuredmedia":[{"embeddable":true,"href":"https:\/\/staging5.peach-pump.com\/ro\/wp-json\/wp\/v2\/media\/53253"}],"wp:attachment":[{"href":"https:\/\/staging5.peach-pump.com\/ro\/wp-json\/wp\/v2\/media?parent=57330"}],"wp:term":[{"taxonomy":"product_brand","embeddable":true,"href":"https:\/\/staging5.peach-pump.com\/ro\/wp-json\/wp\/v2\/product_brand?post=57330"},{"taxonomy":"product_cat","embeddable":true,"href":"https:\/\/staging5.peach-pump.com\/ro\/wp-json\/wp\/v2\/product_cat?post=57330"},{"taxonomy":"product_tag","embeddable":true,"href":"https:\/\/staging5.peach-pump.com\/ro\/wp-json\/wp\/v2\/product_tag?post=57330"}],"curies":[{"name":"wp","href":"https:\/\/api.w.org\/{rel}","templated":true}]}}