{"id":57270,"date":"2023-10-02T19:36:01","date_gmt":"2023-10-02T17:36:01","guid":{"rendered":"https:\/\/staging5.peach-pump.com\/products\/set-maro-fara-cusaturi-din-colanti-grosi-si-bluza\/"},"modified":"2025-06-21T19:31:24","modified_gmt":"2025-06-21T17:31:24","slug":"maro-fara-cusaturi-set-gros-colanti","status":"publish","type":"product","link":"https:\/\/staging5.peach-pump.com\/ro\/products\/maro-fara-cusaturi-set-gros-colanti\/","title":{"rendered":"Set maro f\u0103r\u0103 cus\u0103turi din colan\u021bi gro\u0219i \u0219i bluz\u0103"},"content":{"rendered":"<p>Set f\u0103r\u0103 cus\u0103turi maro, colan\u021bi gro\u0219i \u0219i top de fitness cu m\u00e2nec\u0103 lung\u0103. Acest model at\u00e2t de interesant are o \u021bes\u0103tur\u0103 rips \u0219i se a\u0219eaz\u0103 frumos pe corp. Bluza are un decolteu scurt, potrivit pentru vremea mai rece de toamn\u0103\/iarn\u0103, \u00ee\u021bi va pl\u0103cea moliciunea \u0219i felul \u00een care \u00ee\u021bi m\u00e2ng\u00e2ie corpul. Colantul este realizat dintr-o \u021bes\u0103tur\u0103 groas\u0103 \u0219i elastic\u0103 are o centur\u0103 larg\u0103 \u00een talie, ridic\u00e2nd \u0219i model\u00e2nd efectul Peach Pump at\u00e2t de \u00eendr\u0103git de brandul nostru. Ve\u021bi fi uimit\u0103 de moliciunea , c\u0103ldura \u0219i de modul \u00een care v\u0103 sculpteaz\u0103 silueta. Varietate de culori. pentru bluz\u0103:  <\/p>\n<ul>\n<li>Material rips<\/li>\n<li>Logo \u201dPeach Pump\u201d sigilat termic pe um\u0103r<\/li>\n<li>Elasticitate mare<\/li>\n<li> \u021aes\u0103tur\u0103 rips, f\u0103r\u0103 cus\u0103turi<\/li>\n<\/ul>\n<p>  pentru Cline:  <\/p>\n<ul>\n<li> Ridic\u0103, modeleaz\u0103, ascunde zona cu probleme<\/li>\n<li> Mai gro\u0219i<\/li>\n<li> Colan mulat pe mijloc, rips<\/li>\n<li> Efect Peachy<\/li>\n<li> F\u0103r\u0103 cus\u0103tur\u0103 \u00een fa\u021b\u0103<\/li>\n<li> Logo Peach Pump sigilat termic pe partea din spate a colan\u021bilor<\/li>\n<li> \u021aes\u0103tur\u0103 pentru eliminarea transpira\u021biei<\/li>\n<li> Design interesant<\/li>\n<li> Talie \u00eenalt\u0103<\/li>\n<\/ul>\n<p>  Compozi\u021bie: 80% poliester 20% spandex Modelul din imagine are 178 cm \u00een\u0103l\u021bime, c\u00e2nt\u0103re\u0219te 54 kg \u0219i pozeaz\u0103 \u00een m\u0103rimea M pentru bluz\u0103 \u0219i pan\u0103 Pan\u0103 \u0219i bluz\u0103 pot fi sp\u0103late la p\u00e2n\u0103 la 30 de grade , v\u0103 rug\u0103m s\u0103 nu \u00een\u0103lbiti sau cur\u0103\u021ba\u021bi \u00een uscat.<\/p>\n","protected":false},"excerpt":{"rendered":"<p>Set f\u0103r\u0103 cus\u0103turi maro, colan\u021bi gro\u0219i \u0219i top de fitness cu m\u00e2nec\u0103 lung\u0103. Acest model at\u00e2t de interesant are o \u021bes\u0103tur\u0103 rips \u0219i se a\u0219eaz\u0103 frumos pe corp. Bluza are un decolteu scurt, potrivit pentru vremea mai rece de toamn\u0103\/iarn\u0103, \u00ee\u021bi va pl\u0103cea moliciunea \u0219i felul \u00een care \u00ee\u021bi m\u00e2ng\u00e2ie corpul. Colantul este realizat dintr-o [&hellip;]<\/p>\n","protected":false},"featured_media":20995,"comment_status":"open","ping_status":"closed","template":"","meta":[],"product_brand":[],"product_cat":[367,369],"product_tag":[],"class_list":{"0":"post-57270","1":"product","2":"type-product","3":"status-publish","4":"has-post-thumbnail","6":"product_cat-seturi-de-trening-pentru-femei","7":"product_cat-seturi-sport-cu-colanti","8":"pa_cviat-maro","9":"inventories-world","10":"inventories-uk","12":"first","13":"instock","14":"virtual","15":"taxable","16":"purchasable","17":"product-type-yith_bundle"},"_links":{"self":[{"href":"https:\/\/staging5.peach-pump.com\/ro\/wp-json\/wp\/v2\/product\/57270","targetHints":{"allow":["GET"]}}],"collection":[{"href":"https:\/\/staging5.peach-pump.com\/ro\/wp-json\/wp\/v2\/product"}],"about":[{"href":"https:\/\/staging5.peach-pump.com\/ro\/wp-json\/wp\/v2\/types\/product"}],"replies":[{"embeddable":true,"href":"https:\/\/staging5.peach-pump.com\/ro\/wp-json\/wp\/v2\/comments?post=57270"}],"version-history":[{"count":0,"href":"https:\/\/staging5.peach-pump.com\/ro\/wp-json\/wp\/v2\/product\/57270\/revisions"}],"wp:featuredmedia":[{"embeddable":true,"href":"https:\/\/staging5.peach-pump.com\/ro\/wp-json\/wp\/v2\/media\/20995"}],"wp:attachment":[{"href":"https:\/\/staging5.peach-pump.com\/ro\/wp-json\/wp\/v2\/media?parent=57270"}],"wp:term":[{"taxonomy":"product_brand","embeddable":true,"href":"https:\/\/staging5.peach-pump.com\/ro\/wp-json\/wp\/v2\/product_brand?post=57270"},{"taxonomy":"product_cat","embeddable":true,"href":"https:\/\/staging5.peach-pump.com\/ro\/wp-json\/wp\/v2\/product_cat?post=57270"},{"taxonomy":"product_tag","embeddable":true,"href":"https:\/\/staging5.peach-pump.com\/ro\/wp-json\/wp\/v2\/product_tag?post=57270"}],"curies":[{"name":"wp","href":"https:\/\/api.w.org\/{rel}","templated":true}]}}