{"id":47264,"date":"2023-07-21T16:36:15","date_gmt":"2023-07-21T14:36:15","guid":{"rendered":"https:\/\/staging5.peach-pump.com\/products\/colanti-scurti-sport-albastri-de-tip-booty-shorts\/"},"modified":"2025-07-30T14:35:42","modified_gmt":"2025-07-30T12:35:42","slug":"albastru-scurti-sport-colanti-tip-booty-shorts","status":"publish","type":"product","link":"https:\/\/staging5.peach-pump.com\/ro\/products\/albastru-scurti-sport-colanti-tip-booty-shorts\/","title":{"rendered":"Colan\u021bi scur\u021bi sport alba\u0219tri de tip &#8220;Booty Shorts&#8221;"},"content":{"rendered":"<p>Colan\u021bi scur\u021bi sport de dam\u0103, \u00een material str\u00e2mt, respirabil, de culoare albastr\u0103. Acest model este ideal pentru zilele c\u0103lduroase de var\u0103, este mai scurt, iar materialul \u00eendep\u0103rteaz\u0103 umezeala de pe corp. Are un u\u0219or efect de Peach \u00een spate \u0219i se modeleaz\u0103 frumos. Poate fi asortat cu o bustier\u0103 cu acela\u0219i model, a se vedea rubrica &#8220;Seturi sport cu colan\u021bii scur\u021bi&#8221;. (Modelul este dintr-o \u021bes\u0103tur\u0103 mai str\u00e2mt\u0103)  <\/p>\n<ul>\n<li>Ridic\u0103, modeleaz\u0103, ascunde zonele cu probleme<\/li>\n<li>Efect u\u0219or de Peach<\/li>\n<li>F\u0103r\u0103 cus\u0103tur\u0103 \u00een fa\u021b\u0103<\/li>\n<li>Logo Peach Pump sigilat termic pe partea din spate a colan\u021bilor<\/li>\n<li>Tehnologie pentru \u00eendep\u0103rtarea umidit\u0103\u021bii din corp<\/li>\n<\/ul>\n<p>  Compozi\u021bie: 80% poliester 20% spandex Cuiul poate fi sp\u0103lat la temperaturi de p\u00e2n\u0103 la 30 de grade, v\u0103 rug\u0103m s\u0103 nu \u00een\u0103lbiti sau cur\u0103\u021ba\u021bi uscat. Modelul din imagine are o \u00een\u0103l\u021bime de 178 cm, c\u00e2nt\u0103re\u0219te 54 kg \u0219i pozeaz\u0103 \u00een m\u0103rimea M V\u0103 rug\u0103m s\u0103 folosi\u021bi diagramele de m\u0103rimi pentru a v\u0103 alege m\u0103rimea exact\u0103.  \t\t<div id=\"sbi_mod_error\" >\n\t\t\t<span>This error message is only visible to WordPress admins<\/span><br\/>\n\t\t\t<p><strong>Error: No connected account.<\/strong>\n\t\t\t<p>Please go to the Instagram Feed settings page to connect an account.<\/p>\n\t\t<\/div>\n\t\t<\/p>\n","protected":false},"excerpt":{"rendered":"<p>Colan\u021bi scur\u021bi sport de dam\u0103, \u00een material str\u00e2mt, respirabil, de culoare albastr\u0103. Acest model este ideal pentru zilele c\u0103lduroase de var\u0103, este mai scurt, iar materialul \u00eendep\u0103rteaz\u0103 umezeala de pe corp. Are un u\u0219or efect de Peach \u00een spate \u0219i se modeleaz\u0103 frumos. Poate fi asortat cu o bustier\u0103 cu acela\u0219i model, a se vedea [&hellip;]<\/p>\n","protected":false},"featured_media":45419,"comment_status":"open","ping_status":"closed","template":"","meta":[],"product_brand":[],"product_cat":[146,202],"product_tag":[],"class_list":{"0":"post-47264","1":"product","2":"type-product","3":"status-publish","4":"has-post-thumbnail","6":"product_cat-colanti-de-dama-sport","7":"product_cat-colanti-scurti-dama","8":"pa_cviat-albastru","9":"pa_razmer-m-ro","10":"pa_razmer-s-ro-2","11":"inventories-world","12":"inventories-uk","14":"first","15":"instock","16":"sale","17":"taxable","18":"shipping-taxable","19":"purchasable","20":"product-type-variable"},"_links":{"self":[{"href":"https:\/\/staging5.peach-pump.com\/ro\/wp-json\/wp\/v2\/product\/47264","targetHints":{"allow":["GET"]}}],"collection":[{"href":"https:\/\/staging5.peach-pump.com\/ro\/wp-json\/wp\/v2\/product"}],"about":[{"href":"https:\/\/staging5.peach-pump.com\/ro\/wp-json\/wp\/v2\/types\/product"}],"replies":[{"embeddable":true,"href":"https:\/\/staging5.peach-pump.com\/ro\/wp-json\/wp\/v2\/comments?post=47264"}],"version-history":[{"count":0,"href":"https:\/\/staging5.peach-pump.com\/ro\/wp-json\/wp\/v2\/product\/47264\/revisions"}],"wp:featuredmedia":[{"embeddable":true,"href":"https:\/\/staging5.peach-pump.com\/ro\/wp-json\/wp\/v2\/media\/45419"}],"wp:attachment":[{"href":"https:\/\/staging5.peach-pump.com\/ro\/wp-json\/wp\/v2\/media?parent=47264"}],"wp:term":[{"taxonomy":"product_brand","embeddable":true,"href":"https:\/\/staging5.peach-pump.com\/ro\/wp-json\/wp\/v2\/product_brand?post=47264"},{"taxonomy":"product_cat","embeddable":true,"href":"https:\/\/staging5.peach-pump.com\/ro\/wp-json\/wp\/v2\/product_cat?post=47264"},{"taxonomy":"product_tag","embeddable":true,"href":"https:\/\/staging5.peach-pump.com\/ro\/wp-json\/wp\/v2\/product_tag?post=47264"}],"curies":[{"name":"wp","href":"https:\/\/api.w.org\/{rel}","templated":true}]}}