{"id":40848,"date":"2023-04-11T09:03:28","date_gmt":"2023-04-11T07:03:28","guid":{"rendered":"https:\/\/staging5.peach-pump.com\/products\/set-de-sport-fara-cusaturi-din-tesatura-densa-rips-pe-roz\/"},"modified":"2024-12-02T15:43:44","modified_gmt":"2024-12-02T13:43:44","slug":"set-sport-fara-cusaturi-roz","status":"publish","type":"product","link":"https:\/\/staging5.peach-pump.com\/ro\/products\/set-sport-fara-cusaturi-roz\/","title":{"rendered":"Set sport roz f\u0103r\u0103 cus\u0103turi din \u021bes\u0103tur\u0103 dens\u0103 rips"},"content":{"rendered":"<p>Set sport roz f\u0103r\u0103 cus\u0103turi, colan\u021bi \u0219i top pentru fitness, cu m\u00e2nec\u0103 lung\u0103 \u00eentr-o \u021bes\u0103tur\u0103 groas\u0103 rips f\u0103r\u0103 cus\u0103turi. Acest model at\u00e2t de interesant este din material rips, st\u0103 frumos pe corp \u0219i are un decolteu decupat. Bluza este potrivit\u0103 pentru vremea mai rece de toamn\u0103\/iarn\u0103, ve\u021bi iubi moliciunea \u0219i modul \u00een care v\u0103 m\u00e2ng\u00e2ie corpul. Colan\u021bii sunt confec\u021biona\u021bi dintr-o \u021bes\u0103tur\u0103 dens\u0103 \u0219i elastic\u0103. Acest model este cu talie \u00eenalt\u0103, este mai gros, ideal pentru zilele mai reci de toamn\u0103 \u0219i iarn\u0103. Colantii au o centura lat\u0103, efect push up \u0219i de modelare, at\u00e2t de iubit de marca noastr\u0103. Ve\u021bi fi uimit\u0103 de ace\u0219ti colan\u021bi, de moliciunea lor, de c\u0103ldura \u0219i de modul \u00een care v\u0103 sculpteaz\u0103 silueta. Modelul poate fi asortat cu o bluz\u0103 sau o bustier\u0103, vezi sugestiile noastre. pentru bluz\u0103:  <\/p>\n<ul>\n<li>Material rips<\/li>\n<li>Logo \u201dPeach Pump\u201d sigilat termic pe um\u0103r<\/li>\n<li>Elasticitate mare<\/li>\n<li> \u021aes\u0103tur\u0103 rips, f\u0103r\u0103 cus\u0103turi<\/li>\n<\/ul>\n<p>  pentru Cline:  <\/p>\n<ul>\n<li> Ridic\u0103, modeleaz\u0103, ascunde zona cu probleme<\/li>\n<li> Mai gro\u0219i<\/li>\n<li> Colan mulat pe mijloc, rips<\/li>\n<li> Efect Peachy<\/li>\n<li> F\u0103r\u0103 cus\u0103tur\u0103 \u00een fa\u021b\u0103<\/li>\n<li> Logo Peach Pump sigilat termic pe partea din spate a colan\u021bilor<\/li>\n<li> \u021aes\u0103tur\u0103 pentru eliminarea transpira\u021biei<\/li>\n<li> Design interesant<\/li>\n<li> Talie \u00eenalt\u0103<\/li>\n<\/ul>\n<p>  Compozi\u021bie: 80% poliester 20% spandex Modelul din imagine are 178 cm \u00een\u0103l\u021bime, c\u00e2nt\u0103re\u0219te 54 kg \u0219i pozeaz\u0103 \u00een m\u0103rimea M pentru bluz\u0103 \u0219i pan\u0103 Pan\u0103 \u0219i bluz\u0103 pot fi sp\u0103late la p\u00e2n\u0103 la 30 de grade , v\u0103 rug\u0103m s\u0103 nu \u00een\u0103lbiti sau cur\u0103\u021ba\u021bi \u00een uscat.  &nbsp;<\/p>\n<p>&nbsp;<\/p>\n","protected":false},"excerpt":{"rendered":"<p>Set sport roz f\u0103r\u0103 cus\u0103turi, colan\u021bi \u0219i top pentru fitness, cu m\u00e2nec\u0103 lung\u0103 \u00eentr-o \u021bes\u0103tur\u0103 groas\u0103 rips f\u0103r\u0103 cus\u0103turi. Acest model at\u00e2t de interesant este din material rips, st\u0103 frumos pe corp \u0219i are un decolteu decupat. Bluza este potrivit\u0103 pentru vremea mai rece de toamn\u0103\/iarn\u0103, ve\u021bi iubi moliciunea \u0219i modul \u00een care v\u0103 m\u00e2ng\u00e2ie [&hellip;]<\/p>\n","protected":false},"featured_media":26350,"comment_status":"open","ping_status":"closed","template":"","meta":[],"product_brand":[],"product_cat":[367,369],"product_tag":[],"class_list":{"0":"post-40848","1":"product","2":"type-product","3":"status-publish","4":"has-post-thumbnail","6":"product_cat-seturi-de-trening-pentru-femei","7":"product_cat-seturi-sport-cu-colanti","8":"pa_cviat-roz-ro","9":"pa_razmer-l-ro-2","10":"pa_razmer-m-ro","11":"pa_razmer-s-ro-2","12":"inventories-world","13":"inventories-uk","15":"first","16":"instock","17":"virtual","18":"taxable","19":"purchasable","20":"product-type-yith_bundle"},"_links":{"self":[{"href":"https:\/\/staging5.peach-pump.com\/ro\/wp-json\/wp\/v2\/product\/40848","targetHints":{"allow":["GET"]}}],"collection":[{"href":"https:\/\/staging5.peach-pump.com\/ro\/wp-json\/wp\/v2\/product"}],"about":[{"href":"https:\/\/staging5.peach-pump.com\/ro\/wp-json\/wp\/v2\/types\/product"}],"replies":[{"embeddable":true,"href":"https:\/\/staging5.peach-pump.com\/ro\/wp-json\/wp\/v2\/comments?post=40848"}],"version-history":[{"count":0,"href":"https:\/\/staging5.peach-pump.com\/ro\/wp-json\/wp\/v2\/product\/40848\/revisions"}],"wp:featuredmedia":[{"embeddable":true,"href":"https:\/\/staging5.peach-pump.com\/ro\/wp-json\/wp\/v2\/media\/26350"}],"wp:attachment":[{"href":"https:\/\/staging5.peach-pump.com\/ro\/wp-json\/wp\/v2\/media?parent=40848"}],"wp:term":[{"taxonomy":"product_brand","embeddable":true,"href":"https:\/\/staging5.peach-pump.com\/ro\/wp-json\/wp\/v2\/product_brand?post=40848"},{"taxonomy":"product_cat","embeddable":true,"href":"https:\/\/staging5.peach-pump.com\/ro\/wp-json\/wp\/v2\/product_cat?post=40848"},{"taxonomy":"product_tag","embeddable":true,"href":"https:\/\/staging5.peach-pump.com\/ro\/wp-json\/wp\/v2\/product_tag?post=40848"}],"curies":[{"name":"wp","href":"https:\/\/api.w.org\/{rel}","templated":true}]}}