{"id":31759,"date":"2022-06-19T09:01:06","date_gmt":"2022-06-19T07:01:06","guid":{"rendered":"https:\/\/staging5.peach-pump.com\/products\/colantii-scurti-albi-pentru-fitness-si-alergare-tesatura-rips\/"},"modified":"2025-07-31T10:14:05","modified_gmt":"2025-07-31T08:14:05","slug":"colanti-scurti-albi-pentru-fitness-materie-rips","status":"publish","type":"product","link":"https:\/\/staging5.peach-pump.com\/ro\/products\/colanti-scurti-albi-pentru-fitness-materie-rips\/","title":{"rendered":"Colan\u021bi scur\u021bi albi pentru fitness \u0219i alergare, \u021bes\u0103tur\u0103 rips"},"content":{"rendered":"<p>Colan\u021bi scur\u021bi albi pentru fitness \u0219i alte sporturi, din material rips. Colan\u021bii sunt mai decupa\u021bi, \u021bes\u0103tura este groas\u0103, NU este transparent\u0103, se muleaz\u0103 frumos pe corp. Modelul are o talie \u00eenalt\u0103 \u0219i poate fi asortat cu o bluz\u0103 alb\u0103 sau cu o bustier\u0103 cu o singur\u0103 bretea, care sunt realizate din aceea\u0219i \u021bes\u0103tur\u0103, le pute\u021bi vedea \u00een pagina noastr\u0103 de la bluze \u0219i bustiere.<\/p>\n<ul>\n<li>Talie \u00eenalt\u0103<\/li>\n<li>Material rips<\/li>\n<li>Centur\u0103 rips care str\u00e2nge talia<\/li>\n<li>F\u0103r\u0103 cus\u0103tur\u0103 \u00een fa\u021b\u0103<\/li>\n<li>Logo Peach Pump sigilat termic pe partea din spate a colan\u021bilor<\/li>\n<\/ul>\n<p>Compozi\u021bie: 80% poliester 20% spandex<\/p>\n<p>Colan\u021bii pot fi sp\u0103la\u021bi la o temperatur\u0103 de p\u00e2n\u0103 la 30 de grade, v\u0103 rug\u0103m s\u0103 nu folosi\u021bi \u00een\u0103lbitor sau cur\u0103\u021bare uscat\u0103.<\/p>\n<p>Modelul din imagine are 178 cm \u00een\u0103l\u021bime, c\u00e2nt\u0103re\u0219te 54 kg \u0219i pozeaz\u0103 \u00een m\u0103rimea S.<\/p>\n<p>V\u0103 rug\u0103m s\u0103 utiliza\u021bi tabelele pentru a selecta dimensiunea exact\u0103.<\/p>\n","protected":false},"excerpt":{"rendered":"<p>Colan\u021bi scur\u021bi albi pentru fitness \u0219i alte sporturi, din material rips. Colan\u021bii sunt mai decupa\u021bi, \u021bes\u0103tura este groas\u0103, NU este transparent\u0103, se muleaz\u0103 frumos pe corp. Modelul are o talie \u00eenalt\u0103 \u0219i poate fi asortat cu o bluz\u0103 alb\u0103 sau cu o bustier\u0103 cu o singur\u0103 bretea, care sunt realizate din aceea\u0219i \u021bes\u0103tur\u0103, le pute\u021bi [&hellip;]<\/p>\n","protected":false},"featured_media":12940,"comment_status":"open","ping_status":"closed","template":"","meta":[],"product_brand":[],"product_cat":[146,202],"product_tag":[],"class_list":{"0":"post-31759","1":"product","2":"type-product","3":"status-publish","4":"has-post-thumbnail","6":"product_cat-colanti-de-dama-sport","7":"product_cat-colanti-scurti-dama","8":"pa_cviat-alb-ro","9":"pa_razmer-m-ro","10":"pa_razmer-s-ro-2","11":"inventories-world","13":"first","14":"instock","15":"sale","16":"taxable","17":"shipping-taxable","18":"purchasable","19":"product-type-variable"},"_links":{"self":[{"href":"https:\/\/staging5.peach-pump.com\/ro\/wp-json\/wp\/v2\/product\/31759","targetHints":{"allow":["GET"]}}],"collection":[{"href":"https:\/\/staging5.peach-pump.com\/ro\/wp-json\/wp\/v2\/product"}],"about":[{"href":"https:\/\/staging5.peach-pump.com\/ro\/wp-json\/wp\/v2\/types\/product"}],"replies":[{"embeddable":true,"href":"https:\/\/staging5.peach-pump.com\/ro\/wp-json\/wp\/v2\/comments?post=31759"}],"version-history":[{"count":0,"href":"https:\/\/staging5.peach-pump.com\/ro\/wp-json\/wp\/v2\/product\/31759\/revisions"}],"wp:featuredmedia":[{"embeddable":true,"href":"https:\/\/staging5.peach-pump.com\/ro\/wp-json\/wp\/v2\/media\/12940"}],"wp:attachment":[{"href":"https:\/\/staging5.peach-pump.com\/ro\/wp-json\/wp\/v2\/media?parent=31759"}],"wp:term":[{"taxonomy":"product_brand","embeddable":true,"href":"https:\/\/staging5.peach-pump.com\/ro\/wp-json\/wp\/v2\/product_brand?post=31759"},{"taxonomy":"product_cat","embeddable":true,"href":"https:\/\/staging5.peach-pump.com\/ro\/wp-json\/wp\/v2\/product_cat?post=31759"},{"taxonomy":"product_tag","embeddable":true,"href":"https:\/\/staging5.peach-pump.com\/ro\/wp-json\/wp\/v2\/product_tag?post=31759"}],"curies":[{"name":"wp","href":"https:\/\/api.w.org\/{rel}","templated":true}]}}