{"id":31727,"date":"2022-06-29T15:21:25","date_gmt":"2022-06-29T13:21:25","guid":{"rendered":"https:\/\/staging5.peach-pump.com\/products\/colanti-sport-fara-cusaturi-in-culori-degrade-pe-albastru\/"},"modified":"2025-12-07T11:31:43","modified_gmt":"2025-12-07T09:31:43","slug":"colanti-sport-fara-cusaturi-albastru-degrade","status":"publish","type":"product","link":"https:\/\/staging5.peach-pump.com\/ro\/products\/colanti-sport-fara-cusaturi-albastru-degrade\/","title":{"rendered":"Colan\u021bi sport f\u0103r\u0103 cus\u0103turi, \u00een culori degrade pe albastru"},"content":{"rendered":"<p>Colan\u021bi sport de dam\u0103, f\u0103r\u0103 cus\u0103turi, de culoare albastru degrade. Colan\u021bi este creat\u0103 din \u021bes\u0103tur\u0103 f\u0103r\u0103 cus\u0103turi, elemente sub\u021biri cu laser care \u00eempiedic\u0103 transpira\u021bia \u00een timpul antrenamentelor sau al alerg\u0103rii. Colan\u021bii au un efect frumos de Peach Pump, iar culorile sunt un gradient FLOWING, modelul are o talie \u00eenalt\u0103 \u0219i o centur\u0103 str\u00e2mt\u0103 care cuprinde \u0219i modeleaz\u0103. V\u0103 rug\u0103m s\u0103 re\u021bine\u021bi, atunci c\u00e2nd alege\u021bi o m\u0103rime, c\u0103 colan\u021bii au o \u021bes\u0103tur\u0103 mai str\u00e2mt\u0103, modelul nostru pozeaz\u0103 cu m\u0103rimea M.<\/p>\n<ul>\n<li>Talie \u00eenalt\u0103<\/li>\n<li>\u021aes\u0103tur\u0103 f\u0103r\u0103 cus\u0103turi<\/li>\n<li>Ridic\u0103 \u0219i modeleaz\u0103<\/li>\n<li>Centur\u0103 rips care str\u00e2nge talia<\/li>\n<li>Efect Peachy<\/li>\n<li>F\u0103r\u0103 cus\u0103tur\u0103 \u00een fa\u021b\u0103<\/li>\n<li>Logo Peach Pump sigilat termic pe partea din spate a colan\u021bilor<\/li>\n<li>Tehnologia de eliminare a transpira\u021biei<\/li>\n<\/ul>\n<p>Compozi\u021bie: 80% poliester 20% spandex<\/p>\n<p>Geaca poate fi sp\u0103lat\u0103 la temperaturi de p\u00e2n\u0103 la 30 de grade, v\u0103 rug\u0103m s\u0103 nu folosi\u021bi \u00een\u0103lbitor sau cur\u0103\u021bare uscat\u0103.<\/p>\n<p>Modelul din imagine are 178 cm \u00een\u0103l\u021bime, c\u00e2nt\u0103re\u0219te 54 kg \u0219i pozeaz\u0103 \u00een m\u0103rimea M (COLAN\u021aII SUNT DIN MATERIAL STR\u00c2MT).<\/p>\n<p>V\u0103 rug\u0103m s\u0103 utiliza\u021bi tabelele pentru a selecta dimensiunea exact\u0103.<\/p>\n","protected":false},"excerpt":{"rendered":"<p>Colan\u021bi sport de dam\u0103, f\u0103r\u0103 cus\u0103turi, de culoare albastru degrade. Colan\u021bi este creat\u0103 din \u021bes\u0103tur\u0103 f\u0103r\u0103 cus\u0103turi, elemente sub\u021biri cu laser care \u00eempiedic\u0103 transpira\u021bia \u00een timpul antrenamentelor sau al alerg\u0103rii. Colan\u021bii au un efect frumos de Peach Pump, iar culorile sunt un gradient FLOWING, modelul are o talie \u00eenalt\u0103 \u0219i o centur\u0103 str\u00e2mt\u0103 care cuprinde [&hellip;]<\/p>\n","protected":false},"featured_media":17830,"comment_status":"open","ping_status":"closed","template":"","meta":[],"product_brand":[],"product_cat":[146,310],"product_tag":[],"class_list":{"0":"post-31727","1":"product","2":"type-product","3":"status-publish","4":"has-post-thumbnail","6":"product_cat-colanti-de-dama-sport","7":"product_cat-colanti-pentru-femei-lungi","8":"pa_cviat-albastru","9":"pa_razmer-l-ro-2","10":"pa_razmer-m-ro","11":"pa_razmer-s-ro-2","12":"inventories-world","13":"inventories-uk","15":"first","16":"instock","17":"sale","18":"taxable","19":"shipping-taxable","20":"purchasable","21":"product-type-variable"},"_links":{"self":[{"href":"https:\/\/staging5.peach-pump.com\/ro\/wp-json\/wp\/v2\/product\/31727","targetHints":{"allow":["GET"]}}],"collection":[{"href":"https:\/\/staging5.peach-pump.com\/ro\/wp-json\/wp\/v2\/product"}],"about":[{"href":"https:\/\/staging5.peach-pump.com\/ro\/wp-json\/wp\/v2\/types\/product"}],"replies":[{"embeddable":true,"href":"https:\/\/staging5.peach-pump.com\/ro\/wp-json\/wp\/v2\/comments?post=31727"}],"version-history":[{"count":0,"href":"https:\/\/staging5.peach-pump.com\/ro\/wp-json\/wp\/v2\/product\/31727\/revisions"}],"wp:featuredmedia":[{"embeddable":true,"href":"https:\/\/staging5.peach-pump.com\/ro\/wp-json\/wp\/v2\/media\/17830"}],"wp:attachment":[{"href":"https:\/\/staging5.peach-pump.com\/ro\/wp-json\/wp\/v2\/media?parent=31727"}],"wp:term":[{"taxonomy":"product_brand","embeddable":true,"href":"https:\/\/staging5.peach-pump.com\/ro\/wp-json\/wp\/v2\/product_brand?post=31727"},{"taxonomy":"product_cat","embeddable":true,"href":"https:\/\/staging5.peach-pump.com\/ro\/wp-json\/wp\/v2\/product_cat?post=31727"},{"taxonomy":"product_tag","embeddable":true,"href":"https:\/\/staging5.peach-pump.com\/ro\/wp-json\/wp\/v2\/product_tag?post=31727"}],"curies":[{"name":"wp","href":"https:\/\/api.w.org\/{rel}","templated":true}]}}