{"id":31589,"date":"2022-07-06T19:42:07","date_gmt":"2022-07-06T17:42:07","guid":{"rendered":"https:\/\/staging5.peach-pump.com\/products\/colanti-fara-cusaturi-albastri-cu-efect-modelator-si-fante-pe-lungime\/"},"modified":"2025-07-31T07:59:42","modified_gmt":"2025-07-31T05:59:42","slug":"colanti-modeltori-albastri-fante","status":"publish","type":"product","link":"https:\/\/staging5.peach-pump.com\/ro\/products\/colanti-modeltori-albastri-fante\/","title":{"rendered":"Colan\u021bii f\u0103r\u0103 cus\u0103turi, modelatori, de culoare albastru \u0219i fante pe lungime"},"content":{"rendered":"<p>Colan\u021bi f\u0103r\u0103 cus\u0103turi, de culoare baby blue, care modeleaz\u0103 perfect corpul. Cuiul este fabricat din \u021bes\u0103tur\u0103 respirabil\u0103 are elemente decupate de-a lungul lungimii pe ambele p\u0103r\u021bi, o curea larg\u0103 cu rupturi \u0219i efect Peach Pump. Cu acest model de colan\u021bi te vei sim\u021bi \u00eencrez\u0103toare \u0219i sexy. Cuiul este fabricat dintr-o \u021bes\u0103tur\u0103 mai str\u00e2ns\u0103.  <\/p>\n<ul>\n<li>Talie \u00eenalt\u0103<\/li>\n<li>\u021aes\u0103tur\u0103 f\u0103r\u0103 cus\u0103turi<\/li>\n<li>Ridic\u0103, modeleaz\u0103, ascunde zonele cu probleme<\/li>\n<li>Centur\u0103 rips care str\u00e2nge talia<\/li>\n<li>Efect Peachy<\/li>\n<li>F\u0103r\u0103 cus\u0103tur\u0103 \u00een fa\u021b\u0103<\/li>\n<li>Logo Peach Pump sigilat termic pe partea din spate a colan\u021bilor<\/li>\n<li>\u021aes\u0103tur\u0103 pentru eliminarea transpira\u021biei<\/li>\n<\/ul>\n<p>  Compozi\u021bie: 80% poliester 20% spandex Cuiul poate fi sp\u0103lat la temperaturi de p\u00e2n\u0103 la 30 de grade, v\u0103 rug\u0103m s\u0103 nu \u00een\u0103lbiti sau cur\u0103\u021ba\u021bi uscat. Modelul din imagine are o \u00een\u0103l\u021bime de 178 cm, c\u00e2nt\u0103re\u0219te 54 kg \u0219i pozeaz\u0103 \u00een m\u0103rimea M , (Cuiul este dintr-o \u021bes\u0103tur\u0103 mai str\u00e2mt\u0103). V\u0103 rug\u0103m s\u0103 utiliza\u021bi tabelele pentru a selecta dimensiunea exact\u0103.<\/p>\n","protected":false},"excerpt":{"rendered":"<p>Colan\u021bi f\u0103r\u0103 cus\u0103turi, de culoare baby blue, care modeleaz\u0103 perfect corpul. Cuiul este fabricat din \u021bes\u0103tur\u0103 respirabil\u0103 are elemente decupate de-a lungul lungimii pe ambele p\u0103r\u021bi, o curea larg\u0103 cu rupturi \u0219i efect Peach Pump. Cu acest model de colan\u021bi te vei sim\u021bi \u00eencrez\u0103toare \u0219i sexy. Cuiul este fabricat dintr-o \u021bes\u0103tur\u0103 mai str\u00e2ns\u0103. Talie \u00eenalt\u0103 [&hellip;]<\/p>\n","protected":false},"featured_media":38223,"comment_status":"open","ping_status":"closed","template":"","meta":[],"product_brand":[],"product_cat":[146,310],"product_tag":[],"class_list":{"0":"post-31589","1":"product","2":"type-product","3":"status-publish","4":"has-post-thumbnail","6":"product_cat-colanti-de-dama-sport","7":"product_cat-colanti-pentru-femei-lungi","8":"pa_cviat-albastru","9":"pa_razmer-l-ro-2","10":"pa_razmer-m-ro","11":"pa_razmer-s-ro-2","12":"inventories-world","14":"first","15":"instock","16":"sale","17":"taxable","18":"shipping-taxable","19":"purchasable","20":"product-type-variable"},"_links":{"self":[{"href":"https:\/\/staging5.peach-pump.com\/ro\/wp-json\/wp\/v2\/product\/31589","targetHints":{"allow":["GET"]}}],"collection":[{"href":"https:\/\/staging5.peach-pump.com\/ro\/wp-json\/wp\/v2\/product"}],"about":[{"href":"https:\/\/staging5.peach-pump.com\/ro\/wp-json\/wp\/v2\/types\/product"}],"replies":[{"embeddable":true,"href":"https:\/\/staging5.peach-pump.com\/ro\/wp-json\/wp\/v2\/comments?post=31589"}],"version-history":[{"count":0,"href":"https:\/\/staging5.peach-pump.com\/ro\/wp-json\/wp\/v2\/product\/31589\/revisions"}],"wp:featuredmedia":[{"embeddable":true,"href":"https:\/\/staging5.peach-pump.com\/ro\/wp-json\/wp\/v2\/media\/38223"}],"wp:attachment":[{"href":"https:\/\/staging5.peach-pump.com\/ro\/wp-json\/wp\/v2\/media?parent=31589"}],"wp:term":[{"taxonomy":"product_brand","embeddable":true,"href":"https:\/\/staging5.peach-pump.com\/ro\/wp-json\/wp\/v2\/product_brand?post=31589"},{"taxonomy":"product_cat","embeddable":true,"href":"https:\/\/staging5.peach-pump.com\/ro\/wp-json\/wp\/v2\/product_cat?post=31589"},{"taxonomy":"product_tag","embeddable":true,"href":"https:\/\/staging5.peach-pump.com\/ro\/wp-json\/wp\/v2\/product_tag?post=31589"}],"curies":[{"name":"wp","href":"https:\/\/api.w.org\/{rel}","templated":true}]}}