{"id":29847,"date":"2022-12-07T13:05:57","date_gmt":"2022-12-07T11:05:57","guid":{"rendered":"https:\/\/staging5.peach-pump.com\/products\/colanti-grosi-modelatori-de-culoare-baby-blue\/"},"modified":"2025-07-14T14:26:32","modified_gmt":"2025-07-14T12:26:32","slug":"colanti-grosi-modelatori-culoare-baby-blue","status":"publish","type":"product","link":"https:\/\/staging5.peach-pump.com\/ro\/products\/colanti-grosi-modelatori-culoare-baby-blue\/","title":{"rendered":"Colan\u021bi gro\u0219i modelatori de culoare Baby Blue"},"content":{"rendered":"<p>Colan\u021bi gro\u0219i de dam\u0103, modelatori, de culoare Baby Blue Modelul este fabricat din \u021bes\u0103tur\u0103 ripstop, cu talie \u00eenalt\u0103, mai gros, ideal pentru zilele reci de toamn\u0103-iarn\u0103. Colan\u021bii au o centur\u0103 lat\u0103 din rips, modelatoare \u0219u cu efect Push up, tipic pentru brandul nostru Acest model de jambiere este extrem de moale , cald \u0219i sculpteaz\u0103 perfect silueta, poate fi asociat cu o bluz\u0103 sau bustier\u0103, verifica\u021bi mai multe dintre ofertele noastre .  <\/p>\n<ul>\n<li> Talie \u00eenalt\u0103<\/li>\n<li> \u021aes\u0103tur\u0103 rips, f\u0103r\u0103 cus\u0103turi<\/li>\n<li> Ridic\u0103, modeleaz\u0103, ascunde zonele cu probleme<\/li>\n<li> Mai gro\u0219i<\/li>\n<li> Centur\u0103 rips care str\u00e2nge talia<\/li>\n<li> Efect Peachy<\/li>\n<li> F\u0103r\u0103 cus\u0103tur\u0103 \u00een fa\u021b\u0103<\/li>\n<li> Logo Peach Pump sigilat termic pe partea din spate a colan\u021bilor<\/li>\n<li> \u021aes\u0103tur\u0103 pentru eliminarea transpira\u021biei<\/li>\n<\/ul>\n<p> Compozi\u021bie: 80% poliester 20% spandex. Colan\u021bi pot fi sp\u0103la\u021bi la o temperatur\u0103 de p\u00e2n\u0103 la 30 de grade , v\u0103 rug\u0103m s\u0103 nu folosi\u021bi \u00een\u0103lbitor sau cur\u0103\u021bare uscat\u0103. Modelul din imagine are 178 cm \u00een\u0103l\u021bime, c\u00e2nt\u0103re\u0219te 54 kg \u0219i pozeaz\u0103 \u00een m\u0103rimea S. V\u0103 rug\u0103m s\u0103 folosi\u021bi diagramele de m\u0103rimi pentru a alege m\u0103rimea exact\u0103.<\/p>\n","protected":false},"excerpt":{"rendered":"<p>Colan\u021bi gro\u0219i de dam\u0103, modelatori, de culoare Baby Blue Modelul este fabricat din \u021bes\u0103tur\u0103 ripstop, cu talie \u00eenalt\u0103, mai gros, ideal pentru zilele reci de toamn\u0103-iarn\u0103. Colan\u021bii au o centur\u0103 lat\u0103 din rips, modelatoare \u0219u cu efect Push up, tipic pentru brandul nostru Acest model de jambiere este extrem de moale , cald \u0219i sculpteaz\u0103 [&hellip;]<\/p>\n","protected":false},"featured_media":24672,"comment_status":"open","ping_status":"closed","template":"","meta":[],"product_brand":[],"product_cat":[146,310],"product_tag":[],"class_list":{"0":"post-29847","1":"product","2":"type-product","3":"status-publish","4":"has-post-thumbnail","6":"product_cat-colanti-de-dama-sport","7":"product_cat-colanti-pentru-femei-lungi","8":"pa_cviat-albastru","9":"pa_razmer-l-ro-2","10":"pa_razmer-m-ro","11":"pa_razmer-s-ro-2","12":"inventories-world","13":"inventories-uk","15":"first","16":"instock","17":"taxable","18":"shipping-taxable","19":"purchasable","20":"product-type-variable"},"_links":{"self":[{"href":"https:\/\/staging5.peach-pump.com\/ro\/wp-json\/wp\/v2\/product\/29847","targetHints":{"allow":["GET"]}}],"collection":[{"href":"https:\/\/staging5.peach-pump.com\/ro\/wp-json\/wp\/v2\/product"}],"about":[{"href":"https:\/\/staging5.peach-pump.com\/ro\/wp-json\/wp\/v2\/types\/product"}],"replies":[{"embeddable":true,"href":"https:\/\/staging5.peach-pump.com\/ro\/wp-json\/wp\/v2\/comments?post=29847"}],"version-history":[{"count":0,"href":"https:\/\/staging5.peach-pump.com\/ro\/wp-json\/wp\/v2\/product\/29847\/revisions"}],"wp:featuredmedia":[{"embeddable":true,"href":"https:\/\/staging5.peach-pump.com\/ro\/wp-json\/wp\/v2\/media\/24672"}],"wp:attachment":[{"href":"https:\/\/staging5.peach-pump.com\/ro\/wp-json\/wp\/v2\/media?parent=29847"}],"wp:term":[{"taxonomy":"product_brand","embeddable":true,"href":"https:\/\/staging5.peach-pump.com\/ro\/wp-json\/wp\/v2\/product_brand?post=29847"},{"taxonomy":"product_cat","embeddable":true,"href":"https:\/\/staging5.peach-pump.com\/ro\/wp-json\/wp\/v2\/product_cat?post=29847"},{"taxonomy":"product_tag","embeddable":true,"href":"https:\/\/staging5.peach-pump.com\/ro\/wp-json\/wp\/v2\/product_tag?post=29847"}],"curies":[{"name":"wp","href":"https:\/\/api.w.org\/{rel}","templated":true}]}}