{"id":29775,"date":"2022-10-11T19:16:33","date_gmt":"2022-10-11T17:16:33","guid":{"rendered":"https:\/\/staging5.peach-pump.com\/products\/geaca-sport-de-dama-cu-fermoar-de-culoare-neagra\/"},"modified":"2025-07-29T17:06:53","modified_gmt":"2025-07-29T15:06:53","slug":"geaca-sport-dama-fermoar-culoare-neagra","status":"publish","type":"product","link":"https:\/\/staging5.peach-pump.com\/ro\/products\/geaca-sport-dama-fermoar-culoare-neagra\/","title":{"rendered":"Geac\u0103 sport de dam\u0103 cu fermoar de culoare neagr\u0103"},"content":{"rendered":"<p>Geac\u0103 sport cu fermoar de dam\u0103 de culoare neagr\u0103 versatil\u0103 are fermoar \u0219i g\u0103uri pentru degetul mare pe m\u00e2neci, astfel m\u00e2necile nu se vor str\u00e2nge \u00een timpul antrenamentului, alerg\u0103rii sau plimb\u0103rii cu bicicleta. Croiala gecii este foarte frumoas\u0103, sculpteaz\u0103 silueta \u0219i st\u0103 frumos pe corp. Acesta poate fi asortat cu diferite culori de jambiere sau bustiere datorit\u0103 culorii sale negre universale.  <\/p>\n<ul>\n<li> \u021aes\u0103tur\u0103 elastic\u0103 cu uscare rapid\u0103<\/li>\n<li> Logo \u201dPeach Pump\u201d sigilat termic pe um\u0103r<\/li>\n<li> \u00cenchidere cu fermoar<\/li>\n<li> G\u0103uri pentru degetul mare<\/li>\n<\/ul>\n<p>  Compozi\u021bie : 80% poliester 20% spandex . Geaca poate fi sp\u0103lat\u0103 la temperaturi de p\u00e2n\u0103 la 30 de grade, v\u0103 rug\u0103m s\u0103 nu folosi\u021bi \u00een\u0103lbitor sau cur\u0103\u021bare uscat\u0103. Modelul din imagine are o \u00een\u0103l\u021bime de 178 cm, c\u00e2nt\u0103re\u0219te 54 kg \u0219i pozeaz\u0103 \u00een m\u0103rimea S. V\u0103 rug\u0103m s\u0103 utiliza\u021bi diagramele de m\u0103rimi pentru a alege m\u0103rimea exact\u0103<\/p>\n","protected":false},"excerpt":{"rendered":"<p>Geac\u0103 sport cu fermoar de dam\u0103 de culoare neagr\u0103 versatil\u0103 are fermoar \u0219i g\u0103uri pentru degetul mare pe m\u00e2neci, astfel m\u00e2necile nu se vor str\u00e2nge \u00een timpul antrenamentului, alerg\u0103rii sau plimb\u0103rii cu bicicleta. Croiala gecii este foarte frumoas\u0103, sculpteaz\u0103 silueta \u0219i st\u0103 frumos pe corp. Acesta poate fi asortat cu diferite culori de jambiere sau [&hellip;]<\/p>\n","protected":false},"featured_media":94589,"comment_status":"open","ping_status":"closed","template":"","meta":[],"product_brand":[],"product_cat":[924,365],"product_tag":[],"class_list":{"0":"post-29775","1":"product","2":"type-product","3":"status-publish","4":"has-post-thumbnail","6":"product_cat-jachete-dama","7":"product_cat-tricouri-sport-femei","8":"pa_cviat-negru","9":"pa_razmer-l-ro-2","10":"pa_razmer-m-ro","11":"pa_razmer-s-ro-2","12":"inventories-world","13":"inventories-uk","15":"first","16":"instock","17":"sale","18":"taxable","19":"shipping-taxable","20":"purchasable","21":"product-type-variable"},"_links":{"self":[{"href":"https:\/\/staging5.peach-pump.com\/ro\/wp-json\/wp\/v2\/product\/29775","targetHints":{"allow":["GET"]}}],"collection":[{"href":"https:\/\/staging5.peach-pump.com\/ro\/wp-json\/wp\/v2\/product"}],"about":[{"href":"https:\/\/staging5.peach-pump.com\/ro\/wp-json\/wp\/v2\/types\/product"}],"replies":[{"embeddable":true,"href":"https:\/\/staging5.peach-pump.com\/ro\/wp-json\/wp\/v2\/comments?post=29775"}],"version-history":[{"count":0,"href":"https:\/\/staging5.peach-pump.com\/ro\/wp-json\/wp\/v2\/product\/29775\/revisions"}],"wp:featuredmedia":[{"embeddable":true,"href":"https:\/\/staging5.peach-pump.com\/ro\/wp-json\/wp\/v2\/media\/94589"}],"wp:attachment":[{"href":"https:\/\/staging5.peach-pump.com\/ro\/wp-json\/wp\/v2\/media?parent=29775"}],"wp:term":[{"taxonomy":"product_brand","embeddable":true,"href":"https:\/\/staging5.peach-pump.com\/ro\/wp-json\/wp\/v2\/product_brand?post=29775"},{"taxonomy":"product_cat","embeddable":true,"href":"https:\/\/staging5.peach-pump.com\/ro\/wp-json\/wp\/v2\/product_cat?post=29775"},{"taxonomy":"product_tag","embeddable":true,"href":"https:\/\/staging5.peach-pump.com\/ro\/wp-json\/wp\/v2\/product_tag?post=29775"}],"curies":[{"name":"wp","href":"https:\/\/api.w.org\/{rel}","templated":true}]}}