{"id":120937,"date":"2025-06-16T20:30:30","date_gmt":"2025-06-16T18:30:30","guid":{"rendered":"https:\/\/staging5.peach-pump.com\/products\/colanti-sport-bej-scurti-design-curat\/"},"modified":"2026-02-27T15:48:49","modified_gmt":"2026-02-27T13:48:49","slug":"colanti-sport-bej-scurti-design-curat","status":"publish","type":"product","link":"https:\/\/staging5.peach-pump.com\/ro\/products\/colanti-sport-bej-scurti-design-curat\/","title":{"rendered":"Colan\u021bi scur\u021bi sport bej cu design curat"},"content":{"rendered":"<p>Colan\u021bi sport scurt bej filde\u0219 cu un design curat, f\u0103r\u0103 efect de modelare. Modelul nu are cus\u0103tur\u0103 \u00een fa\u021b\u0103, ceea ce este preferat de majoritatea doamnelor \u0219i are o cus\u0103tur\u0103 \u00een partea din spate. \u021aes\u0103tur\u0103 elastic\u0103 de var\u0103 care modeleaz\u0103 corpul \u0219i o talie larg\u0103 care accentueaz\u0103 mijlocul. Au un logo 3D \u00een partea din fa\u021b\u0103 \u0219i din spate. Cus\u0103turile modelului sunt plate \u0219i nu provoac\u0103 irita\u021bii. Este potrivit pentru antrenament de for\u021b\u0103 sau aerobic, nu re\u021bine umezeala \u00een corp. Poate fi combinat cu o bluz\u0103 scurt\u0103 \u00eentr-un set , fabricat\u0103 din aceea\u0219i \u021bes\u0103tur\u0103.      <\/p>\n<ul>\n<li>\u021aes\u0103tur\u0103 de var\u0103 u\u0219oar\u0103 elastic\u0103<\/li>\n<li>Cus\u0103turi plate<\/li>\n<li>F\u0103r\u0103 cus\u0103tur\u0103 \u00een fa\u021b\u0103<\/li>\n<li>Cus\u0103tur\u0103 la partea din spate a colan\u021bilor<\/li>\n<li>Talie lat\u0103 care accentueaz\u0103 talia<\/li>\n<li>Logo 3D \u201ePeach Pump\u201d pe partea din spate \u0219i din fa\u021b\u0103 a colan\u021bilor<\/li>\n<li>\u021aes\u0103tur\u0103 care nu re\u021bine umezeala \u00een corp<\/li>\n<\/ul>\n<p>Compozi\u021bie: spandex \u0219i poliester<\/p>\n<p>Colan\u021bii pot fi sp\u0103la\u021bi la o temperatur\u0103 de p\u00e2n\u0103 la 30 de grade, v\u0103 rug\u0103m s\u0103 nu \u00een\u0103lbi\u021bi, s\u0103 nu folosi\u021bi usc\u0103tor sau cur\u0103\u021bare chimic\u0103<\/p>\n<p>Modelul din imagine are 178 cm \u00een\u0103l\u021bime, c\u00e2nt\u0103re\u0219te 57 kg \u0219i pozeaz\u0103 \u00een m\u0103rimea M.<\/p>\n<p>V\u0103 rug\u0103m s\u0103 utiliza\u021bi tabelele pentru a selecta dimensiunea exact\u0103<\/p>\n","protected":false},"excerpt":{"rendered":"<p>Colan\u021bi sport scurt bej filde\u0219 cu un design curat, f\u0103r\u0103 efect de modelare. Modelul nu are cus\u0103tur\u0103 \u00een fa\u021b\u0103, ceea ce este preferat de majoritatea doamnelor \u0219i are o cus\u0103tur\u0103 \u00een partea din spate. \u021aes\u0103tur\u0103 elastic\u0103 de var\u0103 care modeleaz\u0103 corpul \u0219i o talie larg\u0103 care accentueaz\u0103 mijlocul. Au un logo 3D \u00een partea din [&hellip;]<\/p>\n","protected":false},"featured_media":119384,"comment_status":"open","ping_status":"closed","template":"","meta":[],"product_brand":[],"product_cat":[146,202],"product_tag":[],"class_list":{"0":"post-120937","1":"product","2":"type-product","3":"status-publish","4":"has-post-thumbnail","6":"product_cat-colanti-de-dama-sport","7":"product_cat-colanti-scurti-dama","8":"pa_cviat-bej","9":"pa_razmer-l-ro-2","10":"pa_razmer-m-ro","11":"pa_razmer-s-ro-2","12":"inventories-world","13":"inventories-pl","15":"first","16":"instock","17":"sale","18":"taxable","19":"shipping-taxable","20":"purchasable","21":"product-type-variable"},"_links":{"self":[{"href":"https:\/\/staging5.peach-pump.com\/ro\/wp-json\/wp\/v2\/product\/120937","targetHints":{"allow":["GET"]}}],"collection":[{"href":"https:\/\/staging5.peach-pump.com\/ro\/wp-json\/wp\/v2\/product"}],"about":[{"href":"https:\/\/staging5.peach-pump.com\/ro\/wp-json\/wp\/v2\/types\/product"}],"replies":[{"embeddable":true,"href":"https:\/\/staging5.peach-pump.com\/ro\/wp-json\/wp\/v2\/comments?post=120937"}],"version-history":[{"count":0,"href":"https:\/\/staging5.peach-pump.com\/ro\/wp-json\/wp\/v2\/product\/120937\/revisions"}],"wp:featuredmedia":[{"embeddable":true,"href":"https:\/\/staging5.peach-pump.com\/ro\/wp-json\/wp\/v2\/media\/119384"}],"wp:attachment":[{"href":"https:\/\/staging5.peach-pump.com\/ro\/wp-json\/wp\/v2\/media?parent=120937"}],"wp:term":[{"taxonomy":"product_brand","embeddable":true,"href":"https:\/\/staging5.peach-pump.com\/ro\/wp-json\/wp\/v2\/product_brand?post=120937"},{"taxonomy":"product_cat","embeddable":true,"href":"https:\/\/staging5.peach-pump.com\/ro\/wp-json\/wp\/v2\/product_cat?post=120937"},{"taxonomy":"product_tag","embeddable":true,"href":"https:\/\/staging5.peach-pump.com\/ro\/wp-json\/wp\/v2\/product_tag?post=120937"}],"curies":[{"name":"wp","href":"https:\/\/api.w.org\/{rel}","templated":true}]}}