{"id":111813,"date":"2025-03-29T11:14:46","date_gmt":"2025-03-29T09:14:46","guid":{"rendered":"https:\/\/staging5.peach-pump.com\/products\/bustiera-neagra-bretele-negre\/"},"modified":"2026-02-27T16:21:32","modified_gmt":"2026-02-27T14:21:32","slug":"bustiera-neagra-bretele-negre","status":"publish","type":"product","link":"https:\/\/staging5.peach-pump.com\/ro\/products\/bustiera-neagra-bretele-negre\/","title":{"rendered":"Bustier\u0103 neagr\u0103 cu bretele negre"},"content":{"rendered":"<p>Bustier\u0103 neagr\u0103 cu bretele negre \u0219i c\u0103ptu\u0219eal\u0103 cu efect Push Up. Acest model este fabricat din \u021bes\u0103tur\u0103 elastic\u0103, respirabil\u0103, care elimin\u0103 umezeala din corp \u0219i v\u0103 ofer\u0103 libertate total\u0103 de mi\u0219care \u00een timpul antrenamentelor. C\u0103ptu\u0219eala bustierei este deta\u0219abil\u0103 \u0219i are un logo &#8220;Peach Pump&#8221; termosigilat \u00een fa\u021b\u0103. Poate fi asortat cu colan\u021bi scur\u021bi \u00een acela\u0219i model sau cu un colan\u021bi lungi de o singur\u0103 culoare.   <\/p>\n<p>O propunere proasp\u0103t\u0103 care te va face s\u0103 te sim\u021bi frumoas\u0103 \u0219i sexy.<\/p>\n<ul>\n<li> C\u0103ptu\u0219eal\u0103 , deta\u0219abil\u0103<\/li>\n<li> Efect Push-Up<\/li>\n<li> Elasticitate mare<\/li>\n<li> Logo Peach Pump sigilat termic \u00een partea din fa\u021b\u0103 a bustierei<\/li>\n<li>  \u021aes\u0103tur\u0103 care evacueaz\u0103 umezeala de pe corp<\/li>\n<\/ul>\n<p>Compozi\u021bie: 80% poliester 20% spandex<\/p>\n<p>Bustiera poate fi sp\u0103lat\u0103 la temperaturi de p\u00e2n\u0103 la 30 de grade, este recomandabil s\u0103 o da\u021bi pe dos atunci c\u00e2nd o sp\u0103la\u021bi, v\u0103 rug\u0103m s\u0103 nu folosi\u021bi \u00een\u0103lbitor sau cur\u0103\u021bare chimic\u0103.<\/p>\n<p>Modelul din fotografie are 170 cm \u00een\u0103l\u021bime, c\u00e2nt\u0103re\u0219te 49 kg \u0219i pozeaz\u0103 cu o bustier\u0103 m\u0103rimea S.<\/p>\n<p>V\u0103 rug\u0103m s\u0103 utiliza\u021bi tabelele pentru a selecta dimensiunea exact\u0103.<\/p>\n","protected":false},"excerpt":{"rendered":"<p>Bustier\u0103 neagr\u0103 cu bretele negre \u0219i c\u0103ptu\u0219eal\u0103 cu efect Push Up. Acest model este fabricat din \u021bes\u0103tur\u0103 elastic\u0103, respirabil\u0103, care elimin\u0103 umezeala din corp \u0219i v\u0103 ofer\u0103 libertate total\u0103 de mi\u0219care \u00een timpul antrenamentelor. C\u0103ptu\u0219eala bustierei este deta\u0219abil\u0103 \u0219i are un logo &#8220;Peach Pump&#8221; termosigilat \u00een fa\u021b\u0103. Poate fi asortat cu colan\u021bi scur\u021bi \u00een acela\u0219i [&hellip;]<\/p>\n","protected":false},"featured_media":110093,"comment_status":"open","ping_status":"closed","template":"","meta":[],"product_brand":[],"product_cat":[366],"product_tag":[],"class_list":{"0":"post-111813","1":"product","2":"type-product","3":"status-publish","4":"has-post-thumbnail","6":"product_cat-sutiene-sport-pentru-femei","7":"pa_cviat-negru-alb","8":"pa_razmer-l-ro-2","9":"pa_razmer-m-ro","10":"pa_razmer-s-ro-2","11":"inventories-world","12":"inventories-pl","13":"inventories-uk","15":"first","16":"instock","17":"taxable","18":"shipping-taxable","19":"purchasable","20":"product-type-variable"},"_links":{"self":[{"href":"https:\/\/staging5.peach-pump.com\/ro\/wp-json\/wp\/v2\/product\/111813","targetHints":{"allow":["GET"]}}],"collection":[{"href":"https:\/\/staging5.peach-pump.com\/ro\/wp-json\/wp\/v2\/product"}],"about":[{"href":"https:\/\/staging5.peach-pump.com\/ro\/wp-json\/wp\/v2\/types\/product"}],"replies":[{"embeddable":true,"href":"https:\/\/staging5.peach-pump.com\/ro\/wp-json\/wp\/v2\/comments?post=111813"}],"version-history":[{"count":0,"href":"https:\/\/staging5.peach-pump.com\/ro\/wp-json\/wp\/v2\/product\/111813\/revisions"}],"wp:featuredmedia":[{"embeddable":true,"href":"https:\/\/staging5.peach-pump.com\/ro\/wp-json\/wp\/v2\/media\/110093"}],"wp:attachment":[{"href":"https:\/\/staging5.peach-pump.com\/ro\/wp-json\/wp\/v2\/media?parent=111813"}],"wp:term":[{"taxonomy":"product_brand","embeddable":true,"href":"https:\/\/staging5.peach-pump.com\/ro\/wp-json\/wp\/v2\/product_brand?post=111813"},{"taxonomy":"product_cat","embeddable":true,"href":"https:\/\/staging5.peach-pump.com\/ro\/wp-json\/wp\/v2\/product_cat?post=111813"},{"taxonomy":"product_tag","embeddable":true,"href":"https:\/\/staging5.peach-pump.com\/ro\/wp-json\/wp\/v2\/product_tag?post=111813"}],"curies":[{"name":"wp","href":"https:\/\/api.w.org\/{rel}","templated":true}]}}