{"id":100210,"date":"2024-12-17T22:07:02","date_gmt":"2024-12-17T20:07:02","guid":{"rendered":"https:\/\/staging5.peach-pump.com\/products\/salopeta-verde-matlasata\/"},"modified":"2026-02-27T16:26:43","modified_gmt":"2026-02-27T14:26:43","slug":"salopeta-verde-matlasata","status":"publish","type":"product","link":"https:\/\/staging5.peach-pump.com\/ro\/products\/salopeta-verde-matlasata\/","title":{"rendered":"Salopet\u0103 matlasat\u0103 verde \u00eenchis, mulat\u0103, &#8220;Catsuits&#8221;"},"content":{"rendered":"<p>Salopet\u0103 matlasat\u0103 verde \u00eenchis pe corp, confec\u021bionat\u0103 din material moale \u0219i respirabil, ideal\u0103 pentru antrenamente sau plimb\u0103ri pe vreme mai rece. Modelul are un fermoar \u00een fa\u021b\u0103, inscrip\u021bii interne Peach Pump \u0219i un logo &#8220;Peach Pump&#8221;cauciucat pe um\u0103r.  Salopeta se potrive\u0219te perfect corpului \u0219i \u00eel sculpteaz\u0103 ca o clepsidr\u0103, ascunz\u00e2nd imperfec\u021biunile. Modelul nu are cus\u0103tur\u0103 \u00een fa\u021b\u0103. De asemenea, potrivit\u0103 pentru doamnele mai \u00eenalte.<\/p>\n<p>O comoar\u0103 vestimentar\u0103 care va fi noul accesoriu preferat al garderobei tale. Fii frumoas\u0103, feminin\u0103 \u0219i memorabil\u0103 cu Peach Pump.<\/p>\n<ul>\n<li>C\u0103ptu\u0219eal\u0103 moale matlasat\u0103<\/li>\n<li>\u021aes\u0103tur\u0103 respirabil\u0103<\/li>\n<li>\u00censcrip\u021bie ascuns\u0103 &#8220;Peach Pump&#8221;<\/li>\n<li>Logo &#8220;Peach Pump&#8221; pe um\u0103r<\/li>\n<li>Model care sculpteaz\u0103 figura<\/li>\n<li>\u021aes\u0103tur\u0103 elastic\u0103 care se potrive\u0219te perfect<\/li>\n<li>F\u0103r\u0103 cus\u0103tur\u0103 \u00een fa\u021b\u0103<\/li>\n<li>De asemenea, potrivit\u0103 pentru doamnele mai \u00eenalte<\/li>\n<\/ul>\n<p>Compozi\u021bie: 80% poliester 20% spandex<\/p>\n<p>Salopeta poate fi sp\u0103lat\u0103 la temperaturi de p\u00e2n\u0103 la 30 de grade, dar nu se poate sp\u0103la cu \u00een\u0103lbitor sau cur\u0103\u021b\u0103torie uscat\u0103.<\/p>\n<p>Modelul din fotografii are o \u00een\u0103l\u021bime de 167 cm, c\u00e2nt\u0103re\u0219te 50 kg \u0219i pozeaz\u0103 \u00een m\u0103rimea S.<\/p>\n<p>&nbsp;<\/p>\n","protected":false},"excerpt":{"rendered":"<p>Salopet\u0103 matlasat\u0103 verde \u00eenchis pe corp, confec\u021bionat\u0103 din material moale \u0219i respirabil, ideal\u0103 pentru antrenamente sau plimb\u0103ri pe vreme mai rece. Modelul are un fermoar \u00een fa\u021b\u0103, inscrip\u021bii interne Peach Pump \u0219i un logo &#8220;Peach Pump&#8221;cauciucat pe um\u0103r. Salopeta se potrive\u0219te perfect corpului \u0219i \u00eel sculpteaz\u0103 ca o clepsidr\u0103, ascunz\u00e2nd imperfec\u021biunile. Modelul nu are cus\u0103tur\u0103 [&hellip;]<\/p>\n","protected":false},"featured_media":99685,"comment_status":"open","ping_status":"closed","template":"","meta":[],"product_brand":[],"product_cat":[1124,367,369],"product_tag":[],"class_list":{"0":"post-100210","1":"product","2":"type-product","3":"status-publish","4":"has-post-thumbnail","6":"product_cat-salopete-sport-dama","7":"product_cat-seturi-de-trening-pentru-femei","8":"product_cat-seturi-sport-cu-colanti","9":"pa_cviat-verde","10":"pa_razmer-l-ro-2","11":"pa_razmer-m-ro","12":"pa_razmer-s-ro-2","13":"inventories-world","14":"inventories-pl","15":"inventories-uk","17":"first","18":"instock","19":"taxable","20":"shipping-taxable","21":"purchasable","22":"product-type-variable"},"_links":{"self":[{"href":"https:\/\/staging5.peach-pump.com\/ro\/wp-json\/wp\/v2\/product\/100210","targetHints":{"allow":["GET"]}}],"collection":[{"href":"https:\/\/staging5.peach-pump.com\/ro\/wp-json\/wp\/v2\/product"}],"about":[{"href":"https:\/\/staging5.peach-pump.com\/ro\/wp-json\/wp\/v2\/types\/product"}],"replies":[{"embeddable":true,"href":"https:\/\/staging5.peach-pump.com\/ro\/wp-json\/wp\/v2\/comments?post=100210"}],"version-history":[{"count":2,"href":"https:\/\/staging5.peach-pump.com\/ro\/wp-json\/wp\/v2\/product\/100210\/revisions"}],"predecessor-version":[{"id":108605,"href":"https:\/\/staging5.peach-pump.com\/ro\/wp-json\/wp\/v2\/product\/100210\/revisions\/108605"}],"wp:featuredmedia":[{"embeddable":true,"href":"https:\/\/staging5.peach-pump.com\/ro\/wp-json\/wp\/v2\/media\/99685"}],"wp:attachment":[{"href":"https:\/\/staging5.peach-pump.com\/ro\/wp-json\/wp\/v2\/media?parent=100210"}],"wp:term":[{"taxonomy":"product_brand","embeddable":true,"href":"https:\/\/staging5.peach-pump.com\/ro\/wp-json\/wp\/v2\/product_brand?post=100210"},{"taxonomy":"product_cat","embeddable":true,"href":"https:\/\/staging5.peach-pump.com\/ro\/wp-json\/wp\/v2\/product_cat?post=100210"},{"taxonomy":"product_tag","embeddable":true,"href":"https:\/\/staging5.peach-pump.com\/ro\/wp-json\/wp\/v2\/product_tag?post=100210"}],"curies":[{"name":"wp","href":"https:\/\/api.w.org\/{rel}","templated":true}]}}