{"id":31491,"date":"2022-06-23T07:25:12","date_gmt":"2022-06-23T05:25:12","guid":{"rendered":"https:\/\/staging5.peach-pump.com\/comanda-si-livrare\/"},"modified":"2025-02-09T19:00:01","modified_gmt":"2025-02-09T17:00:01","slug":"comanda-si-livrare","status":"publish","type":"page","link":"https:\/\/staging5.peach-pump.com\/ro\/comanda-si-livrare\/","title":{"rendered":"COMAND\u0102 \u0218I LIVRARE"},"content":{"rendered":"\t\t<div data-elementor-type=\"wp-page\" data-elementor-id=\"31491\" class=\"elementor elementor-31491 elementor-13\" data-elementor-post-type=\"page\">\n\t\t\t\t<div class=\"elementor-element elementor-element-1ced6ef1 e-flex e-con-boxed e-con e-parent\" data-id=\"1ced6ef1\" data-element_type=\"container\">\n\t\t\t\t\t<div class=\"e-con-inner\">\n\t\t\t\t<div class=\"elementor-element elementor-element-5c5a5799 elementor-widget elementor-widget-text-editor\" data-id=\"5c5a5799\" data-element_type=\"widget\" data-widget_type=\"text-editor.default\">\n\t\t\t\t<div class=\"elementor-widget-container\">\n\t\t\t\t\t\t\t\t\t\n<p> <\/p>\n\n<h2 class=\"wp-block-heading\"><strong>COMAND\u0102 \u0218I LIVRARE:<\/strong><\/h2>\n\n<p>Oferim livrare la sediu, adres\u0103 \u0219i APS (sta\u021bie po\u0219tal\u0103 automat\u0103) prin intermediul companiilor de curierat SPEEDY, CEE Economy service. <\/p>\n\n<figure class=\"wp-block-table\">\n<table>\n<tbody>\n<tr>\n<td>\u021aara <\/td>\n<td>Pre\u021b* <\/td>\n<td>Timp de livrare: <\/td> \n<\/tr>\n<tr>\n<td>Rom\u00e2nia<\/td>\n<td>3\u20ac<\/td>\n<td>3-4 zile lucr\u0103toare<\/td>\n<\/tr>\n<tr>\n<td>Grecia<\/td>\n<td>3\u20ac<\/td>\n<td>3-4 zile lucr\u0103toare<\/td>\n<\/tr>\n<tr>\n<td>Polonia<\/td>\n<td>3\u20ac<\/td>\n<td>3-4 zile lucr\u0103toare<\/td>\n<\/tr>\n<tr>\n<td>Slovacia<\/td>\n<td>3\u20ac<\/td>\n<td>3-4 zile lucr\u0103toare<\/td>\n<\/tr>\n<tr>\n<td>Republica Ceh\u0103<\/td>\n<td>3\u20ac<\/td>\n<td>3-4 zile lucr\u0103toare<\/td>\n<\/tr>\n<tr>\n<td>Slovenia<\/td>\n<td>3\u20ac<\/td>\n<td>3-4 zile lucr\u0103toare<\/td>\n<\/tr>\n<tr>\n<td>Ungaria<\/td>\n<td>3\u20ac<\/td>\n<td>3-4 zile lucr\u0103toare<\/td>\n<\/tr>\n<tr>\n<td>Croa\u021bia<\/td>\n<td>3\u20ac<\/td>\n<td>3-4 zile lucr\u0103toare<\/td>\n<\/tr>\n<\/tbody>\n<\/table>\n<figcaption class=\"wp-element-caption\"><\/figcaption>\n<\/figure>\n\n<p>*Costurile de livrare sunt suportate de c\u0103tre client. Costurile enumerate sunt orientative \u0219i se bazeaz\u0103 pe serviciul SPEEDY,DPD, CEE Economy. Costurile exacte de expediere sunt calculate automat la ultimul pas &#8220;Comand\u0103&#8221;, \u00een func\u021bie de greutate, dup\u0103 selectarea unei metode de expediere \u0219i \u00eenainte de plat\u0103.<\/p>\n\n<p><strong>METODE DE PLAT\u0102<\/strong><\/p>\n\n<ul>\n<li>Cu cardul de credit\/debit &#8211; Site-ul Peach Pump utilizeaz\u0103 plata prin intermediul companiei de renume STRIPE, care ofer\u0103 un proces de plat\u0103 rapid, sigur \u0219i u\u0219or.<\/li>\n\n<li>Plata la livrare &#8211; numai pentru anumite \u021b\u0103ri, afi\u0219at\u0103 la ultimul pas &#8220;Comand\u0103&#8221;.<\/li>\n<\/ul>\n\n<h2 class=\"wp-block-heading\"><strong>COMAND\u0102 \u0218I LIVRARE \u00ceN BULGARIA:<\/strong><\/h2>\n<p><\/p>\n<p>Comenzile sunt onorate \u00een termen de una p\u00e2n\u0103 la dou\u0103 zile lucr\u0103toare de la procesare. Oferim livrare la sediu, la adres\u0103 \u0219i APS (sta\u021bie po\u0219tal\u0103 automat\u0103) prin intermediul companiilor de curierat SPEEDY \u0219i ECONT.<\/p>\n<p><\/p>\n<p><strong>PRE\u021a DE LIVRARE \u00ceN BULGARIA:<\/strong><\/p>\n<p><\/p>\n<p>Costurile de expediere sunt responsabilitatea clientului \u0219i sunt calculate automat la ultimul pas &#8220;Comand\u0103&#8221; \u00een func\u021bie de greutate, dup\u0103 selectarea companiei de curierat \u0219i a metodei de livrare.\nComerciantul \u00ee\u0219i rezerv\u0103 dreptul de a oferi condi\u021bii promo\u021bionale \u00een cadrul c\u0103rora s\u0103 suporte costurile de livrare pe cheltuiala sa.\n\u00cenainte de expedierea bunurilor comandate, comerciantul are dreptul de a contacta utilizatorul prin telefon pentru a clarifica detaliile comenzii \u0219i\/sau ale livr\u0103rii.  <\/p>\n<p><\/p>\n<p><strong>METODE DE PLAT\u0102<\/strong><\/p>\n<p><\/p>\n<ul>\n<li>Plata contra ramburs &#8211; plata prin curier la livrare (vi se va percepe o tax\u0103 COD (cash on delivery) \u00een plus fa\u021b\u0103 de pre\u021bul de livrare, perceput\u0103 de compania de curierat atunci c\u00e2nd pl\u0103ti\u021bi la m\u00e2n\u0103 (numerar)<\/li>\n\n<li>Cu cardul de credit\/debit &#8211; Site-ul Peach Pump utilizeaz\u0103 plata prin intermediul companiei de renume STRIPE, care ofer\u0103 un proces de plat\u0103 rapid, sigur \u0219i u\u0219or.<\/li>\n<\/ul>\n\n<p> <\/p>\n\t\t\t\t\t\t\t\t<\/div>\n\t\t\t\t<\/div>\n\t\t\t\t\t<\/div>\n\t\t\t\t<\/div>\n\t\t<div class=\"elementor-element elementor-element-4dcbfc5 e-grid e-con-boxed e-con e-parent\" data-id=\"4dcbfc5\" data-element_type=\"container\">\n\t\t\t\t\t<div class=\"e-con-inner\">\n\t\t\t\t\t<\/div>\n\t\t\t\t<\/div>\n\t\t\t\t<\/div>\n\t\t","protected":false},"excerpt":{"rendered":"<p>COMAND\u0102 \u0218I LIVRARE: Oferim livrare la sediu, adres\u0103 \u0219i APS (sta\u021bie po\u0219tal\u0103 automat\u0103) prin intermediul companiilor de curierat SPEEDY, CEE Economy service. \u021aara Pre\u021b* Timp de livrare: Rom\u00e2nia 3\u20ac 3-4 zile lucr\u0103toare Grecia 3\u20ac 3-4 zile lucr\u0103toare Polonia 3\u20ac 3-4 zile lucr\u0103toare Slovacia 3\u20ac 3-4 zile lucr\u0103toare Republica Ceh\u0103 3\u20ac 3-4 zile lucr\u0103toare Slovenia 3\u20ac [&hellip;]<\/p>\n","protected":false},"author":1,"featured_media":0,"parent":0,"menu_order":0,"comment_status":"closed","ping_status":"closed","template":"","meta":{"footnotes":""},"class_list":["post-31491","page","type-page","status-publish","hentry"],"_links":{"self":[{"href":"https:\/\/staging5.peach-pump.com\/ro\/wp-json\/wp\/v2\/pages\/31491","targetHints":{"allow":["GET"]}}],"collection":[{"href":"https:\/\/staging5.peach-pump.com\/ro\/wp-json\/wp\/v2\/pages"}],"about":[{"href":"https:\/\/staging5.peach-pump.com\/ro\/wp-json\/wp\/v2\/types\/page"}],"author":[{"embeddable":true,"href":"https:\/\/staging5.peach-pump.com\/ro\/wp-json\/wp\/v2\/users\/1"}],"replies":[{"embeddable":true,"href":"https:\/\/staging5.peach-pump.com\/ro\/wp-json\/wp\/v2\/comments?post=31491"}],"version-history":[{"count":9,"href":"https:\/\/staging5.peach-pump.com\/ro\/wp-json\/wp\/v2\/pages\/31491\/revisions"}],"predecessor-version":[{"id":105662,"href":"https:\/\/staging5.peach-pump.com\/ro\/wp-json\/wp\/v2\/pages\/31491\/revisions\/105662"}],"wp:attachment":[{"href":"https:\/\/staging5.peach-pump.com\/ro\/wp-json\/wp\/v2\/media?parent=31491"}],"curies":[{"name":"wp","href":"https:\/\/api.w.org\/{rel}","templated":true}]}}