{"id":93139,"date":"2024-11-02T22:43:01","date_gmt":"2024-11-02T20:43:01","guid":{"rendered":"https:\/\/staging5.peach-pump.com\/products\/niebiesko-szare-legginsy-z-niskim-stanem\/"},"modified":"2025-07-27T12:01:34","modified_gmt":"2025-07-27T10:01:34","slug":"niebiesko-szare-legginsy-z-niskim-stanem","status":"publish","type":"product","link":"https:\/\/staging5.peach-pump.com\/pl\/products\/niebiesko-szare-legginsy-z-niskim-stanem\/","title":{"rendered":"Bezszwowe niebiesko-szare legginsy z niskim stanem"},"content":{"rendered":"<p>Bezszwowe niebiesko-szare legginsy stworzone z grubej, bezszwowej, rozci\u0105gliwej i mi\u0119kkiej w dotyku tkaniny. Model ten doskonale modeluje sylwetk\u0119, ma obni\u017con\u0105 tali\u0119. Materia\u0142 leggins\u00f3w ukrywa problematyczne miejsca, odprowadza wilgo\u0107 z cia\u0142a i modeluje po\u015bladki w kszta\u0142cie brzoskwini, zapewniaj\u0105c pi\u0119kn\u0105 i zgrabn\u0105 sylwetk\u0119.   Z tym modelem poczujesz si\u0119 komfortowo i pewnie. Mo\u017cesz dopasowa\u0107 legginsy do biustonosza w tym samym wzorze lub sprawi\u0107, \u017ce Tw\u00f3j w\u0142asny str\u00f3j sportowy b\u0119dzie wyrazisty i inny dzi\u0119ki naszej szerokiej kolekcji kurtek, stanik\u00f3w sportowych i akcesori\u00f3w.<\/p>\n<ul>\n<li>Niska talia<\/li>\n<li>Tkanina bez szw\u00f3w<\/li>\n<li>Podnosz\u0105, modeluj\u0105, ukrywaj\u0105 problematyczne obszary<\/li>\n<li>Pr\u0105\u017ckowany pas obejmuj\u0105cy talie<\/li>\n<li>Efekt Peachy<\/li>\n<li>Bez szwu z przodu<\/li>\n<li>Termicznie naklejone logo Peach Pump z ty\u0142u leggins\u00f3w<\/li>\n<li>Logo Peach Pump na udzie<\/li>\n<li>Tkanina odprowadzaj\u0105ca wilgo\u0107 z cia\u0142a<\/li>\n<\/ul>\n<p>Sk\u0142ad: 80% poliester 20% elastan<\/p>\n<p>Legginsy mo\u017cna pra\u0107 w temperaturze do 30 stopni. Nie wybiela\u0107 i nie czy\u015bci\u0107 chemicznie.<\/p>\n<p>Modelka na zdj\u0119ciu ma 162 cm wzrostu, wa\u017cy 51 kg i nosi rozmiar S.<\/p>\n<p>Aby wybra\u0107 dok\u0142adny rozmiar, skorzystaj z tabel rozmiarowych.<\/p>\n","protected":false},"excerpt":{"rendered":"<p>Bezszwowe niebiesko-szare legginsy stworzone z grubej, bezszwowej, rozci\u0105gliwej i mi\u0119kkiej w dotyku tkaniny. Model ten doskonale modeluje sylwetk\u0119, ma obni\u017con\u0105 tali\u0119. Materia\u0142 leggins\u00f3w ukrywa problematyczne miejsca, odprowadza wilgo\u0107 z cia\u0142a i modeluje po\u015bladki w kszta\u0142cie brzoskwini, zapewniaj\u0105c pi\u0119kn\u0105 i zgrabn\u0105 sylwetk\u0119. Z tym modelem poczujesz si\u0119 komfortowo i pewnie. Mo\u017cesz dopasowa\u0107 legginsy do biustonosza w [&hellip;]<\/p>\n","protected":false},"featured_media":92436,"comment_status":"open","ping_status":"closed","template":"","meta":[],"product_brand":[],"product_cat":[144,307],"product_tag":[960,961],"class_list":{"0":"post-93139","1":"product","2":"type-product","3":"status-publish","4":"has-post-thumbnail","6":"product_cat-legginsy-sportowe-damskie","7":"product_cat-legginsy-damskie-dlugie","8":"product_tag-niebiesko-szare-legginsy","9":"product_tag-niska-talia","10":"pa_cviat-niebieski","11":"pa_razmer-l-pl","12":"pa_razmer-m-pl-2","13":"pa_razmer-s-pl-2","14":"pa_razmer-xl-pl","15":"inventories-world","16":"inventories-uk","18":"first","19":"instock","20":"taxable","21":"shipping-taxable","22":"purchasable","23":"product-type-variable"},"_links":{"self":[{"href":"https:\/\/staging5.peach-pump.com\/pl\/wp-json\/wp\/v2\/product\/93139","targetHints":{"allow":["GET"]}}],"collection":[{"href":"https:\/\/staging5.peach-pump.com\/pl\/wp-json\/wp\/v2\/product"}],"about":[{"href":"https:\/\/staging5.peach-pump.com\/pl\/wp-json\/wp\/v2\/types\/product"}],"replies":[{"embeddable":true,"href":"https:\/\/staging5.peach-pump.com\/pl\/wp-json\/wp\/v2\/comments?post=93139"}],"version-history":[{"count":1,"href":"https:\/\/staging5.peach-pump.com\/pl\/wp-json\/wp\/v2\/product\/93139\/revisions"}],"predecessor-version":[{"id":108783,"href":"https:\/\/staging5.peach-pump.com\/pl\/wp-json\/wp\/v2\/product\/93139\/revisions\/108783"}],"wp:featuredmedia":[{"embeddable":true,"href":"https:\/\/staging5.peach-pump.com\/pl\/wp-json\/wp\/v2\/media\/92436"}],"wp:attachment":[{"href":"https:\/\/staging5.peach-pump.com\/pl\/wp-json\/wp\/v2\/media?parent=93139"}],"wp:term":[{"taxonomy":"product_brand","embeddable":true,"href":"https:\/\/staging5.peach-pump.com\/pl\/wp-json\/wp\/v2\/product_brand?post=93139"},{"taxonomy":"product_cat","embeddable":true,"href":"https:\/\/staging5.peach-pump.com\/pl\/wp-json\/wp\/v2\/product_cat?post=93139"},{"taxonomy":"product_tag","embeddable":true,"href":"https:\/\/staging5.peach-pump.com\/pl\/wp-json\/wp\/v2\/product_tag?post=93139"}],"curies":[{"name":"wp","href":"https:\/\/api.w.org\/{rel}","templated":true}]}}