{"id":93124,"date":"2024-11-01T22:25:30","date_gmt":"2024-11-01T20:25:30","guid":{"rendered":"https:\/\/staging5.peach-pump.com\/products\/czarny-sportowy-zestaw-odwrocone-szwy\/"},"modified":"2025-07-25T12:47:33","modified_gmt":"2025-07-25T10:47:33","slug":"czarny-sportowy-zestaw-odwrocone-szwy","status":"publish","type":"product","link":"https:\/\/staging5.peach-pump.com\/pl\/products\/czarny-sportowy-zestaw-odwrocone-szwy\/","title":{"rendered":"Czarny, sportowy zestaw z odwr\u00f3conymi szwami 3D"},"content":{"rendered":"<p>Damski, czarny, sportowy zestaw &#8211; legginsy i biustonosz, z nowoczesnymi odwr\u00f3conymi szwami 3D. Materia\u0142 leggins\u00f3w jest mi\u0119kki i elastyczny, zapewniaj\u0105c pe\u0142n\u0105 swobod\u0119 ruch\u00f3w i komfort podczas uprawiania sportu. Elastyczna konstrukcja leggins\u00f3w jest ukryta, dzi\u0119ki czemu wyd\u0142u\u017ca sylwetk\u0119. Biustonosz ma wyjmowane wk\u0142adki unosz\u0105ce i cienkie rami\u0105czka. Str\u00f3j sportowy jest dost\u0119pny w trzech modnych w sezonie kolorach, b\u0105d\u017a stylowy i inny.    <\/p>\n<p>Biustonosz:<\/p>\n<ul>\n<li>Nowoczesny kr\u00f3j<\/li>\n<li>Elastyczny materia\u0142<\/li>\n<li>Efektowne szwy 3D<\/li>\n<li>Wk\u0142adki z efektem Push-Up, kt\u00f3r\u0105 mo\u017cna wyj\u0105\u0107<\/li>\n<li>Cienkie rami\u0105czka<\/li>\n<li>Termicznie naklejone logo Peach Pump z boku biustonosza<\/li>\n<li>Tkanina odprowadzaj\u0105ca wilgo\u0107<\/li>\n<\/ul>\n<p>Legginsy:<\/p>\n<ul>\n<li>Elastyczny materia\u0142<\/li>\n<li>Termicznie naklejone logo Peach Pump z przodu leggins\u00f3w<\/li>\n<li>Efektowne szwy 3D<\/li>\n<li>Ukryta gumka w pasie<\/li>\n<li>Tkanina odprowadzaj\u0105ca wilgo\u0107<\/li>\n<li>Brak efektu Peachy<\/li>\n<\/ul>\n<p>Zestaw mo\u017cna pra\u0107 w temperaturze do 30 stopni, nie nale\u017cy u\u017cywa\u0107 wybielaczy ani czy\u015bci\u0107 chemicznie.<\/p>\n<p>Modelka na zdj\u0119ciu ma 178 cm wzrostu, wa\u017cy 54 kg i nosi legginsy i biustonosz w rozmiarze S.<\/p>\n<p>Aby wybra\u0107 dok\u0142adny rozmiar, skorzystaj z tabel rozmiarowych.<\/p>\n","protected":false},"excerpt":{"rendered":"<p>Damski, czarny, sportowy zestaw &#8211; legginsy i biustonosz, z nowoczesnymi odwr\u00f3conymi szwami 3D. Materia\u0142 leggins\u00f3w jest mi\u0119kki i elastyczny, zapewniaj\u0105c pe\u0142n\u0105 swobod\u0119 ruch\u00f3w i komfort podczas uprawiania sportu. Elastyczna konstrukcja leggins\u00f3w jest ukryta, dzi\u0119ki czemu wyd\u0142u\u017ca sylwetk\u0119. Biustonosz ma wyjmowane wk\u0142adki unosz\u0105ce i cienkie rami\u0105czka. Str\u00f3j sportowy jest dost\u0119pny w trzech modnych w sezonie kolorach, [&hellip;]<\/p>\n","protected":false},"featured_media":92163,"comment_status":"open","ping_status":"closed","template":"","meta":[],"product_brand":[],"product_cat":[362,364],"product_tag":[],"class_list":{"0":"post-93124","1":"product","2":"type-product","3":"status-publish","4":"has-post-thumbnail","6":"product_cat-komplety-sportowe-damskie","7":"product_cat-omplet-sportowy-top-legginsy","8":"pa_cviat-czarny","9":"inventories-world","10":"inventories-uk","12":"first","13":"instock","14":"sale","15":"virtual","16":"taxable","17":"purchasable","18":"product-type-yith_bundle"},"_links":{"self":[{"href":"https:\/\/staging5.peach-pump.com\/pl\/wp-json\/wp\/v2\/product\/93124","targetHints":{"allow":["GET"]}}],"collection":[{"href":"https:\/\/staging5.peach-pump.com\/pl\/wp-json\/wp\/v2\/product"}],"about":[{"href":"https:\/\/staging5.peach-pump.com\/pl\/wp-json\/wp\/v2\/types\/product"}],"replies":[{"embeddable":true,"href":"https:\/\/staging5.peach-pump.com\/pl\/wp-json\/wp\/v2\/comments?post=93124"}],"version-history":[{"count":0,"href":"https:\/\/staging5.peach-pump.com\/pl\/wp-json\/wp\/v2\/product\/93124\/revisions"}],"wp:featuredmedia":[{"embeddable":true,"href":"https:\/\/staging5.peach-pump.com\/pl\/wp-json\/wp\/v2\/media\/92163"}],"wp:attachment":[{"href":"https:\/\/staging5.peach-pump.com\/pl\/wp-json\/wp\/v2\/media?parent=93124"}],"wp:term":[{"taxonomy":"product_brand","embeddable":true,"href":"https:\/\/staging5.peach-pump.com\/pl\/wp-json\/wp\/v2\/product_brand?post=93124"},{"taxonomy":"product_cat","embeddable":true,"href":"https:\/\/staging5.peach-pump.com\/pl\/wp-json\/wp\/v2\/product_cat?post=93124"},{"taxonomy":"product_tag","embeddable":true,"href":"https:\/\/staging5.peach-pump.com\/pl\/wp-json\/wp\/v2\/product_tag?post=93124"}],"curies":[{"name":"wp","href":"https:\/\/api.w.org\/{rel}","templated":true}]}}