{"id":93109,"date":"2024-11-01T21:40:40","date_gmt":"2024-11-01T19:40:40","guid":{"rendered":"https:\/\/staging5.peach-pump.com\/products\/niebieski-biustonosz-odwrocone-szwy\/"},"modified":"2025-07-23T07:23:43","modified_gmt":"2025-07-23T05:23:43","slug":"niebieski-biustonosz-odwrocone-szwy","status":"publish","type":"product","link":"https:\/\/staging5.peach-pump.com\/pl\/products\/niebieski-biustonosz-odwrocone-szwy\/","title":{"rendered":"Granatowy biustonosz z odwr\u00f3conymi szwami 3D"},"content":{"rendered":"<p>Granatowy biustonosz z efektownymi odwr\u00f3conymi szwami 3D i cienkimi rami\u0105czkami. Konstrukcja biustonosza jest nowoczesna, posiada wk\u0142adki z efektem liftingu, kt\u00f3re mo\u017cna wyj\u0105\u0107. Materia\u0142 jest mi\u0119kki i rozci\u0105gliwy, daje poczucie komfortu i wygody podczas \u0107wicze\u0144. Sportowy biustonosz jest dost\u0119pny w trzech modnych kolorach sezonu, mo\u017cna go \u0142\u0105czy\u0107 z legginsami w tym samym wzorze.   <\/p>\n<ul>\n<li>Nowoczesny kr\u00f3j<\/li>\n<li>Elastyczny materia\u0142<\/li>\n<li>Efektowne szwy 3D<\/li>\n<li>Wk\u0142adki z efektem Push-Up, kt\u00f3r\u0105 mo\u017cna wyj\u0105\u0107<\/li>\n<li>Cienkie rami\u0105czka<\/li>\n<li>Termicznie naklejone logo Peach Pump z boku biustonosza<\/li>\n<li>Tkanina odprowadzaj\u0105ca wilgo\u0107<\/li>\n<\/ul>\n<p>Sk\u0142ad: 80% poliester 20% elastan<\/p>\n<p>Biustonosz mo\u017cna pra\u0107 w temperaturze do 30 stopni. Nie wybiela\u0107. Nie czy\u015bci\u0107 chemicznie.<\/p>\n<p>Model na zdj\u0119ciu ma 178 cm wzrostu, wa\u017cy 54 kg i prezentuje rozmiar S.<\/p>\n<p>Aby wybra\u0107 dok\u0142adny rozmiar, skorzystaj z tabel rozmiarowych.<\/p>\n","protected":false},"excerpt":{"rendered":"<p>Granatowy biustonosz z efektownymi odwr\u00f3conymi szwami 3D i cienkimi rami\u0105czkami. Konstrukcja biustonosza jest nowoczesna, posiada wk\u0142adki z efektem liftingu, kt\u00f3re mo\u017cna wyj\u0105\u0107. Materia\u0142 jest mi\u0119kki i rozci\u0105gliwy, daje poczucie komfortu i wygody podczas \u0107wicze\u0144. Sportowy biustonosz jest dost\u0119pny w trzech modnych kolorach sezonu, mo\u017cna go \u0142\u0105czy\u0107 z legginsami w tym samym wzorze. Nowoczesny kr\u00f3j Elastyczny [&hellip;]<\/p>\n","protected":false},"featured_media":91950,"comment_status":"open","ping_status":"closed","template":"","meta":[],"product_brand":[],"product_cat":[361],"product_tag":[],"class_list":{"0":"post-93109","1":"product","2":"type-product","3":"status-publish","4":"has-post-thumbnail","6":"product_cat-biustonosz-staniki-sportove","7":"pa_cviat-niebieski","8":"pa_razmer-l-pl","9":"pa_razmer-m-pl-2","10":"pa_razmer-s-pl-2","11":"inventories-world","12":"inventories-uk","14":"first","15":"instock","16":"sale","17":"taxable","18":"shipping-taxable","19":"purchasable","20":"product-type-variable"},"_links":{"self":[{"href":"https:\/\/staging5.peach-pump.com\/pl\/wp-json\/wp\/v2\/product\/93109","targetHints":{"allow":["GET"]}}],"collection":[{"href":"https:\/\/staging5.peach-pump.com\/pl\/wp-json\/wp\/v2\/product"}],"about":[{"href":"https:\/\/staging5.peach-pump.com\/pl\/wp-json\/wp\/v2\/types\/product"}],"replies":[{"embeddable":true,"href":"https:\/\/staging5.peach-pump.com\/pl\/wp-json\/wp\/v2\/comments?post=93109"}],"version-history":[{"count":1,"href":"https:\/\/staging5.peach-pump.com\/pl\/wp-json\/wp\/v2\/product\/93109\/revisions"}],"predecessor-version":[{"id":108817,"href":"https:\/\/staging5.peach-pump.com\/pl\/wp-json\/wp\/v2\/product\/93109\/revisions\/108817"}],"wp:featuredmedia":[{"embeddable":true,"href":"https:\/\/staging5.peach-pump.com\/pl\/wp-json\/wp\/v2\/media\/91950"}],"wp:attachment":[{"href":"https:\/\/staging5.peach-pump.com\/pl\/wp-json\/wp\/v2\/media?parent=93109"}],"wp:term":[{"taxonomy":"product_brand","embeddable":true,"href":"https:\/\/staging5.peach-pump.com\/pl\/wp-json\/wp\/v2\/product_brand?post=93109"},{"taxonomy":"product_cat","embeddable":true,"href":"https:\/\/staging5.peach-pump.com\/pl\/wp-json\/wp\/v2\/product_cat?post=93109"},{"taxonomy":"product_tag","embeddable":true,"href":"https:\/\/staging5.peach-pump.com\/pl\/wp-json\/wp\/v2\/product_tag?post=93109"}],"curies":[{"name":"wp","href":"https:\/\/api.w.org\/{rel}","templated":true}]}}