{"id":93097,"date":"2024-11-01T21:15:57","date_gmt":"2024-11-01T19:15:57","guid":{"rendered":"https:\/\/staging5.peach-pump.com\/products\/granatowe-legginsy-odwrocone-szwy\/"},"modified":"2025-07-29T10:10:13","modified_gmt":"2025-07-29T08:10:13","slug":"granatowe-legginsy-odwrocone-szwy","status":"publish","type":"product","link":"https:\/\/staging5.peach-pump.com\/pl\/products\/granatowe-legginsy-odwrocone-szwy\/","title":{"rendered":"Granatowe legginsy z odwr\u00f3conymi szwami 3D"},"content":{"rendered":"<p>Sportowe, granatowe legginsy z efektownymi odwr\u00f3conymi szwami 3D. Ten model ma nowoczesny kr\u00f3j, szwy pod\u0105\u017caj\u0105 za krzywiznami cia\u0142a i kszta\u0142tuj\u0105 je. Materia\u0142 leggins\u00f3w jest mi\u0119kki i elastyczny, zapewnia pe\u0142n\u0105 swobod\u0119 ruch\u00f3w i wygod\u0119 podczas uprawiania sportu, posiada ukryt\u0105 gumk\u0119, dzi\u0119ki czemu wyd\u0142u\u017ca sylwetk\u0119. Legginsy s\u0105 dost\u0119pne w trzech modnych w tym sezonie kolorach, mo\u017cna je \u0142\u0105czy\u0107 z biustonoszem w tym samym wzorze.   <\/p>\n<ul>\n<li>Elastyczny materia\u0142<\/li>\n<li>Termicznie naklejone logo Peach Pump z przodu leggins\u00f3w<\/li>\n<li>Efektowne szwy 3D<\/li>\n<li>Ukryta gumka w pasie<\/li>\n<li>Tkanina odprowadzaj\u0105ca wilgo\u0107<\/li>\n<li>Brak efektu Peachy<\/li>\n<\/ul>\n<p>Sk\u0142ad: 80% poliester, 20% elastan.<\/p>\n<p>Legginsy mo\u017cna pra\u0107 w temperaturze do 30 stopni. Nie wybiela\u0107 i nie czy\u015bci\u0107 chemicznie.<\/p>\n<p>Modelka na zdj\u0119ciu ma 178 cm wzrostu, wa\u017cy 54 kg i nosi legginsy w rozmiarze S.<\/p>\n<p>Aby wybra\u0107 dok\u0142adny rozmiar, skorzystaj z tabel rozmiarowych.<\/p>\n<p>&nbsp;<\/p>\n","protected":false},"excerpt":{"rendered":"<p>Sportowe, granatowe legginsy z efektownymi odwr\u00f3conymi szwami 3D. Ten model ma nowoczesny kr\u00f3j, szwy pod\u0105\u017caj\u0105 za krzywiznami cia\u0142a i kszta\u0142tuj\u0105 je. Materia\u0142 leggins\u00f3w jest mi\u0119kki i elastyczny, zapewnia pe\u0142n\u0105 swobod\u0119 ruch\u00f3w i wygod\u0119 podczas uprawiania sportu, posiada ukryt\u0105 gumk\u0119, dzi\u0119ki czemu wyd\u0142u\u017ca sylwetk\u0119. Legginsy s\u0105 dost\u0119pne w trzech modnych w tym sezonie kolorach, mo\u017cna je [&hellip;]<\/p>\n","protected":false},"featured_media":91839,"comment_status":"open","ping_status":"closed","template":"","meta":[],"product_brand":[],"product_cat":[144,307],"product_tag":[],"class_list":{"0":"post-93097","1":"product","2":"type-product","3":"status-publish","4":"has-post-thumbnail","6":"product_cat-legginsy-sportowe-damskie","7":"product_cat-legginsy-damskie-dlugie","8":"pa_cviat-niebieski","9":"pa_razmer-l-pl","10":"pa_razmer-m-pl-2","11":"pa_razmer-s-pl-2","12":"inventories-world","13":"inventories-uk","15":"first","16":"instock","17":"sale","18":"taxable","19":"shipping-taxable","20":"purchasable","21":"product-type-variable"},"_links":{"self":[{"href":"https:\/\/staging5.peach-pump.com\/pl\/wp-json\/wp\/v2\/product\/93097","targetHints":{"allow":["GET"]}}],"collection":[{"href":"https:\/\/staging5.peach-pump.com\/pl\/wp-json\/wp\/v2\/product"}],"about":[{"href":"https:\/\/staging5.peach-pump.com\/pl\/wp-json\/wp\/v2\/types\/product"}],"replies":[{"embeddable":true,"href":"https:\/\/staging5.peach-pump.com\/pl\/wp-json\/wp\/v2\/comments?post=93097"}],"version-history":[{"count":1,"href":"https:\/\/staging5.peach-pump.com\/pl\/wp-json\/wp\/v2\/product\/93097\/revisions"}],"predecessor-version":[{"id":108588,"href":"https:\/\/staging5.peach-pump.com\/pl\/wp-json\/wp\/v2\/product\/93097\/revisions\/108588"}],"wp:featuredmedia":[{"embeddable":true,"href":"https:\/\/staging5.peach-pump.com\/pl\/wp-json\/wp\/v2\/media\/91839"}],"wp:attachment":[{"href":"https:\/\/staging5.peach-pump.com\/pl\/wp-json\/wp\/v2\/media?parent=93097"}],"wp:term":[{"taxonomy":"product_brand","embeddable":true,"href":"https:\/\/staging5.peach-pump.com\/pl\/wp-json\/wp\/v2\/product_brand?post=93097"},{"taxonomy":"product_cat","embeddable":true,"href":"https:\/\/staging5.peach-pump.com\/pl\/wp-json\/wp\/v2\/product_cat?post=93097"},{"taxonomy":"product_tag","embeddable":true,"href":"https:\/\/staging5.peach-pump.com\/pl\/wp-json\/wp\/v2\/product_tag?post=93097"}],"curies":[{"name":"wp","href":"https:\/\/api.w.org\/{rel}","templated":true}]}}