{"id":78460,"date":"2024-05-06T16:20:34","date_gmt":"2024-05-06T14:20:34","guid":{"rendered":"https:\/\/staging5.peach-pump.com\/products\/bluza-z-szortami-niebieska\/"},"modified":"2025-07-22T11:19:09","modified_gmt":"2025-07-22T09:19:09","slug":"bluza-z-szortami-niebieska","status":"publish","type":"product","link":"https:\/\/staging5.peach-pump.com\/pl\/products\/bluza-z-szortami-niebieska\/","title":{"rendered":"Jasnoniebieski, sportowy zestaw, bluza z szortami"},"content":{"rendered":"<p>Sportowy zestaw, bluza z szortami w kolorze jasnoniebieskim. Koszulka ma kr\u00f3tkie r\u0119kawy, ostry dekolt w kszta\u0142cie litery V z mankietem i haft 3D Peach Pump. Szorty maj\u0105 kieszenie z przodu i haft Peach Pump, maj\u0105 wi\u0105zania, kt\u00f3re mog\u0105 zacisn\u0105\u0107 tali\u0119 dla wi\u0119kszego komfortu i wygody podczas treningu. Sportowy model Peach Pump z limitowanej edycji, w kt\u00f3rym poczujesz si\u0119 komfortowo, swobodnie i seksownie.<\/p>\n<p>O Bluzie:<\/p>\n<ul>\n<li>Bawe\u0142niana koszulka<\/li>\n<li>Dekolt w kszta\u0142cie litery V z mankietem<\/li>\n<li>Haft 3D Peach Pump<\/li>\n<li>Lu\u017any kr\u00f3j<\/li>\n<li>Kr\u00f3tki r\u0119kaw<\/li>\n<\/ul>\n<p>O Szortach:<\/p>\n<ul>\n<li>Bawe\u0142niane szorty<\/li>\n<li>Efektowny kr\u00f3j<\/li>\n<li>Kieszenie z przodu<\/li>\n<li>Haftowane logo Peach Pump<\/li>\n<li>Wi\u0105zania do zaci\u015bni\u0119cia w talii<\/li>\n<\/ul>\n<p>Sk\u0142ad: 95% bawe\u0142na, 5% elastan<\/p>\n<p>Zestaw mo\u017cna pra\u0107 w temperaturze do 30 stopni, nie nale\u017cy u\u017cywa\u0107 wybielaczy ani czy\u015bci\u0107 chemicznie.<\/p>\n<p>Modelka na zdj\u0119ciu ma 170 wzrostu, wa\u017cy 49 kg i nosi bluze w rozmiarze S i szorty w rozmiarze S.<\/p>\n<p>Aby wybra\u0107 dok\u0142adny rozmiar, skorzystaj z tabel rozmiarowych.<\/p>\n","protected":false},"excerpt":{"rendered":"<p>Sportowy zestaw, bluza z szortami w kolorze jasnoniebieskim. Koszulka ma kr\u00f3tkie r\u0119kawy, ostry dekolt w kszta\u0142cie litery V z mankietem i haft 3D Peach Pump. Szorty maj\u0105 kieszenie z przodu i haft Peach Pump, maj\u0105 wi\u0105zania, kt\u00f3re mog\u0105 zacisn\u0105\u0107 tali\u0119 dla wi\u0119kszego komfortu i wygody podczas treningu. Sportowy model Peach Pump z limitowanej edycji, w [&hellip;]<\/p>\n","protected":false},"featured_media":76880,"comment_status":"open","ping_status":"closed","template":"","meta":[],"product_brand":[],"product_cat":[362,363],"product_tag":[],"class_list":{"0":"post-78460","1":"product","2":"type-product","3":"status-publish","4":"has-post-thumbnail","6":"product_cat-komplety-sportowe-damskie","7":"product_cat-krotkie-komplet-legginsy","8":"pa_cviat-niebieski","9":"inventories-world","10":"inventories-uk","12":"first","13":"instock","14":"sale","15":"taxable","16":"shipping-taxable","17":"purchasable","18":"product-type-yith_bundle"},"_links":{"self":[{"href":"https:\/\/staging5.peach-pump.com\/pl\/wp-json\/wp\/v2\/product\/78460","targetHints":{"allow":["GET"]}}],"collection":[{"href":"https:\/\/staging5.peach-pump.com\/pl\/wp-json\/wp\/v2\/product"}],"about":[{"href":"https:\/\/staging5.peach-pump.com\/pl\/wp-json\/wp\/v2\/types\/product"}],"replies":[{"embeddable":true,"href":"https:\/\/staging5.peach-pump.com\/pl\/wp-json\/wp\/v2\/comments?post=78460"}],"version-history":[{"count":1,"href":"https:\/\/staging5.peach-pump.com\/pl\/wp-json\/wp\/v2\/product\/78460\/revisions"}],"predecessor-version":[{"id":104159,"href":"https:\/\/staging5.peach-pump.com\/pl\/wp-json\/wp\/v2\/product\/78460\/revisions\/104159"}],"wp:featuredmedia":[{"embeddable":true,"href":"https:\/\/staging5.peach-pump.com\/pl\/wp-json\/wp\/v2\/media\/76880"}],"wp:attachment":[{"href":"https:\/\/staging5.peach-pump.com\/pl\/wp-json\/wp\/v2\/media?parent=78460"}],"wp:term":[{"taxonomy":"product_brand","embeddable":true,"href":"https:\/\/staging5.peach-pump.com\/pl\/wp-json\/wp\/v2\/product_brand?post=78460"},{"taxonomy":"product_cat","embeddable":true,"href":"https:\/\/staging5.peach-pump.com\/pl\/wp-json\/wp\/v2\/product_cat?post=78460"},{"taxonomy":"product_tag","embeddable":true,"href":"https:\/\/staging5.peach-pump.com\/pl\/wp-json\/wp\/v2\/product_tag?post=78460"}],"curies":[{"name":"wp","href":"https:\/\/api.w.org\/{rel}","templated":true}]}}